{"id":8666,"date":"2024-05-23T02:16:00","date_gmt":"2024-05-23T02:16:00","guid":{"rendered":"https:\/\/runmefit.com\/contacta-con-nosotros\/hazte-concesionario-o-distribuidor-oficial-de-runmefit\/"},"modified":"2024-08-05T09:16:11","modified_gmt":"2024-08-05T09:16:11","slug":"hazte-concesionario-o-distribuidor-oficial-de-runmefit","status":"publish","type":"page","link":"https:\/\/runmefit.com\/es\/contactanos\/hazte-concesionario-o-distribuidor-oficial-de-runmefit\/","title":{"rendered":"Hazte concesionario o distribuidor oficial de Runmefit"},"content":{"rendered":"\t\t<div data-elementor-type=\"wp-page\" data-elementor-id=\"8666\" class=\"elementor elementor-8666 elementor-909\" data-elementor-post-type=\"page\">\n\t\t\t\t\t\t<section class=\"elementor-section elementor-top-section elementor-element elementor-element-3586b09 elementor-section-boxed elementor-section-height-default elementor-section-height-default\" data-id=\"3586b09\" data-element_type=\"section\" data-e-type=\"section\">\n\t\t\t\t\t\t<div class=\"elementor-container elementor-column-gap-default\">\n\t\t\t\t\t<div class=\"elementor-column elementor-col-100 elementor-top-column elementor-element elementor-element-480943c\" data-id=\"480943c\" data-element_type=\"column\" data-e-type=\"column\">\n\t\t\t<div class=\"elementor-widget-wrap elementor-element-populated\">\n\t\t\t\t\t\t<div class=\"elementor-element elementor-element-786f0e4 elementor-widget elementor-widget-heading\" data-id=\"786f0e4\" data-element_type=\"widget\" data-e-type=\"widget\" data-widget_type=\"heading.default\">\n\t\t\t\t<div class=\"elementor-widget-container\">\n\t\t\t\t\t<h2 class=\"elementor-heading-title elementor-size-default\">Hazte concesionario o distribuidor oficial de Runmefit  <\/h2>\t\t\t\t<\/div>\n\t\t\t\t<\/div>\n\t\t\t\t<div class=\"elementor-element elementor-element-ef61591 elementor-widget elementor-widget-text-editor\" data-id=\"ef61591\" data-element_type=\"widget\" data-e-type=\"widget\" data-widget_type=\"text-editor.default\">\n\t\t\t\t<div class=\"elementor-widget-container\">\n\t\t\t\t\t\t\t\t\t<h3 class=\"rich-text__heading rte inline-richtext h0 scroll-trigger animate--slide-in\"><strong>Eleva tu bienestar, potencia cada carrera<\/strong><\/h3>\n<div class=\"rich-text__text rte scroll-trigger animate--slide-in\" data-cascade=\"\">\n<p>No es s\u00f3lo nuestro eslogan; es la esencia de nuestro compromiso.<br \/>\nRunmefit est\u00e1 dise\u00f1ado para todo el mundo: desde el atleta \u00e1vido hasta el corredor matutino, el aventurero de fin de semana y quienes buscan estar en sinton\u00eda con su salud.<br \/>\nCreamos tecnolog\u00eda que motiva, inspira y apoya cada paso y cada latido de tu camino hacia la salud.  <\/p>\n<h3 class=\"image-with-text__heading inline-richtext h1\"><strong>Acerca de Runmefit<\/strong><\/h3>\n<div class=\"image-with-text__text rte subtitle\">\n<p>Fundada en 2015, Runmefit surgi\u00f3 de la visi\u00f3n de tender un puente entre la concienciaci\u00f3n sobre la salud cotidiana y la tecnolog\u00eda de fitness accesible y avanzada.<br \/>\nNuestros productos -relojes inteligentes y dispositivos de seguimiento de la actividad- no son meros artilugios.<br \/>\nSon compa\u00f1eros de bienestar personal, que ofrecen informaci\u00f3n sobre par\u00e1metros de salud como la frecuencia cardiaca y los niveles de ox\u00edgeno en sangre, que antes s\u00f3lo estaban al alcance de los profesionales.  <\/p>\n<h3 class=\"image-with-text__heading inline-richtext h1\"><strong>Nuestra misi\u00f3n<\/strong><\/h3>\n<div class=\"image-with-text__text rte subtitle\">\n<p>Capacitar a personas de todo el mundo para que tomen el control de su salud y su forma f\u00edsica, proporcion\u00e1ndoles las herramientas y el apoyo necesarios para mejorar su bienestar con cada carrera.<br \/>\nRunmefit se encuentra en la intersecci\u00f3n de la salud y la tecnolog\u00eda, creando un mundo en el que el bienestar personal sea alcanzable para todos.<br \/>\n\u00danete a nosotros en este viaje y, juntos, transformemos tu salud, carrera a carrera.  <\/p>\n<\/div>\n<\/div>\n<\/div>\n\t\t\t\t\t\t\t\t<\/div>\n\t\t\t\t<\/div>\n\t\t\t\t\t<\/div>\n\t\t<\/div>\n\t\t\t\t\t<\/div>\n\t\t<\/section>\n\t\t\t\t<section class=\"elementor-section elementor-top-section elementor-element elementor-element-445cd9af elementor-section-content-top elementor-section-boxed elementor-section-height-default elementor-section-height-default\" data-id=\"445cd9af\" data-element_type=\"section\" data-e-type=\"section\" data-settings=\"{&quot;background_background&quot;:&quot;classic&quot;}\">\n\t\t\t\t\t\t<div class=\"elementor-container elementor-column-gap-default\">\n\t\t\t\t\t<div class=\"elementor-column elementor-col-50 elementor-top-column elementor-element elementor-element-209c05e\" data-id=\"209c05e\" data-element_type=\"column\" data-e-type=\"column\">\n\t\t\t<div class=\"elementor-widget-wrap elementor-element-populated\">\n\t\t\t\t\t\t<div class=\"elementor-element elementor-element-1c18585 elementor-widget elementor-widget-heading\" data-id=\"1c18585\" data-element_type=\"widget\" data-e-type=\"widget\" data-widget_type=\"heading.default\">\n\t\t\t\t<div class=\"elementor-widget-container\">\n\t\t\t\t\t<h2 class=\"elementor-heading-title elementor-size-default\">Solicitar ahora<\/h2>\t\t\t\t<\/div>\n\t\t\t\t<\/div>\n\t\t\t\t<div class=\"elementor-element elementor-element-ad86864 elementor-widget elementor-widget-text-editor\" data-id=\"ad86864\" data-element_type=\"widget\" data-e-type=\"widget\" data-widget_type=\"text-editor.default\">\n\t\t\t\t<div class=\"elementor-widget-container\">\n\t\t\t\t\t\t\t\t\t<p>\u00a1Ampl\u00eda tu negocio con los innovadores smartwatches de Runmefit!<br \/>\n\u00danete a nosotros como vendedor o distribuidor oficial y ofrece a tus clientes dispositivos elegantes y repletos de funciones que se adaptan a los entusiastas del fitness, a los amantes de la tecnolog\u00eda y a los usuarios cotidianos.<br \/>\nBenef\u00edciate de precios competitivos, apoyo de marketing y una marca conocida por su excelencia y fiabilidad.<br \/>\nCrece con Runmefit: \u00a1contacta con nosotros hoy mismo para convertirte en distribuidor!   <\/p>\n<article class=\"4ever-article\" data-clipboard-cangjie=\"[\"root\",{},[\"p\",{\"ind\":{\"left\":0,\"right\":0},\"jc\":\"justify\",\"keepLines\":false,\"keepNext\":false,\"rPr\":{\"bold\":true,\"fonts\":{\"ascii\":\"Calibri\",\"cs\":\"Calibri\",\"eastAsia\":\"\u5fae\u8f6f\u96c5\u9ed1\",\"hAnsi\":\"Calibri\",\"hint\":\"default\"},\"sz\":12,\"szUnit\":\"pt\"},\"spacing\":{\"after\":\"0pt\",\"afterAutospacing\":false,\"before\":\"0pt\",\"beforeAutospacing\":false},\"windowControl\":false},[\"span\",{\"data-type\":\"text\"},[\"span\",{\"bold\":true,\"fonts\":{\"ascii\":\"Calibri\",\"cs\":\"Calibri\",\"eastAsia\":\"\u5fae\u8f6f\u96c5\u9ed1\",\"hAnsi\":\"Calibri\",\"hint\":\"default\"},\"kern\":1,\"sz\":12,\"szUnit\":\"pt\",\"data-type\":\"leaf\"},\"Profitable Smart Watch Business\"]]]]\">\n<ul>\n<li><strong>Negocio rentable: Garantizamos a los socios beneficios en el precio de los productos<\/strong><\/li>\n<li class=\"4ever-article\" data-clipboard-cangjie=\"[\"root\",{},[\"p\",{\"ind\":{\"left\":0,\"right\":0},\"jc\":\"justify\",\"keepLines\":false,\"keepNext\":false,\"rPr\":{\"bold\":true,\"fonts\":{\"ascii\":\"Calibri\",\"cs\":\"Calibri\",\"eastAsia\":\"\u5fae\u8f6f\u96c5\u9ed1\",\"hAnsi\":\"Calibri\",\"hint\":\"default\"},\"sz\":12,\"szUnit\":\"pt\"},\"spacing\":{\"after\":\"0pt\",\"afterAutospacing\":false,\"before\":\"0pt\",\"beforeAutospacing\":false},\"windowControl\":false},[\"span\",{\"data-type\":\"text\"},[\"span\",{\"bold\":true,\"fonts\":{\"ascii\":\"Calibri\",\"cs\":\"Calibri\",\"eastAsia\":\"\u5fae\u8f6f\u96c5\u9ed1\",\"hAnsi\":\"Calibri\",\"hint\":\"default\"},\"kern\":1,\"sz\":12,\"szUnit\":\"pt\",\"data-type\":\"leaf\"},\"Reliable Manufacturing\"]]]]\">\n<p><strong>Fabricaci\u00f3n fiable: Los productos son fabricados por la f\u00e1brica Runmefit de forma artesanal, para garantizar la m\u00e1xima calidad<\/strong><\/p>\n<\/li>\n<\/ul>\n<\/article>\n<article class=\"4ever-article\" data-clipboard-cangjie=\"[\"root\",{},[\"p\",{\"ind\":{\"left\":0,\"right\":0},\"jc\":\"justify\",\"keepLines\":false,\"keepNext\":false,\"rPr\":{\"bold\":true,\"fonts\":{\"ascii\":\"Calibri\",\"cs\":\"Calibri\",\"eastAsia\":\"\u5fae\u8f6f\u96c5\u9ed1\",\"hAnsi\":\"Calibri\",\"hint\":\"default\"},\"sz\":12,\"szUnit\":\"pt\"},\"spacing\":{\"after\":\"0pt\",\"afterAutospacing\":false,\"before\":\"0pt\",\"beforeAutospacing\":false},\"windowControl\":false},[\"span\",{\"data-type\":\"text\"},[\"span\",{\"bold\":true,\"fonts\":{\"ascii\":\"Calibri\",\"cs\":\"Calibri\",\"eastAsia\":\"\u5fae\u8f6f\u96c5\u9ed1\",\"hAnsi\":\"Calibri\",\"hint\":\"default\"},\"kern\":1,\"sz\":12,\"szUnit\":\"pt\",\"data-type\":\"leaf\"},\"Powerful Support\"]]]]\">\n<ul>\n<li><strong>Apoyo potente: Desde material de marketing y consultor\u00eda empresarial 1-1;<\/strong><\/li>\n<\/ul>\n<article class=\"4ever-article\" data-clipboard-cangjie=\"[\"root\",{},[\"p\",{\"ind\":{\"left\":0,\"right\":0},\"jc\":\"justify\",\"keepLines\":false,\"keepNext\":false,\"rPr\":{\"bold\":true,\"fonts\":{\"ascii\":\"Calibri\",\"cs\":\"Calibri\",\"eastAsia\":\"\u5fae\u8f6f\u96c5\u9ed1\",\"hAnsi\":\"Calibri\",\"hint\":\"default\"},\"sz\":12,\"szUnit\":\"pt\"},\"spacing\":{\"after\":\"0pt\",\"afterAutospacing\":false,\"before\":\"0pt\",\"beforeAutospacing\":false},\"windowControl\":false},[\"span\",{\"data-type\":\"text\"},[\"span\",{\"bold\":true,\"fonts\":{\"ascii\":\"Calibri\",\"cs\":\"Calibri\",\"eastAsia\":\"\u5fae\u8f6f\u96c5\u9ed1\",\"hAnsi\":\"Calibri\",\"hint\":\"default\"},\"kern\":1,\"sz\":12,\"szUnit\":\"pt\",\"data-type\":\"leaf\"},\"Exclusive Distributor Opportunity\"]]]]\">\n<ul>\n<li><strong>Oportunidad de Distribuidor Exclusivo: Estamos abiertos a la distribuci\u00f3n exclusiva en determinados pa\u00edses.<\/strong><\/li>\n<\/ul>\n<article class=\"4ever-article\" data-clipboard-cangjie=\"[\"root\",{},[\"p\",{\"ind\":{\"left\":0,\"right\":0},\"jc\":\"justify\",\"keepLines\":false,\"keepNext\":false,\"rPr\":{\"bold\":true,\"fonts\":{\"ascii\":\"Calibri\",\"cs\":\"Calibri\",\"eastAsia\":\"\u5fae\u8f6f\u96c5\u9ed1\",\"hAnsi\":\"Calibri\",\"hint\":\"default\"},\"sz\":12,\"szUnit\":\"pt\"},\"spacing\":{\"after\":\"0pt\",\"afterAutospacing\":false,\"before\":\"0pt\",\"beforeAutospacing\":false},\"windowControl\":false},[\"span\",{\"data-type\":\"text\"},[\"span\",{\"bold\":true,\"fonts\":{\"ascii\":\"Calibri\",\"cs\":\"Calibri\",\"eastAsia\":\"\u5fae\u8f6f\u96c5\u9ed1\",\"hAnsi\":\"Calibri\",\"hint\":\"default\"},\"kern\":1,\"sz\":12,\"szUnit\":\"pt\",\"data-type\":\"leaf\"},\"Grow with Runmefit\"]]]]\">\n<ul>\n<li><strong>Crece con Runmefit: Comparte el crecimiento de la marca Runmefit, una nueva estrella emergente en el sector de los wearables inteligentes y las soluciones de fitness.<\/strong><\/li>\n<\/ul>\n<\/article>\n<\/article>\n<\/article>\n\t\t\t\t\t\t\t\t<\/div>\n\t\t\t\t<\/div>\n\t\t\t\t\t<\/div>\n\t\t<\/div>\n\t\t\t\t<div class=\"elementor-column elementor-col-50 elementor-top-column elementor-element elementor-element-527d2de1\" data-id=\"527d2de1\" data-element_type=\"column\" data-e-type=\"column\">\n\t\t\t<div class=\"elementor-widget-wrap elementor-element-populated\">\n\t\t\t\t\t\t<div class=\"elementor-element elementor-element-560dc53a elementor-button-align-stretch elementor-widget elementor-widget-form\" data-id=\"560dc53a\" data-element_type=\"widget\" data-e-type=\"widget\" data-settings=\"{&quot;step_next_label&quot;:&quot;Siguiente&quot;,&quot;step_previous_label&quot;:&quot;Anterior&quot;,&quot;button_width&quot;:&quot;100&quot;,&quot;step_type&quot;:&quot;number_text&quot;,&quot;step_icon_shape&quot;:&quot;circle&quot;}\" data-widget_type=\"form.default\">\n\t\t\t\t<div class=\"elementor-widget-container\">\n\t\t\t\t\t\t\t<form class=\"elementor-form\" method=\"post\" name=\"Nuevo formulario\" aria-label=\"Nuevo formulario\">\n\t\t\t<input type=\"hidden\" name=\"post_id\" value=\"8666\"\/>\n\t\t\t<input type=\"hidden\" name=\"form_id\" value=\"560dc53a\"\/>\n\t\t\t<input type=\"hidden\" name=\"referer_title\" value=\"Hazte concesionario o distribuidor oficial de Runmefit\" \/>\n\n\t\t\t\t\t\t\t<input type=\"hidden\" name=\"queried_id\" value=\"8666\"\/>\n\t\t\t\n\t\t\t<div class=\"elementor-form-fields-wrapper elementor-labels-above\">\n\t\t\t\t\t\t\t\t<div class=\"elementor-field-type-text elementor-field-group elementor-column elementor-field-group-name elementor-col-100\">\n\t\t\t\t\t\t\t\t\t\t\t\t<label for=\"form-field-name\" class=\"elementor-field-label\">\n\t\t\t\t\t\t\t\tNombre\t\t\t\t\t\t\t<\/label>\n\t\t\t\t\t\t\t\t\t\t\t\t\t\t<input size=\"1\" type=\"text\" name=\"form_fields[name]\" id=\"form-field-name\" class=\"elementor-field elementor-size-lg  elementor-field-textual\" placeholder=\"Nombre\">\n\t\t\t\t\t\t\t\t\t\t\t<\/div>\n\t\t\t\t\t\t\t\t<div class=\"elementor-field-type-email elementor-field-group elementor-column elementor-field-group-email elementor-col-100 elementor-field-required elementor-mark-required\">\n\t\t\t\t\t\t\t\t\t\t\t\t<label for=\"form-field-email\" class=\"elementor-field-label\">\n\t\t\t\t\t\t\t\tEnv\u00eda un correo electr\u00f3nico a\t\t\t\t\t\t\t<\/label>\n\t\t\t\t\t\t\t\t\t\t\t\t\t\t<input size=\"1\" type=\"email\" name=\"form_fields[email]\" id=\"form-field-email\" class=\"elementor-field elementor-size-lg  elementor-field-textual\" placeholder=\"Env\u00eda un correo electr\u00f3nico a\" required=\"required\">\n\t\t\t\t\t\t\t\t\t\t\t<\/div>\n\t\t\t\t\t\t\t\t<div class=\"elementor-field-type-textarea elementor-field-group elementor-column elementor-field-group-message elementor-col-100\">\n\t\t\t\t\t\t\t\t\t\t\t\t<label for=\"form-field-message\" class=\"elementor-field-label\">\n\t\t\t\t\t\t\t\tMensaje\t\t\t\t\t\t\t<\/label>\n\t\t\t\t\t\t<textarea class=\"elementor-field-textual elementor-field  elementor-size-lg\" name=\"form_fields[message]\" id=\"form-field-message\" rows=\"4\" placeholder=\"Por favor, proporciona detalles de tu negocio, como el nombre de la empresa, las marcas que distribuyes actualmente, los ingresos anuales y el sitio web de tu empresa\"><\/textarea>\t\t\t\t<\/div>\n\t\t\t\t\t\t\t\t<div class=\"elementor-field-type-select elementor-field-group elementor-column elementor-field-group-field_a380192 elementor-col-100 elementor-field-required elementor-mark-required\">\n\t\t\t\t\t\t\t\t\t\t\t\t<label for=\"form-field-field_a380192\" class=\"elementor-field-label\">\n\t\t\t\t\t\t\t\tPa\u00eds o regi\u00f3n\t\t\t\t\t\t\t<\/label>\n\t\t\t\t\t\t\t\t<div class=\"elementor-field elementor-select-wrapper remove-before \">\n\t\t\t<div class=\"select-caret-down-wrapper\">\n\t\t\t\t<i aria-hidden=\"true\" class=\"eicon-caret-down\"><\/i>\t\t\t<\/div>\n\t\t\t<select name=\"form_fields[field_a380192]\" id=\"form-field-field_a380192\" class=\"elementor-field-textual elementor-size-lg\" required=\"required\">\n\t\t\t\t\t\t\t\t\t<option value=\"Afganist\u00e1n Alemania Angola Arabia Saud\u00ed Argelia Argentina Australia Austria Azerbaiy\u00e1n Bangladesh Bielorrusia B\u00e9lgica Ben\u00edn Bolivia Brasil Burkina Faso Burundi Camboya Camer\u00fan Canad\u00e1 Chad Chile China Colombia Cuba Costa de Marfil Ecuador Egipto Etiop\u00eda Francia Ghana Grecia Guatemala Guinea Hait\u00ed Honduras Hungr\u00eda India Indonesia Ir\u00e1n Iraq Israel Italia Jap\u00f3n Jordania Kazajst\u00e1n Kenia Madagascar Malaui Malasia Mal\u00ed Marruecos M\u00e9xico Mozambique Myanmar Nepal N\u00edger Nigeria Pa\u00edses Bajos Pakist\u00e1n Pap\u00faa Nueva Guinea Polonia Portugal Rep\u00fablica Checa Rep\u00fablica Democr\u00e1tica del Congo Rep\u00fablica Dominicana Ruman\u00eda Ruanda Senegal Serbia Somalia Sud\u00e1frica Sud\u00e1n del Sur Sri Lanka Suecia Sud\u00e1n Siria Taiw\u00e1n Malasia Mal\u00ed Marruecos M\u00e9xico Mozambique Myanmar Nepal N\u00edger Nigeria Pa\u00edses Bajos Pakist\u00e1n Pap\u00faa Nueva Guinea Per\u00fa Polonia Portugal Reino Unido Rep\u00fablica Checa Rep\u00fablica Democr\u00e1tica del Congo Rep\u00fablica Dominicana Rep\u00fablica Unida de Tanzan\u00eda Rumania Rusia Rwanda Senegal Serbia Somalia Sri Lanka Sud\u00e1frica Sud\u00e1n Suecia Siria Taiw\u00e1n Tayikist\u00e1n Tailandia T\u00fanez Turqu\u00eda Ucrania Uganda Uzbekist\u00e1n Venezuela Vietnam Yemen Zambia Zimbabue Otros\">Afganist\u00e1n Alemania Angola Arabia Saud\u00ed Argelia Argentina Australia Austria Azerbaiy\u00e1n Bangladesh Bielorrusia B\u00e9lgica Ben\u00edn Bolivia Brasil Burkina Faso Burundi Camboya Camer\u00fan Canad\u00e1 Chad Chile China Colombia Cuba Costa de Marfil Ecuador Egipto Etiop\u00eda Francia Ghana Grecia Guatemala Guinea Hait\u00ed Honduras Hungr\u00eda India Indonesia Ir\u00e1n Iraq Israel Italia Jap\u00f3n Jordania Kazajst\u00e1n Kenia Madagascar Malaui Malasia Mal\u00ed Marruecos M\u00e9xico Mozambique Myanmar Nepal N\u00edger Nigeria Pa\u00edses Bajos Pakist\u00e1n Pap\u00faa Nueva Guinea Polonia Portugal Rep\u00fablica Checa Rep\u00fablica Democr\u00e1tica del Congo Rep\u00fablica Dominicana Ruman\u00eda Ruanda Senegal Serbia Somalia Sud\u00e1frica Sud\u00e1n del Sur Sri Lanka Suecia Sud\u00e1n Siria Taiw\u00e1n Malasia Mal\u00ed Marruecos M\u00e9xico Mozambique Myanmar Nepal N\u00edger Nigeria Pa\u00edses Bajos Pakist\u00e1n Pap\u00faa Nueva Guinea Per\u00fa Polonia Portugal Reino Unido Rep\u00fablica Checa Rep\u00fablica Democr\u00e1tica del Congo Rep\u00fablica Dominicana Rep\u00fablica Unida de Tanzan\u00eda Rumania Rusia Rwanda Senegal Serbia Somalia Sri Lanka Sud\u00e1frica Sud\u00e1n Suecia Siria Taiw\u00e1n Tayikist\u00e1n Tailandia T\u00fanez Turqu\u00eda Ucrania Uganda Uzbekist\u00e1n Venezuela Vietnam Yemen Zambia Zimbabue Otros<\/option>\n\t\t\t\t\t\t\t<\/select>\n\t\t<\/div>\n\t\t\t\t\t\t<\/div>\n\t\t\t\t\t\t\t\t<div class=\"elementor-field-type-select elementor-field-group elementor-column elementor-field-group-field_c0058bb elementor-col-100 elementor-field-required elementor-mark-required\">\n\t\t\t\t\t\t\t\t\t\t\t\t<label for=\"form-field-field_c0058bb\" class=\"elementor-field-label\">\n\t\t\t\t\t\t\t\t\u00bfTienes experiencia en la venta de electr\u00f3nica de consumo?\t\t\t\t\t\t\t<\/label>\n\t\t\t\t\t\t\t\t<div class=\"elementor-field elementor-select-wrapper remove-before \">\n\t\t\t<div class=\"select-caret-down-wrapper\">\n\t\t\t\t<i aria-hidden=\"true\" class=\"eicon-caret-down\"><\/i>\t\t\t<\/div>\n\t\t\t<select name=\"form_fields[field_c0058bb]\" id=\"form-field-field_c0058bb\" class=\"elementor-field-textual elementor-size-lg\" required=\"required\">\n\t\t\t\t\t\t\t\t\t<option value=\"S\u00ed No\">S\u00ed No<\/option>\n\t\t\t\t\t\t\t<\/select>\n\t\t<\/div>\n\t\t\t\t\t\t<\/div>\n\t\t\t\t\t\t\t\t<div class=\"elementor-field-type-recaptcha_v3 elementor-field-group elementor-column elementor-field-group-field_80ac2c7 elementor-col-100 recaptcha_v3-bottomright\">\n\t\t\t\t\t<div class=\"elementor-field\" id=\"form-field-field_80ac2c7\"><div class=\"elementor-g-recaptcha\" data-sitekey=\"6LdNqLYpAAAAAEYP-BYym3pk58UYpbhLRD0D_jT_\" data-type=\"v3\" data-action=\"Form\" data-badge=\"bottomright\" data-size=\"invisible\"><\/div><\/div>\t\t\t\t<\/div>\n\t\t\t\t\t\t\t\t<div class=\"elementor-field-group elementor-column elementor-field-type-submit elementor-col-100 e-form__buttons\">\n\t\t\t\t\t<button class=\"elementor-button elementor-size-lg\" type=\"submit\">\n\t\t\t\t\t\t<span class=\"elementor-button-content-wrapper\">\n\t\t\t\t\t\t\t\t\t\t\t\t\t\t\t<span class=\"elementor-button-icon\">\n\t\t\t\t\t\t\t\t\t<i aria-hidden=\"true\" class=\"far fa-arrow-alt-circle-right\"><\/i>\t\t\t\t\t\t\t\t\t\t\t\t\t\t\t\t\t<\/span>\n\t\t\t\t\t\t\t\t\t\t\t\t\t\t\t\t\t\t\t\t\t\t<span class=\"elementor-button-text\">Solicitar ahora<\/span>\n\t\t\t\t\t\t\t\t\t\t\t\t\t<\/span>\n\t\t\t\t\t<\/button>\n\t\t\t\t<\/div>\n\t\t\t<\/div>\n\t\t<\/form>\n\t\t\t\t\t\t<\/div>\n\t\t\t\t<\/div>\n\t\t\t\t\t<\/div>\n\t\t<\/div>\n\t\t\t\t\t<\/div>\n\t\t<\/section>\n\t\t\t\t<\/div>\n\t\t","protected":false},"excerpt":{"rendered":"<p>Hazte concesionario o distribuidor oficial de Runmefit Eleva tu bienestar, potencia cada carrera No es s\u00f3lo nuestro eslogan; es la esencia de nuestro compromiso. Runmefit est\u00e1 dise\u00f1ado para todo el mundo: desde el atleta \u00e1vido hasta el corredor matutino, el aventurero de fin de semana y quienes buscan estar en sinton\u00eda con su salud. Creamos [&hellip;]<\/p>\n","protected":false},"author":1,"featured_media":0,"parent":8401,"menu_order":0,"comment_status":"closed","ping_status":"closed","template":"","meta":{"_seopress_robots_primary_cat":"","_seopress_titles_title":"Hazte concesionario o distribuidor de Runmefit","_seopress_titles_desc":"Solicita ahora unirte a la red Runmefit como concesionario o distribuidor.\n\u00a1Ampl\u00eda tu cartera con nuestros productos innovadores! ","_seopress_robots_index":"","footnotes":""},"class_list":["post-8666","page","type-page","status-publish","hentry"],"_links":{"self":[{"href":"https:\/\/runmefit.com\/es\/wp-json\/wp\/v2\/pages\/8666","targetHints":{"allow":["GET"]}}],"collection":[{"href":"https:\/\/runmefit.com\/es\/wp-json\/wp\/v2\/pages"}],"about":[{"href":"https:\/\/runmefit.com\/es\/wp-json\/wp\/v2\/types\/page"}],"author":[{"embeddable":true,"href":"https:\/\/runmefit.com\/es\/wp-json\/wp\/v2\/users\/1"}],"replies":[{"embeddable":true,"href":"https:\/\/runmefit.com\/es\/wp-json\/wp\/v2\/comments?post=8666"}],"version-history":[{"count":0,"href":"https:\/\/runmefit.com\/es\/wp-json\/wp\/v2\/pages\/8666\/revisions"}],"up":[{"embeddable":true,"href":"https:\/\/runmefit.com\/es\/wp-json\/wp\/v2\/pages\/8401"}],"wp:attachment":[{"href":"https:\/\/runmefit.com\/es\/wp-json\/wp\/v2\/media?parent=8666"}],"curies":[{"name":"wp","href":"https:\/\/api.w.org\/{rel}","templated":true}]}}