{"id":13237,"date":"2024-05-23T02:16:00","date_gmt":"2024-05-23T02:16:00","guid":{"rendered":"https:\/\/runmefit.com\/diventa-rivenditore-o-distributore-ufficiale-runmefit\/"},"modified":"2025-02-07T02:54:18","modified_gmt":"2025-02-07T02:54:18","slug":"diventa-rivenditore-o-distributore-ufficiale-runmefit","status":"publish","type":"page","link":"https:\/\/runmefit.com\/it\/contattaci\/diventa-rivenditore-o-distributore-ufficiale-runmefit\/","title":{"rendered":"Diventa rivenditore o distributore ufficiale di Runmefit"},"content":{"rendered":"\t\t<div data-elementor-type=\"wp-page\" data-elementor-id=\"13237\" class=\"elementor elementor-13237 elementor-909\" data-elementor-post-type=\"page\">\n\t\t\t\t\t\t<section class=\"elementor-section elementor-top-section elementor-element elementor-element-3586b09 elementor-section-boxed elementor-section-height-default elementor-section-height-default\" data-id=\"3586b09\" data-element_type=\"section\" data-e-type=\"section\">\n\t\t\t\t\t\t<div class=\"elementor-container elementor-column-gap-default\">\n\t\t\t\t\t<div class=\"elementor-column elementor-col-100 elementor-top-column elementor-element elementor-element-480943c\" data-id=\"480943c\" data-element_type=\"column\" data-e-type=\"column\">\n\t\t\t<div class=\"elementor-widget-wrap elementor-element-populated\">\n\t\t\t\t\t\t<div class=\"elementor-element elementor-element-786f0e4 elementor-widget elementor-widget-heading\" data-id=\"786f0e4\" data-element_type=\"widget\" data-e-type=\"widget\" data-widget_type=\"heading.default\">\n\t\t\t\t<div class=\"elementor-widget-container\">\n\t\t\t\t\t<h2 class=\"elementor-heading-title elementor-size-default\">Diventa rivenditore o distributore ufficiale di Runmefit\n<\/h2>\t\t\t\t<\/div>\n\t\t\t\t<\/div>\n\t\t\t\t<div class=\"elementor-element elementor-element-ef61591 elementor-widget elementor-widget-text-editor\" data-id=\"ef61591\" data-element_type=\"widget\" data-e-type=\"widget\" data-widget_type=\"text-editor.default\">\n\t\t\t\t<div class=\"elementor-widget-container\">\n\t\t\t\t\t\t\t\t\t<h3 class=\"rich-text__heading rte inline-richtext h0 scroll-trigger animate--slide-in\"><strong>Eleva il tuo benessere, dai forza ad ogni corsa<\/strong><\/h3>\n<div class=\"rich-text__text rte scroll-trigger animate--slide-in\" data-cascade=\"\">\n<p>Non \u00e8 solo il nostro slogan, \u00e8 l&#8217;essenza del nostro impegno. Runmefit \u00e8 pensato per tutti: dall&#8217;atleta accanito al jogger mattutino, dall&#8217;avventuriero del fine settimana a chi cerca di rimanere in sintonia con la propria salute. Creiamo una tecnologia che motiva, ispira e supporta ogni passo e battito del tuo percorso di salute.  <\/p>\n<h3 class=\"image-with-text__heading inline-richtext h1\"><strong>Informazioni su Runmefit<\/strong><\/h3>\n<div class=\"image-with-text__text rte subtitle\">\n<p>Fondata nel 2015, Runmefit \u00e8 nata dall&#8217;idea di colmare il divario tra la consapevolezza della salute di tutti i giorni e una tecnologia di fitness avanzata e accessibile. I nostri prodotti, come gli smartwatch e gli activity tracker, non sono semplici gadget. Sono compagni di benessere personale, in grado di offrire informazioni su parametri di salute come la frequenza cardiaca e i livelli di ossigeno nel sangue, in precedenza disponibili solo per i professionisti. <\/p>\n<h3 class=\"image-with-text__heading inline-richtext h1\"><strong>La nostra missione<\/strong><\/h3>\n<div class=\"image-with-text__text rte subtitle\">\n<p>Dare la possibilit\u00e0 a persone di tutto il mondo di prendere il controllo del proprio percorso di salute e fitness, fornendo gli strumenti e il supporto necessari per migliorare il proprio benessere a ogni corsa. Runmefit si trova all&#8217;intersezione tra salute e tecnologia, creando un mondo in cui il benessere personale \u00e8 alla portata di tutti. Unisciti a noi in questo viaggio e, insieme, trasformiamo la tua salute, una corsa alla volta. <\/p>\n<\/div>\n<\/div>\n<\/div>\n\t\t\t\t\t\t\t\t<\/div>\n\t\t\t\t<\/div>\n\t\t\t\t\t<\/div>\n\t\t<\/div>\n\t\t\t\t\t<\/div>\n\t\t<\/section>\n\t\t\t\t<section class=\"elementor-section elementor-top-section elementor-element elementor-element-445cd9af elementor-section-content-top elementor-section-boxed elementor-section-height-default elementor-section-height-default\" data-id=\"445cd9af\" data-element_type=\"section\" data-e-type=\"section\" data-settings=\"{&quot;background_background&quot;:&quot;classic&quot;}\">\n\t\t\t\t\t\t<div class=\"elementor-container elementor-column-gap-default\">\n\t\t\t\t\t<div class=\"elementor-column elementor-col-50 elementor-top-column elementor-element elementor-element-209c05e\" data-id=\"209c05e\" data-element_type=\"column\" data-e-type=\"column\">\n\t\t\t<div class=\"elementor-widget-wrap elementor-element-populated\">\n\t\t\t\t\t\t<div class=\"elementor-element elementor-element-1c18585 elementor-widget elementor-widget-heading\" data-id=\"1c18585\" data-element_type=\"widget\" data-e-type=\"widget\" data-widget_type=\"heading.default\">\n\t\t\t\t<div class=\"elementor-widget-container\">\n\t\t\t\t\t<h2 class=\"elementor-heading-title elementor-size-default\">Candidati ora<\/h2>\t\t\t\t<\/div>\n\t\t\t\t<\/div>\n\t\t\t\t<div class=\"elementor-element elementor-element-ad86864 elementor-widget elementor-widget-text-editor\" data-id=\"ad86864\" data-element_type=\"widget\" data-e-type=\"widget\" data-widget_type=\"text-editor.default\">\n\t\t\t\t<div class=\"elementor-widget-container\">\n\t\t\t\t\t\t\t\t\t<p>Espandi il tuo business con gli innovativi smartwatch di Runmefit! Unisciti a noi come rivenditore o distributore ufficiale e offri ai tuoi clienti dispositivi eleganti e ricchi di funzionalit\u00e0 che si rivolgono agli appassionati di fitness, agli amanti della tecnologia e agli utenti di tutti i giorni. Approfitta dei prezzi competitivi, del supporto marketing e di un marchio noto per l&#8217;eccellenza e l&#8217;affidabilit\u00e0.   Cresci con Runmefit: contattaci oggi stesso per diventare rivenditore o distributore!<\/p>\n<article class=\"4ever-article\" data-clipboard-cangjie=\"[\"root\",{},[\"p\",{\"ind\":{\"left\":0,\"right\":0},\"jc\":\"justify\",\"keepLines\":false,\"keepNext\":false,\"rPr\":{\"bold\":true,\"fonts\":{\"ascii\":\"Calibri\",\"cs\":\"Calibri\",\"eastAsia\":\"\u5fae\u8f6f\u96c5\u9ed1\",\"hAnsi\":\"Calibri\",\"hint\":\"default\"},\"sz\":12,\"szUnit\":\"pt\"},\"spacing\":{\"after\":\"0pt\",\"afterAutospacing\":false,\"before\":\"0pt\",\"beforeAutospacing\":false},\"windowControl\":false},[\"span\",{\"data-type\":\"text\"},[\"span\",{\"bold\":true,\"fonts\":{\"ascii\":\"Calibri\",\"cs\":\"Calibri\",\"eastAsia\":\"\u5fae\u8f6f\u96c5\u9ed1\",\"hAnsi\":\"Calibri\",\"hint\":\"default\"},\"kern\":1,\"sz\":12,\"szUnit\":\"pt\",\"data-type\":\"leaf\"},\"Profitable Smart Watch Business\"]]]]\">\n<ul>\n<li><strong>Business redditizio: Garantiamo ai partner vantaggi sui prezzi dei prodotti<\/strong><\/li>\n<li class=\"4ever-article\" data-clipboard-cangjie=\"[\"root\",{},[\"p\",{\"ind\":{\"left\":0,\"right\":0},\"jc\":\"justify\",\"keepLines\":false,\"keepNext\":false,\"rPr\":{\"bold\":true,\"fonts\":{\"ascii\":\"Calibri\",\"cs\":\"Calibri\",\"eastAsia\":\"\u5fae\u8f6f\u96c5\u9ed1\",\"hAnsi\":\"Calibri\",\"hint\":\"default\"},\"sz\":12,\"szUnit\":\"pt\"},\"spacing\":{\"after\":\"0pt\",\"afterAutospacing\":false,\"before\":\"0pt\",\"beforeAutospacing\":false},\"windowControl\":false},[\"span\",{\"data-type\":\"text\"},[\"span\",{\"bold\":true,\"fonts\":{\"ascii\":\"Calibri\",\"cs\":\"Calibri\",\"eastAsia\":\"\u5fae\u8f6f\u96c5\u9ed1\",\"hAnsi\":\"Calibri\",\"hint\":\"default\"},\"kern\":1,\"sz\":12,\"szUnit\":\"pt\",\"data-type\":\"leaf\"},\"Reliable Manufacturing\"]]]]\">\n<p><strong>Produzione affidabile: I prodotti sono realizzati dalla fabbrica Runmefit con cura artigianale, per garantire una qualit\u00e0 di alto livello<\/strong><\/p>\n<\/li>\n<\/ul>\n<\/article>\n<article class=\"4ever-article\" data-clipboard-cangjie=\"[\"root\",{},[\"p\",{\"ind\":{\"left\":0,\"right\":0},\"jc\":\"justify\",\"keepLines\":false,\"keepNext\":false,\"rPr\":{\"bold\":true,\"fonts\":{\"ascii\":\"Calibri\",\"cs\":\"Calibri\",\"eastAsia\":\"\u5fae\u8f6f\u96c5\u9ed1\",\"hAnsi\":\"Calibri\",\"hint\":\"default\"},\"sz\":12,\"szUnit\":\"pt\"},\"spacing\":{\"after\":\"0pt\",\"afterAutospacing\":false,\"before\":\"0pt\",\"beforeAutospacing\":false},\"windowControl\":false},[\"span\",{\"data-type\":\"text\"},[\"span\",{\"bold\":true,\"fonts\":{\"ascii\":\"Calibri\",\"cs\":\"Calibri\",\"eastAsia\":\"\u5fae\u8f6f\u96c5\u9ed1\",\"hAnsi\":\"Calibri\",\"hint\":\"default\"},\"kern\":1,\"sz\":12,\"szUnit\":\"pt\",\"data-type\":\"leaf\"},\"Powerful Support\"]]]]\">\n<ul>\n<li><strong>Un supporto potente: Dal materiale di marketing alla consulenza aziendale 1-1;<\/strong><\/li>\n<\/ul>\n<article class=\"4ever-article\" data-clipboard-cangjie=\"[\"root\",{},[\"p\",{\"ind\":{\"left\":0,\"right\":0},\"jc\":\"justify\",\"keepLines\":false,\"keepNext\":false,\"rPr\":{\"bold\":true,\"fonts\":{\"ascii\":\"Calibri\",\"cs\":\"Calibri\",\"eastAsia\":\"\u5fae\u8f6f\u96c5\u9ed1\",\"hAnsi\":\"Calibri\",\"hint\":\"default\"},\"sz\":12,\"szUnit\":\"pt\"},\"spacing\":{\"after\":\"0pt\",\"afterAutospacing\":false,\"before\":\"0pt\",\"beforeAutospacing\":false},\"windowControl\":false},[\"span\",{\"data-type\":\"text\"},[\"span\",{\"bold\":true,\"fonts\":{\"ascii\":\"Calibri\",\"cs\":\"Calibri\",\"eastAsia\":\"\u5fae\u8f6f\u96c5\u9ed1\",\"hAnsi\":\"Calibri\",\"hint\":\"default\"},\"kern\":1,\"sz\":12,\"szUnit\":\"pt\",\"data-type\":\"leaf\"},\"Exclusive Distributor Opportunity\"]]]]\">\n<ul>\n<li><strong>Opportunit\u00e0 di distribuzione esclusiva: Siamo aperti alla distribuzione esclusiva in alcuni paesi selezionati.<\/strong><\/li>\n<\/ul>\n<article class=\"4ever-article\" data-clipboard-cangjie=\"[\"root\",{},[\"p\",{\"ind\":{\"left\":0,\"right\":0},\"jc\":\"justify\",\"keepLines\":false,\"keepNext\":false,\"rPr\":{\"bold\":true,\"fonts\":{\"ascii\":\"Calibri\",\"cs\":\"Calibri\",\"eastAsia\":\"\u5fae\u8f6f\u96c5\u9ed1\",\"hAnsi\":\"Calibri\",\"hint\":\"default\"},\"sz\":12,\"szUnit\":\"pt\"},\"spacing\":{\"after\":\"0pt\",\"afterAutospacing\":false,\"before\":\"0pt\",\"beforeAutospacing\":false},\"windowControl\":false},[\"span\",{\"data-type\":\"text\"},[\"span\",{\"bold\":true,\"fonts\":{\"ascii\":\"Calibri\",\"cs\":\"Calibri\",\"eastAsia\":\"\u5fae\u8f6f\u96c5\u9ed1\",\"hAnsi\":\"Calibri\",\"hint\":\"default\"},\"kern\":1,\"sz\":12,\"szUnit\":\"pt\",\"data-type\":\"leaf\"},\"Grow with Runmefit\"]]]]\">\n<ul>\n<li><strong>Crescere con Runmefit: condividi la crescita del marchio Runmefit, un nuovo astro nascente nel settore degli indossabili intelligenti e delle soluzioni per il fitness.<\/strong><\/li>\n<\/ul>\n<\/article>\n<\/article>\n<\/article>\n\t\t\t\t\t\t\t\t<\/div>\n\t\t\t\t<\/div>\n\t\t\t\t\t<\/div>\n\t\t<\/div>\n\t\t\t\t<div class=\"elementor-column elementor-col-50 elementor-top-column elementor-element elementor-element-527d2de1\" data-id=\"527d2de1\" data-element_type=\"column\" data-e-type=\"column\">\n\t\t\t<div class=\"elementor-widget-wrap elementor-element-populated\">\n\t\t\t\t\t\t<div class=\"elementor-element elementor-element-560dc53a elementor-button-align-stretch elementor-widget elementor-widget-form\" data-id=\"560dc53a\" data-element_type=\"widget\" data-e-type=\"widget\" data-settings=\"{&quot;step_next_label&quot;:&quot;Next&quot;,&quot;step_previous_label&quot;:&quot;Previous&quot;,&quot;button_width&quot;:&quot;100&quot;,&quot;step_type&quot;:&quot;number_text&quot;,&quot;step_icon_shape&quot;:&quot;circle&quot;}\" data-widget_type=\"form.default\">\n\t\t\t\t<div class=\"elementor-widget-container\">\n\t\t\t\t\t\t\t<form class=\"elementor-form\" method=\"post\" name=\"New Form\" aria-label=\"New Form\">\n\t\t\t<input type=\"hidden\" name=\"post_id\" value=\"13237\"\/>\n\t\t\t<input type=\"hidden\" name=\"form_id\" value=\"560dc53a\"\/>\n\t\t\t<input type=\"hidden\" name=\"referer_title\" value=\"Diventa rivenditore o distributore ufficiale di Runmefit\" \/>\n\n\t\t\t\t\t\t\t<input type=\"hidden\" name=\"queried_id\" value=\"13237\"\/>\n\t\t\t\n\t\t\t<div class=\"elementor-form-fields-wrapper elementor-labels-above\">\n\t\t\t\t\t\t\t\t<div class=\"elementor-field-type-text elementor-field-group elementor-column elementor-field-group-name elementor-col-100\">\n\t\t\t\t\t\t\t\t\t\t\t\t<label for=\"form-field-name\" class=\"elementor-field-label\">\n\t\t\t\t\t\t\t\tNome\t\t\t\t\t\t\t<\/label>\n\t\t\t\t\t\t\t\t\t\t\t\t\t\t<input size=\"1\" type=\"text\" name=\"form_fields[name]\" id=\"form-field-name\" class=\"elementor-field elementor-size-lg  elementor-field-textual\" placeholder=\"Nome\">\n\t\t\t\t\t\t\t\t\t\t\t<\/div>\n\t\t\t\t\t\t\t\t<div class=\"elementor-field-type-email elementor-field-group elementor-column elementor-field-group-email elementor-col-100 elementor-field-required elementor-mark-required\">\n\t\t\t\t\t\t\t\t\t\t\t\t<label for=\"form-field-email\" class=\"elementor-field-label\">\n\t\t\t\t\t\t\t\tEmail\t\t\t\t\t\t\t<\/label>\n\t\t\t\t\t\t\t\t\t\t\t\t\t\t<input size=\"1\" type=\"email\" name=\"form_fields[email]\" id=\"form-field-email\" class=\"elementor-field elementor-size-lg  elementor-field-textual\" placeholder=\"Email\" required=\"required\">\n\t\t\t\t\t\t\t\t\t\t\t<\/div>\n\t\t\t\t\t\t\t\t<div class=\"elementor-field-type-textarea elementor-field-group elementor-column elementor-field-group-message elementor-col-100\">\n\t\t\t\t\t\t\t\t\t\t\t\t<label for=\"form-field-message\" class=\"elementor-field-label\">\n\t\t\t\t\t\t\t\tMessaggio\t\t\t\t\t\t\t<\/label>\n\t\t\t\t\t\t<textarea class=\"elementor-field-textual elementor-field  elementor-size-lg\" name=\"form_fields[message]\" id=\"form-field-message\" rows=\"4\" placeholder=\"Fornisci i dettagli della tua attivit\u00e0, come il nome dell&#039;azienda, i marchi attualmente distribuiti, il fatturato annuo e il sito web dell&#039;azienda.\"><\/textarea>\t\t\t\t<\/div>\n\t\t\t\t\t\t\t\t<div class=\"elementor-field-type-select elementor-field-group elementor-column elementor-field-group-field_a380192 elementor-col-100 elementor-field-required elementor-mark-required\">\n\t\t\t\t\t\t\t\t\t\t\t\t<label for=\"form-field-field_a380192\" class=\"elementor-field-label\">\n\t\t\t\t\t\t\t\tPaese o regione\t\t\t\t\t\t\t<\/label>\n\t\t\t\t\t\t\t\t<div class=\"elementor-field elementor-select-wrapper remove-before \">\n\t\t\t<div class=\"select-caret-down-wrapper\">\n\t\t\t\t<i aria-hidden=\"true\" class=\"eicon-caret-down\"><\/i>\t\t\t<\/div>\n\t\t\t<select name=\"form_fields[field_a380192]\" id=\"form-field-field_a380192\" class=\"elementor-field-textual elementor-size-lg\" required=\"required\">\n\t\t\t\t\t\t\t\t\t<option value=\"Afghanistan\">Afghanistan<\/option>\n\t\t\t\t\t\t\t\t\t<option value=\"Algeria\">Algeria<\/option>\n\t\t\t\t\t\t\t\t\t<option value=\"Angola\">Angola<\/option>\n\t\t\t\t\t\t\t\t\t<option value=\"Argentina\">Argentina<\/option>\n\t\t\t\t\t\t\t\t\t<option value=\"Australia\">Australia<\/option>\n\t\t\t\t\t\t\t\t\t<option value=\"Austria\">Austria<\/option>\n\t\t\t\t\t\t\t\t\t<option value=\"Azerbaigian\">Azerbaigian<\/option>\n\t\t\t\t\t\t\t\t\t<option value=\"Bangladesh\">Bangladesh<\/option>\n\t\t\t\t\t\t\t\t\t<option value=\"Bielorussia\">Bielorussia<\/option>\n\t\t\t\t\t\t\t\t\t<option value=\"Belgio\">Belgio<\/option>\n\t\t\t\t\t\t\t\t\t<option value=\"Benin\">Benin<\/option>\n\t\t\t\t\t\t\t\t\t<option value=\"Bolivia\">Bolivia<\/option>\n\t\t\t\t\t\t\t\t\t<option value=\"Brasile\">Brasile<\/option>\n\t\t\t\t\t\t\t\t\t<option value=\"Burkina Faso\">Burkina Faso<\/option>\n\t\t\t\t\t\t\t\t\t<option value=\"Burundi\">Burundi<\/option>\n\t\t\t\t\t\t\t\t\t<option value=\"Cambogia\">Cambogia<\/option>\n\t\t\t\t\t\t\t\t\t<option value=\"Camerun\">Camerun<\/option>\n\t\t\t\t\t\t\t\t\t<option value=\"Canada\">Canada<\/option>\n\t\t\t\t\t\t\t\t\t<option value=\"Chad\">Chad<\/option>\n\t\t\t\t\t\t\t\t\t<option value=\"Cile\">Cile<\/option>\n\t\t\t\t\t\t\t\t\t<option value=\"Cina\">Cina<\/option>\n\t\t\t\t\t\t\t\t\t<option value=\"Colombia\">Colombia<\/option>\n\t\t\t\t\t\t\t\t\t<option value=\"Cuba\">Cuba<\/option>\n\t\t\t\t\t\t\t\t\t<option value=\"Repubblica Ceca\">Repubblica Ceca<\/option>\n\t\t\t\t\t\t\t\t\t<option value=\"Costa d&#039;Avorio\">Costa d&#039;Avorio<\/option>\n\t\t\t\t\t\t\t\t\t<option value=\"Repubblica Democratica del Congo\">Repubblica Democratica del Congo<\/option>\n\t\t\t\t\t\t\t\t\t<option value=\"Repubblica Dominicana\">Repubblica Dominicana<\/option>\n\t\t\t\t\t\t\t\t\t<option value=\"Ecuador\">Ecuador<\/option>\n\t\t\t\t\t\t\t\t\t<option value=\"Egitto\">Egitto<\/option>\n\t\t\t\t\t\t\t\t\t<option value=\"Etiopia\">Etiopia<\/option>\n\t\t\t\t\t\t\t\t\t<option value=\"Francia\">Francia<\/option>\n\t\t\t\t\t\t\t\t\t<option value=\"Germania\">Germania<\/option>\n\t\t\t\t\t\t\t\t\t<option value=\"Ghana\">Ghana<\/option>\n\t\t\t\t\t\t\t\t\t<option value=\"Grecia\">Grecia<\/option>\n\t\t\t\t\t\t\t\t\t<option value=\"Guatemala\">Guatemala<\/option>\n\t\t\t\t\t\t\t\t\t<option value=\"Guinea\">Guinea<\/option>\n\t\t\t\t\t\t\t\t\t<option value=\"Haiti\">Haiti<\/option>\n\t\t\t\t\t\t\t\t\t<option value=\"Honduras\">Honduras<\/option>\n\t\t\t\t\t\t\t\t\t<option value=\"Ungheria\">Ungheria<\/option>\n\t\t\t\t\t\t\t\t\t<option value=\"India\">India<\/option>\n\t\t\t\t\t\t\t\t\t<option value=\"Indonesia\">Indonesia<\/option>\n\t\t\t\t\t\t\t\t\t<option value=\"Iran\">Iran<\/option>\n\t\t\t\t\t\t\t\t\t<option value=\"Iraq\">Iraq<\/option>\n\t\t\t\t\t\t\t\t\t<option value=\"Israele\">Israele<\/option>\n\t\t\t\t\t\t\t\t\t<option value=\"Italia\">Italia<\/option>\n\t\t\t\t\t\t\t\t\t<option value=\"Giappone\">Giappone<\/option>\n\t\t\t\t\t\t\t\t\t<option value=\"Giordania\">Giordania<\/option>\n\t\t\t\t\t\t\t\t\t<option value=\"Kazakistan\">Kazakistan<\/option>\n\t\t\t\t\t\t\t\t\t<option value=\"Kenya\">Kenya<\/option>\n\t\t\t\t\t\t\t\t\t<option value=\"Madagascar\">Madagascar<\/option>\n\t\t\t\t\t\t\t\t\t<option value=\"Malawi\">Malawi<\/option>\n\t\t\t\t\t\t\t\t\t<option value=\"Malesia\">Malesia<\/option>\n\t\t\t\t\t\t\t\t\t<option value=\"Mali\">Mali<\/option>\n\t\t\t\t\t\t\t\t\t<option value=\"Messico\">Messico<\/option>\n\t\t\t\t\t\t\t\t\t<option value=\"Marocco\">Marocco<\/option>\n\t\t\t\t\t\t\t\t\t<option value=\"Mozambico\">Mozambico<\/option>\n\t\t\t\t\t\t\t\t\t<option value=\"Myanmar\">Myanmar<\/option>\n\t\t\t\t\t\t\t\t\t<option value=\"Nepal\">Nepal<\/option>\n\t\t\t\t\t\t\t\t\t<option value=\"Paesi Bassi\">Paesi Bassi<\/option>\n\t\t\t\t\t\t\t\t\t<option value=\"Niger\">Niger<\/option>\n\t\t\t\t\t\t\t\t\t<option value=\"Nigeria\">Nigeria<\/option>\n\t\t\t\t\t\t\t\t\t<option value=\"Corea del Nord\">Corea del Nord<\/option>\n\t\t\t\t\t\t\t\t\t<option value=\"Pakistan\">Pakistan<\/option>\n\t\t\t\t\t\t\t\t\t<option value=\"Papua Nuova Guinea\">Papua Nuova Guinea<\/option>\n\t\t\t\t\t\t\t\t\t<option value=\"Per\u00f9\">Per\u00f9<\/option>\n\t\t\t\t\t\t\t\t\t<option value=\"Filippine\">Filippine<\/option>\n\t\t\t\t\t\t\t\t\t<option value=\"Polonia\">Polonia<\/option>\n\t\t\t\t\t\t\t\t\t<option value=\"Portogallo\">Portogallo<\/option>\n\t\t\t\t\t\t\t\t\t<option value=\"Romania\">Romania<\/option>\n\t\t\t\t\t\t\t\t\t<option value=\"Russia\">Russia<\/option>\n\t\t\t\t\t\t\t\t\t<option value=\"Ruanda\">Ruanda<\/option>\n\t\t\t\t\t\t\t\t\t<option value=\"Arabia Saudita\">Arabia Saudita<\/option>\n\t\t\t\t\t\t\t\t\t<option value=\"Senegal\">Senegal<\/option>\n\t\t\t\t\t\t\t\t\t<option value=\"Serbia\">Serbia<\/option>\n\t\t\t\t\t\t\t\t\t<option value=\"Somalia\">Somalia<\/option>\n\t\t\t\t\t\t\t\t\t<option value=\"Sudafrica\">Sudafrica<\/option>\n\t\t\t\t\t\t\t\t\t<option value=\"Corea del Sud\">Corea del Sud<\/option>\n\t\t\t\t\t\t\t\t\t<option value=\"Sud Sudan\">Sud Sudan<\/option>\n\t\t\t\t\t\t\t\t\t<option value=\"Spagna\">Spagna<\/option>\n\t\t\t\t\t\t\t\t\t<option value=\"Sri Lanka\">Sri Lanka<\/option>\n\t\t\t\t\t\t\t\t\t<option value=\"Sudan\">Sudan<\/option>\n\t\t\t\t\t\t\t\t\t<option value=\"Svezia\">Svezia<\/option>\n\t\t\t\t\t\t\t\t\t<option value=\"Siria\">Siria<\/option>\n\t\t\t\t\t\t\t\t\t<option value=\"Taiwan\">Taiwan<\/option>\n\t\t\t\t\t\t\t\t\t<option value=\"Tagikistan\">Tagikistan<\/option>\n\t\t\t\t\t\t\t\t\t<option value=\"Tanzania\">Tanzania<\/option>\n\t\t\t\t\t\t\t\t\t<option value=\"Thailandia\">Thailandia<\/option>\n\t\t\t\t\t\t\t\t\t<option value=\"Tunisia\">Tunisia<\/option>\n\t\t\t\t\t\t\t\t\t<option value=\"Turchia\">Turchia<\/option>\n\t\t\t\t\t\t\t\t\t<option value=\"Uganda\">Uganda<\/option>\n\t\t\t\t\t\t\t\t\t<option value=\"Ucraina\">Ucraina<\/option>\n\t\t\t\t\t\t\t\t\t<option value=\"Emirati Arabi Uniti\">Emirati Arabi Uniti<\/option>\n\t\t\t\t\t\t\t\t\t<option value=\"Regno Unito\">Regno Unito<\/option>\n\t\t\t\t\t\t\t\t\t<option value=\"Stati Uniti\">Stati Uniti<\/option>\n\t\t\t\t\t\t\t\t\t<option value=\"Uzbekistan\">Uzbekistan<\/option>\n\t\t\t\t\t\t\t\t\t<option value=\"Venezuela\">Venezuela<\/option>\n\t\t\t\t\t\t\t\t\t<option value=\"Vietnam\">Vietnam<\/option>\n\t\t\t\t\t\t\t\t\t<option value=\"Yemen\">Yemen<\/option>\n\t\t\t\t\t\t\t\t\t<option value=\"Zambia\">Zambia<\/option>\n\t\t\t\t\t\t\t\t\t<option value=\"Zimbabwe  \">Zimbabwe  <\/option>\n\t\t\t\t\t\t\t\t\t<option value=\"Altro\">Altro<\/option>\n\t\t\t\t\t\t\t<\/select>\n\t\t<\/div>\n\t\t\t\t\t\t<\/div>\n\t\t\t\t\t\t\t\t<div class=\"elementor-field-type-select elementor-field-group elementor-column elementor-field-group-field_c0058bb elementor-col-100 elementor-field-required elementor-mark-required\">\n\t\t\t\t\t\t\t\t\t\t\t\t<label for=\"form-field-field_c0058bb\" class=\"elementor-field-label\">\n\t\t\t\t\t\t\t\tHai esperienza nella vendita di elettronica di consumo?\t\t\t\t\t\t\t<\/label>\n\t\t\t\t\t\t\t\t<div class=\"elementor-field elementor-select-wrapper remove-before \">\n\t\t\t<div class=\"select-caret-down-wrapper\">\n\t\t\t\t<i aria-hidden=\"true\" class=\"eicon-caret-down\"><\/i>\t\t\t<\/div>\n\t\t\t<select name=\"form_fields[field_c0058bb]\" id=\"form-field-field_c0058bb\" class=\"elementor-field-textual elementor-size-lg\" required=\"required\">\n\t\t\t\t\t\t\t\t\t<option value=\"S\u00ec\">S\u00ec<\/option>\n\t\t\t\t\t\t\t\t\t<option value=\"No\">No<\/option>\n\t\t\t\t\t\t\t<\/select>\n\t\t<\/div>\n\t\t\t\t\t\t<\/div>\n\t\t\t\t\t\t\t\t<div class=\"elementor-field-type-recaptcha_v3 elementor-field-group elementor-column elementor-field-group-field_80ac2c7 elementor-col-100 recaptcha_v3-bottomright\">\n\t\t\t\t\t<div class=\"elementor-field\" id=\"form-field-field_80ac2c7\"><div class=\"elementor-g-recaptcha\" data-sitekey=\"6LdNqLYpAAAAAEYP-BYym3pk58UYpbhLRD0D_jT_\" data-type=\"v3\" data-action=\"Form\" data-badge=\"bottomright\" data-size=\"invisible\"><\/div><\/div>\t\t\t\t<\/div>\n\t\t\t\t\t\t\t\t<div class=\"elementor-field-group elementor-column elementor-field-type-submit elementor-col-100 e-form__buttons\">\n\t\t\t\t\t<button class=\"elementor-button elementor-size-lg\" type=\"submit\">\n\t\t\t\t\t\t<span class=\"elementor-button-content-wrapper\">\n\t\t\t\t\t\t\t\t\t\t\t\t\t\t\t<span class=\"elementor-button-icon\">\n\t\t\t\t\t\t\t\t\t<i aria-hidden=\"true\" class=\"far fa-arrow-alt-circle-right\"><\/i>\t\t\t\t\t\t\t\t\t\t\t\t\t\t\t\t\t<\/span>\n\t\t\t\t\t\t\t\t\t\t\t\t\t\t\t\t\t\t\t\t\t\t<span class=\"elementor-button-text\">Candidati ora<\/span>\n\t\t\t\t\t\t\t\t\t\t\t\t\t<\/span>\n\t\t\t\t\t<\/button>\n\t\t\t\t<\/div>\n\t\t\t<\/div>\n\t\t<\/form>\n\t\t\t\t\t\t<\/div>\n\t\t\t\t<\/div>\n\t\t\t\t\t<\/div>\n\t\t<\/div>\n\t\t\t\t\t<\/div>\n\t\t<\/section>\n\t\t\t\t<\/div>\n\t\t","protected":false},"excerpt":{"rendered":"<p>Diventa rivenditore o distributore ufficiale di Runmefit Eleva il tuo benessere, dai forza ad ogni corsa Non \u00e8 solo il nostro slogan, \u00e8 l&#8217;essenza del nostro impegno. Runmefit \u00e8 pensato per tutti: dall&#8217;atleta accanito al jogger mattutino, dall&#8217;avventuriero del fine settimana a chi cerca di rimanere in sintonia con la propria salute. Creiamo una tecnologia [&hellip;]<\/p>\n","protected":false},"author":1,"featured_media":0,"parent":13252,"menu_order":0,"comment_status":"closed","ping_status":"closed","template":"","meta":{"_seopress_robots_primary_cat":"","_seopress_titles_title":"Diventa rivenditore o distributore ufficiale di Runmefit","_seopress_titles_desc":"Candidati ora per entrare a far parte della rete Runmefit come rivenditore o distributore. Espandi il tuo portafoglio con i nostri prodotti innovativi! ","_seopress_robots_index":"","footnotes":""},"class_list":["post-13237","page","type-page","status-publish","hentry"],"_links":{"self":[{"href":"https:\/\/runmefit.com\/it\/wp-json\/wp\/v2\/pages\/13237","targetHints":{"allow":["GET"]}}],"collection":[{"href":"https:\/\/runmefit.com\/it\/wp-json\/wp\/v2\/pages"}],"about":[{"href":"https:\/\/runmefit.com\/it\/wp-json\/wp\/v2\/types\/page"}],"author":[{"embeddable":true,"href":"https:\/\/runmefit.com\/it\/wp-json\/wp\/v2\/users\/1"}],"replies":[{"embeddable":true,"href":"https:\/\/runmefit.com\/it\/wp-json\/wp\/v2\/comments?post=13237"}],"version-history":[{"count":0,"href":"https:\/\/runmefit.com\/it\/wp-json\/wp\/v2\/pages\/13237\/revisions"}],"up":[{"embeddable":true,"href":"https:\/\/runmefit.com\/it\/wp-json\/wp\/v2\/pages\/13252"}],"wp:attachment":[{"href":"https:\/\/runmefit.com\/it\/wp-json\/wp\/v2\/media?parent=13237"}],"curies":[{"name":"wp","href":"https:\/\/api.w.org\/{rel}","templated":true}]}}