{"id":32669,"date":"2023-02-10T02:34:16","date_gmt":"2023-02-10T02:34:16","guid":{"rendered":"https:\/\/runmefit.com\/o\/"},"modified":"2025-03-20T09:29:07","modified_gmt":"2025-03-20T09:29:07","slug":"o-nas","status":"publish","type":"page","link":"https:\/\/runmefit.com\/pl\/o-nas\/","title":{"rendered":"Informacje o Runmefit"},"content":{"rendered":"\t\t<div data-elementor-type=\"wp-page\" data-elementor-id=\"32669\" class=\"elementor elementor-32669 elementor-41\" data-elementor-post-type=\"page\">\n\t\t\t\t<div class=\"elementor-element elementor-element-9c8b104 e-con-full e-flex e-con e-parent\" data-id=\"9c8b104\" data-element_type=\"container\" data-e-type=\"container\">\n\t\t<div class=\"elementor-element elementor-element-7a47119 e-flex e-con-boxed e-con e-child\" data-id=\"7a47119\" data-element_type=\"container\" data-e-type=\"container\">\n\t\t\t\t\t<div class=\"e-con-inner\">\n\t\t<div class=\"elementor-element elementor-element-69c33c8 e-flex e-con-boxed e-con e-child\" data-id=\"69c33c8\" data-element_type=\"container\" data-e-type=\"container\" data-settings=\"{&quot;background_background&quot;:&quot;classic&quot;}\">\n\t\t\t\t\t<div class=\"e-con-inner\">\n\t\t\t\t<div class=\"elementor-element elementor-element-76ff3cc elementor-widget elementor-widget-heading\" data-id=\"76ff3cc\" data-element_type=\"widget\" data-e-type=\"widget\" data-widget_type=\"heading.default\">\n\t\t\t\t<div class=\"elementor-widget-container\">\n\t\t\t\t\t<h2 class=\"elementor-heading-title elementor-size-default\">Popraw swoje samopoczucie, \n<br>Wzmocnij ka\u017cdy bieg<\/h2>\t\t\t\t<\/div>\n\t\t\t\t<\/div>\n\t\t\t\t<div class=\"elementor-element elementor-element-aae6ff6 elementor-widget elementor-widget-text-editor\" data-id=\"aae6ff6\" data-element_type=\"widget\" data-e-type=\"widget\" data-widget_type=\"text-editor.default\">\n\t\t\t\t<div class=\"elementor-widget-container\">\n\t\t\t\t\t\t\t\t\t<p>To nie tylko nasz slogan; to esencja naszego zaanga\u017cowania. Runmefit jest przeznaczony dla ka\u017cdego: od zapalonego sportowca po porannego biegacza, weekendowego poszukiwacza przyg\u00f3d i tych, kt\u00f3rzy chc\u0105 pozosta\u0107 w zgodzie ze swoim zdrowiem. Tworzymy technologi\u0119, kt\u00f3ra motywuje, inspiruje i wspiera ka\u017cdy krok i bicie serca na drodze do zdrowia.  <\/p>\n\t\t\t\t\t\t\t\t<\/div>\n\t\t\t\t<\/div>\n\t\t\t\t\t<\/div>\n\t\t\t\t<\/div>\n\t\t\t\t<div class=\"elementor-element elementor-element-5a483b0 elementor-widget elementor-widget-spacer\" data-id=\"5a483b0\" data-element_type=\"widget\" data-e-type=\"widget\" data-widget_type=\"spacer.default\">\n\t\t\t\t<div class=\"elementor-widget-container\">\n\t\t\t\t\t\t\t<div class=\"elementor-spacer\">\n\t\t\t<div class=\"elementor-spacer-inner\"><\/div>\n\t\t<\/div>\n\t\t\t\t\t\t<\/div>\n\t\t\t\t<\/div>\n\t\t\t\t<div class=\"elementor-element elementor-element-75b40f8 elementor-hidden-desktop elementor-hidden-mobile elementor-widget elementor-widget-heading\" data-id=\"75b40f8\" data-element_type=\"widget\" data-e-type=\"widget\" data-widget_type=\"heading.default\">\n\t\t\t\t<div class=\"elementor-widget-container\">\n\t\t\t\t\t<h1 class=\"elementor-heading-title elementor-size-default\">Informacje o Runmefit<\/h1>\t\t\t\t<\/div>\n\t\t\t\t<\/div>\n\t\t<div class=\"elementor-element elementor-element-9c7614d e-con-full e-flex e-con e-child\" data-id=\"9c7614d\" data-element_type=\"container\" data-e-type=\"container\">\n\t\t\t\t<div class=\"elementor-element elementor-element-62724b4 elementor-widget__width-initial elementor-widget-mobile__width-initial elementor-widget elementor-widget-image\" data-id=\"62724b4\" data-element_type=\"widget\" data-e-type=\"widget\" data-widget_type=\"image.default\">\n\t\t\t\t<div class=\"elementor-widget-container\">\n\t\t\t\t\t\t\t\t\t\t\t\t\t\t\t<img fetchpriority=\"high\" decoding=\"async\" width=\"1080\" height=\"1080\" src=\"https:\/\/runmefit.com\/wp-content\/uploads\/2024\/07\/Runmefit-Product-Range-mob.jpg\" class=\"attachment-full size-full wp-image-7228\" alt=\"\" srcset=\"https:\/\/runmefit.com\/wp-content\/uploads\/2024\/07\/Runmefit-Product-Range-mob.jpg 1080w, https:\/\/runmefit.com\/wp-content\/uploads\/2024\/07\/Runmefit-Product-Range-mob-300x300.jpg 300w, https:\/\/runmefit.com\/wp-content\/uploads\/2024\/07\/Runmefit-Product-Range-mob-1024x1024.jpg 1024w, https:\/\/runmefit.com\/wp-content\/uploads\/2024\/07\/Runmefit-Product-Range-mob-150x150.jpg 150w, https:\/\/runmefit.com\/wp-content\/uploads\/2024\/07\/Runmefit-Product-Range-mob-768x768.jpg 768w\" sizes=\"(max-width: 1080px) 100vw, 1080px\" \/>\t\t\t\t\t\t\t\t\t\t\t\t\t\t\t<\/div>\n\t\t\t\t<\/div>\n\t\t<div class=\"elementor-element elementor-element-d683645 e-con-full e-flex e-con e-child\" data-id=\"d683645\" data-element_type=\"container\" data-e-type=\"container\">\n\t\t\t\t<div class=\"elementor-element elementor-element-08f433d elementor-hidden-tablet elementor-widget elementor-widget-heading\" data-id=\"08f433d\" data-element_type=\"widget\" data-e-type=\"widget\" data-widget_type=\"heading.default\">\n\t\t\t\t<div class=\"elementor-widget-container\">\n\t\t\t\t\t<h1 class=\"elementor-heading-title elementor-size-default\">Informacje o Runmefit<\/h1>\t\t\t\t<\/div>\n\t\t\t\t<\/div>\n\t\t\t\t<div class=\"elementor-element elementor-element-d97990f elementor-widget elementor-widget-text-editor\" data-id=\"d97990f\" data-element_type=\"widget\" data-e-type=\"widget\" data-widget_type=\"text-editor.default\">\n\t\t\t\t<div class=\"elementor-widget-container\">\n\t\t\t\t\t\t\t\t\t<p>Za\u0142o\u017cona w 2015 roku firma Runmefit wy\u0142oni\u0142a si\u0119 z wizji wype\u0142nienia luki mi\u0119dzy codzienn\u0105 \u015bwiadomo\u015bci\u0105 zdrowotn\u0105 a dost\u0119pn\u0105, zaawansowan\u0105 technologi\u0105 fitness.<\/p>\n<p>Nasze produkty &#8211; smartwatche i monitory aktywno\u015bci &#8211; to nie tylko gad\u017cety. S\u0105 osobistymi towarzyszami dobrego samopoczucia, oferuj\u0105cymi wgl\u0105d w dane zdrowotne, takie jak t\u0119tno i poziom tlenu we krwi, wcze\u015bniej dost\u0119pne tylko dla profesjonalist\u00f3w. <\/p>\n\t\t\t\t\t\t\t\t<\/div>\n\t\t\t\t<\/div>\n\t\t\t\t<div class=\"elementor-element elementor-element-de8fe2e elementor-align-center elementor-widget elementor-widget-button\" data-id=\"de8fe2e\" data-element_type=\"widget\" data-e-type=\"widget\" data-widget_type=\"button.default\">\n\t\t\t\t<div class=\"elementor-widget-container\">\n\t\t\t\t\t\t\t\t\t<div class=\"elementor-button-wrapper\">\n\t\t\t\t\t<a class=\"elementor-button elementor-button-link elementor-size-sm\" href=\"https:\/\/runmefit.com\/products\/\">\n\t\t\t\t\t\t<span class=\"elementor-button-content-wrapper\">\n\t\t\t\t\t\t\t\t\t<span class=\"elementor-button-text\">Produkty w sklepie<\/span>\n\t\t\t\t\t<\/span>\n\t\t\t\t\t<\/a>\n\t\t\t\t<\/div>\n\t\t\t\t\t\t\t\t<\/div>\n\t\t\t\t<\/div>\n\t\t\t\t<\/div>\n\t\t\t\t<\/div>\n\t\t\t\t<div class=\"elementor-element elementor-element-e65dbbc elementor-widget elementor-widget-spacer\" data-id=\"e65dbbc\" data-element_type=\"widget\" data-e-type=\"widget\" data-widget_type=\"spacer.default\">\n\t\t\t\t<div class=\"elementor-widget-container\">\n\t\t\t\t\t\t\t<div class=\"elementor-spacer\">\n\t\t\t<div class=\"elementor-spacer-inner\"><\/div>\n\t\t<\/div>\n\t\t\t\t\t\t<\/div>\n\t\t\t\t<\/div>\n\t\t\t\t<div class=\"elementor-element elementor-element-88997b2 elementor-hidden-desktop elementor-hidden-mobile elementor-widget elementor-widget-heading\" data-id=\"88997b2\" data-element_type=\"widget\" data-e-type=\"widget\" data-widget_type=\"heading.default\">\n\t\t\t\t<div class=\"elementor-widget-container\">\n\t\t\t\t\t<h2 class=\"elementor-heading-title elementor-size-default\">Nasza misja<\/h2>\t\t\t\t<\/div>\n\t\t\t\t<\/div>\n\t\t<div class=\"elementor-element elementor-element-3d688e0 e-con-full e-flex e-con e-child\" data-id=\"3d688e0\" data-element_type=\"container\" data-e-type=\"container\">\n\t\t\t\t<div class=\"elementor-element elementor-element-1e0adf8 elementor-widget__width-initial elementor-widget-mobile__width-initial elementor-widget elementor-widget-image\" data-id=\"1e0adf8\" data-element_type=\"widget\" data-e-type=\"widget\" data-widget_type=\"image.default\">\n\t\t\t\t<div class=\"elementor-widget-container\">\n\t\t\t\t\t\t\t\t\t\t\t\t\t\t\t<img decoding=\"async\" width=\"1200\" height=\"800\" src=\"https:\/\/runmefit.com\/wp-content\/uploads\/2023\/12\/Breathe-deeply-to-reduce-stress.jpg\" class=\"attachment-full size-full wp-image-644\" alt=\"Breathe deeply to reduce stress\" srcset=\"https:\/\/runmefit.com\/wp-content\/uploads\/2023\/12\/Breathe-deeply-to-reduce-stress.jpg 1200w, https:\/\/runmefit.com\/wp-content\/uploads\/2023\/12\/Breathe-deeply-to-reduce-stress-300x200.jpg 300w, https:\/\/runmefit.com\/wp-content\/uploads\/2023\/12\/Breathe-deeply-to-reduce-stress-1024x683.jpg 1024w, https:\/\/runmefit.com\/wp-content\/uploads\/2023\/12\/Breathe-deeply-to-reduce-stress-768x512.jpg 768w\" sizes=\"(max-width: 1200px) 100vw, 1200px\" \/>\t\t\t\t\t\t\t\t\t\t\t\t\t\t\t<\/div>\n\t\t\t\t<\/div>\n\t\t<div class=\"elementor-element elementor-element-60cb5a8 e-con-full e-flex e-con e-child\" data-id=\"60cb5a8\" data-element_type=\"container\" data-e-type=\"container\">\n\t\t\t\t<div class=\"elementor-element elementor-element-e7a7913 elementor-hidden-tablet elementor-widget elementor-widget-heading\" data-id=\"e7a7913\" data-element_type=\"widget\" data-e-type=\"widget\" data-widget_type=\"heading.default\">\n\t\t\t\t<div class=\"elementor-widget-container\">\n\t\t\t\t\t<h2 class=\"elementor-heading-title elementor-size-default\">Nasza misja<\/h2>\t\t\t\t<\/div>\n\t\t\t\t<\/div>\n\t\t\t\t<div class=\"elementor-element elementor-element-34d0856 elementor-widget elementor-widget-text-editor\" data-id=\"34d0856\" data-element_type=\"widget\" data-e-type=\"widget\" data-widget_type=\"text-editor.default\">\n\t\t\t\t<div class=\"elementor-widget-container\">\n\t\t\t\t\t\t\t\t\t<p>Aby umo\u017cliwi\u0107 osobom na ca\u0142ym \u015bwiecie przej\u0119cie kontroli nad ich zdrowiem i sprawno\u015bci\u0105 fizyczn\u0105, zapewniaj\u0105c narz\u0119dzia i wsparcie potrzebne do poprawy samopoczucia przy ka\u017cdym biegu.<\/p>\n<p>Runmefit stoi na przeci\u0119ciu zdrowia i technologii, tworz\u0105c \u015bwiat, w kt\u00f3rym osobiste dobre samopoczucie jest osi\u0105galne dla ka\u017cdego. Do\u0142\u0105cz do nas w tej podr\u00f3\u017cy i razem zmie\u0144my swoje zdrowie, jeden bieg na raz. <\/p>\n\t\t\t\t\t\t\t\t<\/div>\n\t\t\t\t<\/div>\n\t\t\t\t<div class=\"elementor-element elementor-element-1e6eb39 elementor-align-center elementor-widget elementor-widget-button\" data-id=\"1e6eb39\" data-element_type=\"widget\" data-e-type=\"widget\" data-widget_type=\"button.default\">\n\t\t\t\t<div class=\"elementor-widget-container\">\n\t\t\t\t\t\t\t\t\t<div class=\"elementor-button-wrapper\">\n\t\t\t\t\t<a class=\"elementor-button elementor-button-link elementor-size-sm\" href=\"https:\/\/runmefit.com\/products\/\">\n\t\t\t\t\t\t<span class=\"elementor-button-content-wrapper\">\n\t\t\t\t\t\t\t\t\t<span class=\"elementor-button-text\">Produkty w sklepie<\/span>\n\t\t\t\t\t<\/span>\n\t\t\t\t\t<\/a>\n\t\t\t\t<\/div>\n\t\t\t\t\t\t\t\t<\/div>\n\t\t\t\t<\/div>\n\t\t\t\t<\/div>\n\t\t\t\t<\/div>\n\t\t\t\t<div class=\"elementor-element elementor-element-ebe19f8 elementor-widget elementor-widget-spacer\" data-id=\"ebe19f8\" data-element_type=\"widget\" data-e-type=\"widget\" data-widget_type=\"spacer.default\">\n\t\t\t\t<div class=\"elementor-widget-container\">\n\t\t\t\t\t\t\t<div class=\"elementor-spacer\">\n\t\t\t<div class=\"elementor-spacer-inner\"><\/div>\n\t\t<\/div>\n\t\t\t\t\t\t<\/div>\n\t\t\t\t<\/div>\n\t\t\t\t<div class=\"elementor-element elementor-element-eb8cae3 elementor-hidden-mobile elementor-widget elementor-widget-heading\" data-id=\"eb8cae3\" data-element_type=\"widget\" data-e-type=\"widget\" data-widget_type=\"heading.default\">\n\t\t\t\t<div class=\"elementor-widget-container\">\n\t\t\t\t\t<h2 class=\"elementor-heading-title elementor-size-default\">Zosta\u0144 Dealerem Runmefit\n<br>lub Oficjalnym Dystrybutorem<\/h2>\t\t\t\t<\/div>\n\t\t\t\t<\/div>\n\t\t\t\t<div class=\"elementor-element elementor-element-bea4492 elementor-hidden-desktop elementor-hidden-tablet elementor-widget elementor-widget-heading\" data-id=\"bea4492\" data-element_type=\"widget\" data-e-type=\"widget\" data-widget_type=\"heading.default\">\n\t\t\t\t<div class=\"elementor-widget-container\">\n\t\t\t\t\t<h2 class=\"elementor-heading-title elementor-size-default\">Zosta\u0144 Dealerem lub Oficjalnym Dystrybutorem Runmefit<\/h2>\t\t\t\t<\/div>\n\t\t\t\t<\/div>\n\t\t<div class=\"elementor-element elementor-element-1df0cc3 e-con-full e-flex e-con e-child\" data-id=\"1df0cc3\" data-element_type=\"container\" data-e-type=\"container\" data-settings=\"{&quot;background_background&quot;:&quot;classic&quot;}\">\n\t\t\t\t<div class=\"elementor-element elementor-element-cb6d4a7 elementor-widget__width-initial elementor-widget-mobile__width-initial elementor-widget elementor-widget-image\" data-id=\"cb6d4a7\" data-element_type=\"widget\" data-e-type=\"widget\" data-widget_type=\"image.default\">\n\t\t\t\t<div class=\"elementor-widget-container\">\n\t\t\t\t\t\t\t\t\t\t\t\t\t\t\t<img decoding=\"async\" width=\"1000\" height=\"645\" src=\"https:\/\/runmefit.com\/wp-content\/uploads\/2023\/11\/Take-a-Daily-Walk-with-Friends-to-Get-Healthy.jpg\" class=\"attachment-full size-full wp-image-475\" alt=\"Take a Daily Walk with Friends to Get Healthy\" srcset=\"https:\/\/runmefit.com\/wp-content\/uploads\/2023\/11\/Take-a-Daily-Walk-with-Friends-to-Get-Healthy.jpg 1000w, https:\/\/runmefit.com\/wp-content\/uploads\/2023\/11\/Take-a-Daily-Walk-with-Friends-to-Get-Healthy-300x194.jpg 300w, https:\/\/runmefit.com\/wp-content\/uploads\/2023\/11\/Take-a-Daily-Walk-with-Friends-to-Get-Healthy-768x495.jpg 768w\" sizes=\"(max-width: 1000px) 100vw, 1000px\" \/>\t\t\t\t\t\t\t\t\t\t\t\t\t\t\t<\/div>\n\t\t\t\t<\/div>\n\t\t<div class=\"elementor-element elementor-element-2ffce5f e-con-full e-flex e-con e-child\" data-id=\"2ffce5f\" data-element_type=\"container\" data-e-type=\"container\">\n\t\t\t\t<div class=\"elementor-element elementor-element-e5a4680 elementor-widget elementor-widget-text-editor\" data-id=\"e5a4680\" data-element_type=\"widget\" data-e-type=\"widget\" data-widget_type=\"text-editor.default\">\n\t\t\t\t<div class=\"elementor-widget-container\">\n\t\t\t\t\t\t\t\t\t<p>Rozwi\u0144 sw\u00f3j biznes dzi\u0119ki innowacyjnym smartwatchom Runmefit!<\/p>\n<p>Do\u0142\u0105cz do nas jako dealer lub oficjalny dystrybutor i zaoferuj swoim klientom stylowe, bogate w funkcje urz\u0105dzenia, kt\u00f3re zaspokoj\u0105 potrzeby entuzjast\u00f3w fitnessu, mi\u0142o\u015bnik\u00f3w technologii i codziennych u\u017cytkownik\u00f3w. Skorzystaj z konkurencyjnych cen, wsparcia marketingowego i marki znanej z doskona\u0142o\u015bci i niezawodno\u015bci. <\/p>\n<p>Rozwijaj si\u0119 z Runmefit &#8211; skontaktuj si\u0119 z nami ju\u017c dzi\u015b, aby zosta\u0107 sprzedawc\u0105 lub dystrybutorem!<\/p>\n\t\t\t\t\t\t\t\t<\/div>\n\t\t\t\t<\/div>\n\t\t\t\t<div class=\"elementor-element elementor-element-0d10618 elementor-align-center elementor-widget elementor-widget-button\" data-id=\"0d10618\" data-element_type=\"widget\" data-e-type=\"widget\" data-widget_type=\"button.default\">\n\t\t\t\t<div class=\"elementor-widget-container\">\n\t\t\t\t\t\t\t\t\t<div class=\"elementor-button-wrapper\">\n\t\t\t\t\t<a class=\"elementor-button elementor-button-link elementor-size-sm\" href=\"https:\/\/runmefit.com\/pl\/skontaktuj-sie-z-nami\/zostan-dealerem-lub-oficjalnym-dystrybutorem-runmefit\/\">\n\t\t\t\t\t\t<span class=\"elementor-button-content-wrapper\">\n\t\t\t\t\t\t\t\t\t<span class=\"elementor-button-text\">Aplikuj teraz<\/span>\n\t\t\t\t\t<\/span>\n\t\t\t\t\t<\/a>\n\t\t\t\t<\/div>\n\t\t\t\t\t\t\t\t<\/div>\n\t\t\t\t<\/div>\n\t\t\t\t<\/div>\n\t\t\t\t<\/div>\n\t\t\t\t\t<\/div>\n\t\t\t\t<\/div>\n\t\t\t\t<\/div>\n\t\t\t\t<\/div>\n\t\t","protected":false},"excerpt":{"rendered":"<p>Popraw swoje samopoczucie, Wzmocnij ka\u017cdy bieg To nie tylko nasz slogan; to esencja naszego zaanga\u017cowania. Runmefit jest przeznaczony dla ka\u017cdego: od zapalonego sportowca po porannego biegacza, weekendowego poszukiwacza przyg\u00f3d i tych, kt\u00f3rzy chc\u0105 pozosta\u0107 w zgodzie ze swoim zdrowiem. Tworzymy technologi\u0119, kt\u00f3ra motywuje, inspiruje i wspiera ka\u017cdy krok i bicie serca na drodze do zdrowia. [&hellip;]<\/p>\n","protected":false},"author":1,"featured_media":0,"parent":0,"menu_order":0,"comment_status":"closed","ping_status":"closed","template":"elementor_header_footer","meta":{"_seopress_robots_primary_cat":"","_seopress_titles_title":"O Runmefit - misja i wizja","_seopress_titles_desc":"Aby umo\u017cliwi\u0107 osobom na ca\u0142ym \u015bwiecie przej\u0119cie kontroli nad ich zdrowiem i sprawno\u015bci\u0105 fizyczn\u0105, zapewniaj\u0105c narz\u0119dzia i wsparcie potrzebne do poprawy samopoczucia przy ka\u017cdym biegu.","_seopress_robots_index":"","footnotes":""},"class_list":["post-32669","page","type-page","status-publish","hentry"],"_links":{"self":[{"href":"https:\/\/runmefit.com\/pl\/wp-json\/wp\/v2\/pages\/32669","targetHints":{"allow":["GET"]}}],"collection":[{"href":"https:\/\/runmefit.com\/pl\/wp-json\/wp\/v2\/pages"}],"about":[{"href":"https:\/\/runmefit.com\/pl\/wp-json\/wp\/v2\/types\/page"}],"author":[{"embeddable":true,"href":"https:\/\/runmefit.com\/pl\/wp-json\/wp\/v2\/users\/1"}],"replies":[{"embeddable":true,"href":"https:\/\/runmefit.com\/pl\/wp-json\/wp\/v2\/comments?post=32669"}],"version-history":[{"count":0,"href":"https:\/\/runmefit.com\/pl\/wp-json\/wp\/v2\/pages\/32669\/revisions"}],"wp:attachment":[{"href":"https:\/\/runmefit.com\/pl\/wp-json\/wp\/v2\/media?parent=32669"}],"curies":[{"name":"wp","href":"https:\/\/api.w.org\/{rel}","templated":true}]}}