{"id":32697,"date":"2024-05-23T02:16:00","date_gmt":"2024-05-23T02:16:00","guid":{"rendered":"https:\/\/runmefit.com\/skontaktuj-sie-z-nami\/zostan-dealerem-lub-oficjalnym-dystrybutorem-runmefit\/"},"modified":"2025-02-13T06:00:30","modified_gmt":"2025-02-13T06:00:30","slug":"zostan-dealerem-lub-oficjalnym-dystrybutorem-runmefit","status":"publish","type":"page","link":"https:\/\/runmefit.com\/pl\/skontaktuj-sie-z-nami\/zostan-dealerem-lub-oficjalnym-dystrybutorem-runmefit\/","title":{"rendered":"Zosta\u0144 Dealerem lub Oficjalnym Dystrybutorem Runmefit"},"content":{"rendered":"\t\t<div data-elementor-type=\"wp-page\" data-elementor-id=\"32697\" class=\"elementor elementor-32697 elementor-909\" data-elementor-post-type=\"page\">\n\t\t\t\t\t\t<section class=\"elementor-section elementor-top-section elementor-element elementor-element-3586b09 elementor-section-boxed elementor-section-height-default elementor-section-height-default\" data-id=\"3586b09\" data-element_type=\"section\" data-e-type=\"section\">\n\t\t\t\t\t\t<div class=\"elementor-container elementor-column-gap-default\">\n\t\t\t\t\t<div class=\"elementor-column elementor-col-100 elementor-top-column elementor-element elementor-element-480943c\" data-id=\"480943c\" data-element_type=\"column\" data-e-type=\"column\">\n\t\t\t<div class=\"elementor-widget-wrap elementor-element-populated\">\n\t\t\t\t\t\t<div class=\"elementor-element elementor-element-786f0e4 elementor-widget elementor-widget-heading\" data-id=\"786f0e4\" data-element_type=\"widget\" data-e-type=\"widget\" data-widget_type=\"heading.default\">\n\t\t\t\t<div class=\"elementor-widget-container\">\n\t\t\t\t\t<h2 class=\"elementor-heading-title elementor-size-default\">Zosta\u0144 Dealerem lub Oficjalnym Dystrybutorem Runmefit\n<\/h2>\t\t\t\t<\/div>\n\t\t\t\t<\/div>\n\t\t\t\t<div class=\"elementor-element elementor-element-ef61591 elementor-widget elementor-widget-text-editor\" data-id=\"ef61591\" data-element_type=\"widget\" data-e-type=\"widget\" data-widget_type=\"text-editor.default\">\n\t\t\t\t<div class=\"elementor-widget-container\">\n\t\t\t\t\t\t\t\t\t<h3 class=\"rich-text__heading rte inline-richtext h0 scroll-trigger animate--slide-in\"><strong>Popraw swoje samopoczucie, wzmocnij ka\u017cdy bieg<\/strong><\/h3>\n<div class=\"rich-text__text rte scroll-trigger animate--slide-in\" data-cascade=\"\">\n<p>To nie tylko nasz slogan; to esencja naszego zaanga\u017cowania. Runmefit jest przeznaczony dla ka\u017cdego: od zapalonego sportowca po porannego biegacza, weekendowego poszukiwacza przyg\u00f3d i tych, kt\u00f3rzy chc\u0105 pozosta\u0107 w zgodzie ze swoim zdrowiem. Tworzymy technologi\u0119, kt\u00f3ra motywuje, inspiruje i wspiera ka\u017cdy krok i bicie serca na drodze do zdrowia.  <\/p>\n<h3 class=\"image-with-text__heading inline-richtext h1\"><strong>Informacje o Runmefit<\/strong><\/h3>\n<div class=\"image-with-text__text rte subtitle\">\n<p>Za\u0142o\u017cona w 2015 roku firma Runmefit wy\u0142oni\u0142a si\u0119 z wizji wype\u0142nienia luki mi\u0119dzy codzienn\u0105 \u015bwiadomo\u015bci\u0105 zdrowotn\u0105 a dost\u0119pn\u0105, zaawansowan\u0105 technologi\u0105 fitness. Nasze produkty &#8211; smartwatche i monitory aktywno\u015bci &#8211; to nie tylko gad\u017cety. S\u0105 osobistymi towarzyszami dobrego samopoczucia, oferuj\u0105cymi wgl\u0105d w dane zdrowotne, takie jak t\u0119tno i poziom tlenu we krwi, wcze\u015bniej dost\u0119pne tylko dla profesjonalist\u00f3w. <\/p>\n<h3 class=\"image-with-text__heading inline-richtext h1\"><strong>Nasza misja<\/strong><\/h3>\n<div class=\"image-with-text__text rte subtitle\">\n<p>Aby umo\u017cliwi\u0107 osobom na ca\u0142ym \u015bwiecie przej\u0119cie kontroli nad ich zdrowiem i sprawno\u015bci\u0105 fizyczn\u0105, zapewniaj\u0105c narz\u0119dzia i wsparcie potrzebne do poprawy samopoczucia przy ka\u017cdym biegu. Runmefit stoi na przeci\u0119ciu zdrowia i technologii, tworz\u0105c \u015bwiat, w kt\u00f3rym osobiste dobre samopoczucie jest osi\u0105galne dla ka\u017cdego. Do\u0142\u0105cz do nas w tej podr\u00f3\u017cy i razem zmie\u0144my swoje zdrowie, jeden bieg na raz. <\/p>\n<\/div>\n<\/div>\n<\/div>\n\t\t\t\t\t\t\t\t<\/div>\n\t\t\t\t<\/div>\n\t\t\t\t\t<\/div>\n\t\t<\/div>\n\t\t\t\t\t<\/div>\n\t\t<\/section>\n\t\t\t\t<section class=\"elementor-section elementor-top-section elementor-element elementor-element-445cd9af elementor-section-content-top elementor-section-boxed elementor-section-height-default elementor-section-height-default\" data-id=\"445cd9af\" data-element_type=\"section\" data-e-type=\"section\" data-settings=\"{&quot;background_background&quot;:&quot;classic&quot;}\">\n\t\t\t\t\t\t<div class=\"elementor-container elementor-column-gap-default\">\n\t\t\t\t\t<div class=\"elementor-column elementor-col-50 elementor-top-column elementor-element elementor-element-209c05e\" data-id=\"209c05e\" data-element_type=\"column\" data-e-type=\"column\">\n\t\t\t<div class=\"elementor-widget-wrap elementor-element-populated\">\n\t\t\t\t\t\t<div class=\"elementor-element elementor-element-1c18585 elementor-widget elementor-widget-heading\" data-id=\"1c18585\" data-element_type=\"widget\" data-e-type=\"widget\" data-widget_type=\"heading.default\">\n\t\t\t\t<div class=\"elementor-widget-container\">\n\t\t\t\t\t<h2 class=\"elementor-heading-title elementor-size-default\">Aplikuj teraz<\/h2>\t\t\t\t<\/div>\n\t\t\t\t<\/div>\n\t\t\t\t<div class=\"elementor-element elementor-element-ad86864 elementor-widget elementor-widget-text-editor\" data-id=\"ad86864\" data-element_type=\"widget\" data-e-type=\"widget\" data-widget_type=\"text-editor.default\">\n\t\t\t\t<div class=\"elementor-widget-container\">\n\t\t\t\t\t\t\t\t\t<p>Rozwi\u0144 sw\u00f3j biznes dzi\u0119ki innowacyjnym smartwatchom Runmefit! Do\u0142\u0105cz do nas jako sprzedawca lub oficjalny dystrybutor i zaoferuj swoim klientom stylowe, bogate w funkcje urz\u0105dzenia, kt\u00f3re zaspokoj\u0105 potrzeby entuzjast\u00f3w fitnessu, mi\u0142o\u015bnik\u00f3w technologii i codziennych u\u017cytkownik\u00f3w. Skorzystaj z konkurencyjnych cen, wsparcia marketingowego i marki znanej z doskona\u0142o\u015bci i niezawodno\u015bci. Do\u0142\u0105cz do nas jako dealer lub oficjalny dystrybutor i zaoferuj swoim klientom stylowe, bogate w funkcje urz\u0105dzenia, kt\u00f3re zaspokoj\u0105 potrzeby entuzjast\u00f3w fitnessu, mi\u0142o\u015bnik\u00f3w technologii i codziennych u\u017cytkownik\u00f3w. Skorzystaj z konkurencyjnych cen, wsparcia marketingowego i marki znanej z doskona\u0142o\u015bci i niezawodno\u015bci.  Rozwijaj si\u0119 z Runmefit &#8211; skontaktuj si\u0119 z nami ju\u017c dzi\u015b, aby zosta\u0107 sprzedawc\u0105 lub dystrybutorem!<\/p>\n<article class=\"4ever-article\" data-clipboard-cangjie=\"[\"root\",{},[\"p\",{\"ind\":{\"left\":0,\"right\":0},\"jc\":\"justify\",\"keepLines\":false,\"keepNext\":false,\"rPr\":{\"bold\":true,\"fonts\":{\"ascii\":\"Calibri\",\"cs\":\"Calibri\",\"eastAsia\":\"\u5fae\u8f6f\u96c5\u9ed1\",\"hAnsi\":\"Calibri\",\"hint\":\"default\"},\"sz\":12,\"szUnit\":\"pt\"},\"spacing\":{\"after\":\"0pt\",\"afterAutospacing\":false,\"before\":\"0pt\",\"beforeAutospacing\":false},\"windowControl\":false},[\"span\",{\"data-type\":\"text\"},[\"span\",{\"bold\":true,\"fonts\":{\"ascii\":\"Calibri\",\"cs\":\"Calibri\",\"eastAsia\":\"\u5fae\u8f6f\u96c5\u9ed1\",\"hAnsi\":\"Calibri\",\"hint\":\"default\"},\"kern\":1,\"sz\":12,\"szUnit\":\"pt\",\"data-type\":\"leaf\"},\"Profitable Smart Watch Business\"]]]]\">\n<ul>\n<li><strong>Zyskowny biznes: Zapewniamy partnerom korzy\u015bci w zakresie cen produkt\u00f3w<\/strong><\/li>\n<li class=\"4ever-article\" data-clipboard-cangjie=\"[\"root\",{},[\"p\",{\"ind\":{\"left\":0,\"right\":0},\"jc\":\"justify\",\"keepLines\":false,\"keepNext\":false,\"rPr\":{\"bold\":true,\"fonts\":{\"ascii\":\"Calibri\",\"cs\":\"Calibri\",\"eastAsia\":\"\u5fae\u8f6f\u96c5\u9ed1\",\"hAnsi\":\"Calibri\",\"hint\":\"default\"},\"sz\":12,\"szUnit\":\"pt\"},\"spacing\":{\"after\":\"0pt\",\"afterAutospacing\":false,\"before\":\"0pt\",\"beforeAutospacing\":false},\"windowControl\":false},[\"span\",{\"data-type\":\"text\"},[\"span\",{\"bold\":true,\"fonts\":{\"ascii\":\"Calibri\",\"cs\":\"Calibri\",\"eastAsia\":\"\u5fae\u8f6f\u96c5\u9ed1\",\"hAnsi\":\"Calibri\",\"hint\":\"default\"},\"kern\":1,\"sz\":12,\"szUnit\":\"pt\",\"data-type\":\"leaf\"},\"Reliable Manufacturing\"]]]]\">\n<p><strong>Niezawodna produkcja: Produkty s\u0105 wytwarzane przez fabryk\u0119 Runmefit w spos\u00f3b rzemie\u015blniczy, aby zapewni\u0107 najwy\u017csz\u0105 jako\u015b\u0107.<\/strong><\/p>\n<\/li>\n<\/ul>\n<\/article>\n<article class=\"4ever-article\" data-clipboard-cangjie=\"[\"root\",{},[\"p\",{\"ind\":{\"left\":0,\"right\":0},\"jc\":\"justify\",\"keepLines\":false,\"keepNext\":false,\"rPr\":{\"bold\":true,\"fonts\":{\"ascii\":\"Calibri\",\"cs\":\"Calibri\",\"eastAsia\":\"\u5fae\u8f6f\u96c5\u9ed1\",\"hAnsi\":\"Calibri\",\"hint\":\"default\"},\"sz\":12,\"szUnit\":\"pt\"},\"spacing\":{\"after\":\"0pt\",\"afterAutospacing\":false,\"before\":\"0pt\",\"beforeAutospacing\":false},\"windowControl\":false},[\"span\",{\"data-type\":\"text\"},[\"span\",{\"bold\":true,\"fonts\":{\"ascii\":\"Calibri\",\"cs\":\"Calibri\",\"eastAsia\":\"\u5fae\u8f6f\u96c5\u9ed1\",\"hAnsi\":\"Calibri\",\"hint\":\"default\"},\"kern\":1,\"sz\":12,\"szUnit\":\"pt\",\"data-type\":\"leaf\"},\"Powerful Support\"]]]]\">\n<ul>\n<li><strong>Pot\u0119\u017cne wsparcie: Od materia\u0142\u00f3w marketingowych po doradztwo biznesowe 1-1;<\/strong><\/li>\n<\/ul>\n<article class=\"4ever-article\" data-clipboard-cangjie=\"[\"root\",{},[\"p\",{\"ind\":{\"left\":0,\"right\":0},\"jc\":\"justify\",\"keepLines\":false,\"keepNext\":false,\"rPr\":{\"bold\":true,\"fonts\":{\"ascii\":\"Calibri\",\"cs\":\"Calibri\",\"eastAsia\":\"\u5fae\u8f6f\u96c5\u9ed1\",\"hAnsi\":\"Calibri\",\"hint\":\"default\"},\"sz\":12,\"szUnit\":\"pt\"},\"spacing\":{\"after\":\"0pt\",\"afterAutospacing\":false,\"before\":\"0pt\",\"beforeAutospacing\":false},\"windowControl\":false},[\"span\",{\"data-type\":\"text\"},[\"span\",{\"bold\":true,\"fonts\":{\"ascii\":\"Calibri\",\"cs\":\"Calibri\",\"eastAsia\":\"\u5fae\u8f6f\u96c5\u9ed1\",\"hAnsi\":\"Calibri\",\"hint\":\"default\"},\"kern\":1,\"sz\":12,\"szUnit\":\"pt\",\"data-type\":\"leaf\"},\"Exclusive Distributor Opportunity\"]]]]\">\n<ul>\n<li><strong>Mo\u017cliwo\u015b\u0107 wy\u0142\u0105cznej dystrybucji: Jeste\u015bmy otwarci na wy\u0142\u0105czn\u0105 dystrybucj\u0119 w wybranych krajach.<\/strong><\/li>\n<\/ul>\n<article class=\"4ever-article\" data-clipboard-cangjie=\"[\"root\",{},[\"p\",{\"ind\":{\"left\":0,\"right\":0},\"jc\":\"justify\",\"keepLines\":false,\"keepNext\":false,\"rPr\":{\"bold\":true,\"fonts\":{\"ascii\":\"Calibri\",\"cs\":\"Calibri\",\"eastAsia\":\"\u5fae\u8f6f\u96c5\u9ed1\",\"hAnsi\":\"Calibri\",\"hint\":\"default\"},\"sz\":12,\"szUnit\":\"pt\"},\"spacing\":{\"after\":\"0pt\",\"afterAutospacing\":false,\"before\":\"0pt\",\"beforeAutospacing\":false},\"windowControl\":false},[\"span\",{\"data-type\":\"text\"},[\"span\",{\"bold\":true,\"fonts\":{\"ascii\":\"Calibri\",\"cs\":\"Calibri\",\"eastAsia\":\"\u5fae\u8f6f\u96c5\u9ed1\",\"hAnsi\":\"Calibri\",\"hint\":\"default\"},\"kern\":1,\"sz\":12,\"szUnit\":\"pt\",\"data-type\":\"leaf\"},\"Grow with Runmefit\"]]]]\">\n<ul>\n<li><strong>Rozwijaj si\u0119 z Runmefit: Dziel si\u0119 rozwojem marki Runmefit &#8211; nowej wschodz\u0105cej gwiazdy w dziedzinie inteligentnych urz\u0105dze\u0144 do noszenia i rozwi\u0105za\u0144 fitness.<\/strong><\/li>\n<\/ul>\n<\/article>\n<\/article>\n<\/article>\n\t\t\t\t\t\t\t\t<\/div>\n\t\t\t\t<\/div>\n\t\t\t\t\t<\/div>\n\t\t<\/div>\n\t\t\t\t<div class=\"elementor-column elementor-col-50 elementor-top-column elementor-element elementor-element-527d2de1\" data-id=\"527d2de1\" data-element_type=\"column\" data-e-type=\"column\">\n\t\t\t<div class=\"elementor-widget-wrap elementor-element-populated\">\n\t\t\t\t\t\t<div class=\"elementor-element elementor-element-560dc53a elementor-button-align-stretch elementor-widget elementor-widget-form\" data-id=\"560dc53a\" data-element_type=\"widget\" data-e-type=\"widget\" data-settings=\"{&quot;step_next_label&quot;:&quot;Nast\\u0119pny&quot;,&quot;step_previous_label&quot;:&quot;Poprzedni&quot;,&quot;button_width&quot;:&quot;100&quot;,&quot;step_type&quot;:&quot;number_text&quot;,&quot;step_icon_shape&quot;:&quot;circle&quot;}\" data-widget_type=\"form.default\">\n\t\t\t\t<div class=\"elementor-widget-container\">\n\t\t\t\t\t\t\t<form class=\"elementor-form\" method=\"post\" name=\"Nowy formularz\" aria-label=\"Nowy formularz\">\n\t\t\t<input type=\"hidden\" name=\"post_id\" value=\"32697\"\/>\n\t\t\t<input type=\"hidden\" name=\"form_id\" value=\"560dc53a\"\/>\n\t\t\t<input type=\"hidden\" name=\"referer_title\" value=\"Zosta\u0144 Dealerem lub Oficjalnym Dystrybutorem Runmefit\" \/>\n\n\t\t\t\t\t\t\t<input type=\"hidden\" name=\"queried_id\" value=\"32697\"\/>\n\t\t\t\n\t\t\t<div class=\"elementor-form-fields-wrapper elementor-labels-above\">\n\t\t\t\t\t\t\t\t<div class=\"elementor-field-type-text elementor-field-group elementor-column elementor-field-group-name elementor-col-100\">\n\t\t\t\t\t\t\t\t\t\t\t\t<label for=\"form-field-name\" class=\"elementor-field-label\">\n\t\t\t\t\t\t\t\tNazwa\t\t\t\t\t\t\t<\/label>\n\t\t\t\t\t\t\t\t\t\t\t\t\t\t<input size=\"1\" type=\"text\" name=\"form_fields[name]\" id=\"form-field-name\" class=\"elementor-field elementor-size-lg  elementor-field-textual\" placeholder=\"Nazwa\">\n\t\t\t\t\t\t\t\t\t\t\t<\/div>\n\t\t\t\t\t\t\t\t<div class=\"elementor-field-type-email elementor-field-group elementor-column elementor-field-group-email elementor-col-100 elementor-field-required elementor-mark-required\">\n\t\t\t\t\t\t\t\t\t\t\t\t<label for=\"form-field-email\" class=\"elementor-field-label\">\n\t\t\t\t\t\t\t\tE-mail\t\t\t\t\t\t\t<\/label>\n\t\t\t\t\t\t\t\t\t\t\t\t\t\t<input size=\"1\" type=\"email\" name=\"form_fields[email]\" id=\"form-field-email\" class=\"elementor-field elementor-size-lg  elementor-field-textual\" placeholder=\"E-mail\" required=\"required\">\n\t\t\t\t\t\t\t\t\t\t\t<\/div>\n\t\t\t\t\t\t\t\t<div class=\"elementor-field-type-textarea elementor-field-group elementor-column elementor-field-group-message elementor-col-100\">\n\t\t\t\t\t\t\t\t\t\t\t\t<label for=\"form-field-message\" class=\"elementor-field-label\">\n\t\t\t\t\t\t\t\tWiadomo\u015b\u0107\t\t\t\t\t\t\t<\/label>\n\t\t\t\t\t\t<textarea class=\"elementor-field-textual elementor-field  elementor-size-lg\" name=\"form_fields[message]\" id=\"form-field-message\" rows=\"4\" placeholder=\"Prosimy o podanie szczeg\u00f3\u0142owych informacji na temat firmy, takich jak nazwa firmy, obecnie dystrybuowane marki, roczny przych\u00f3d i strona internetowa firmy.\"><\/textarea>\t\t\t\t<\/div>\n\t\t\t\t\t\t\t\t<div class=\"elementor-field-type-select elementor-field-group elementor-column elementor-field-group-field_a380192 elementor-col-100 elementor-field-required elementor-mark-required\">\n\t\t\t\t\t\t\t\t\t\t\t\t<label for=\"form-field-field_a380192\" class=\"elementor-field-label\">\n\t\t\t\t\t\t\t\tKraj lub region\t\t\t\t\t\t\t<\/label>\n\t\t\t\t\t\t\t\t<div class=\"elementor-field elementor-select-wrapper remove-before \">\n\t\t\t<div class=\"select-caret-down-wrapper\">\n\t\t\t\t<i aria-hidden=\"true\" class=\"eicon-caret-down\"><\/i>\t\t\t<\/div>\n\t\t\t<select name=\"form_fields[field_a380192]\" id=\"form-field-field_a380192\" class=\"elementor-field-textual elementor-size-lg\" required=\"required\">\n\t\t\t\t\t\t\t\t\t<option value=\"Afganistan\">Afganistan<\/option>\n\t\t\t\t\t\t\t\t\t<option value=\"Algieria\">Algieria<\/option>\n\t\t\t\t\t\t\t\t\t<option value=\"Angola\">Angola<\/option>\n\t\t\t\t\t\t\t\t\t<option value=\"Argentyna\">Argentyna<\/option>\n\t\t\t\t\t\t\t\t\t<option value=\"Australia\">Australia<\/option>\n\t\t\t\t\t\t\t\t\t<option value=\"Austria\">Austria<\/option>\n\t\t\t\t\t\t\t\t\t<option value=\"Azerbejd\u017can\">Azerbejd\u017can<\/option>\n\t\t\t\t\t\t\t\t\t<option value=\"Bangladesz\">Bangladesz<\/option>\n\t\t\t\t\t\t\t\t\t<option value=\"Bia\u0142oru\u015b\">Bia\u0142oru\u015b<\/option>\n\t\t\t\t\t\t\t\t\t<option value=\"Belgia\">Belgia<\/option>\n\t\t\t\t\t\t\t\t\t<option value=\"Benin\">Benin<\/option>\n\t\t\t\t\t\t\t\t\t<option value=\"Boliwia\">Boliwia<\/option>\n\t\t\t\t\t\t\t\t\t<option value=\"Brazylia\">Brazylia<\/option>\n\t\t\t\t\t\t\t\t\t<option value=\"Burkina Faso\">Burkina Faso<\/option>\n\t\t\t\t\t\t\t\t\t<option value=\"Burundi\">Burundi<\/option>\n\t\t\t\t\t\t\t\t\t<option value=\"Kambod\u017ca\">Kambod\u017ca<\/option>\n\t\t\t\t\t\t\t\t\t<option value=\"Kamerun\">Kamerun<\/option>\n\t\t\t\t\t\t\t\t\t<option value=\"Kanada\">Kanada<\/option>\n\t\t\t\t\t\t\t\t\t<option value=\"Czad\">Czad<\/option>\n\t\t\t\t\t\t\t\t\t<option value=\"Chile\">Chile<\/option>\n\t\t\t\t\t\t\t\t\t<option value=\"Chiny\">Chiny<\/option>\n\t\t\t\t\t\t\t\t\t<option value=\"Kolumbia\">Kolumbia<\/option>\n\t\t\t\t\t\t\t\t\t<option value=\"Kuba\">Kuba<\/option>\n\t\t\t\t\t\t\t\t\t<option value=\"Republika Czeska\">Republika Czeska<\/option>\n\t\t\t\t\t\t\t\t\t<option value=\"Wybrze\u017ce Ko\u015bci S\u0142oniowej\">Wybrze\u017ce Ko\u015bci S\u0142oniowej<\/option>\n\t\t\t\t\t\t\t\t\t<option value=\"Demokratyczna Republika Konga\">Demokratyczna Republika Konga<\/option>\n\t\t\t\t\t\t\t\t\t<option value=\"Republika Dominika\u0144ska\">Republika Dominika\u0144ska<\/option>\n\t\t\t\t\t\t\t\t\t<option value=\"Ekwador\">Ekwador<\/option>\n\t\t\t\t\t\t\t\t\t<option value=\"Egipt\">Egipt<\/option>\n\t\t\t\t\t\t\t\t\t<option value=\"Etiopia\">Etiopia<\/option>\n\t\t\t\t\t\t\t\t\t<option value=\"Francja\">Francja<\/option>\n\t\t\t\t\t\t\t\t\t<option value=\"Niemcy\">Niemcy<\/option>\n\t\t\t\t\t\t\t\t\t<option value=\"Ghana\">Ghana<\/option>\n\t\t\t\t\t\t\t\t\t<option value=\"Grecja\">Grecja<\/option>\n\t\t\t\t\t\t\t\t\t<option value=\"Gwatemala\">Gwatemala<\/option>\n\t\t\t\t\t\t\t\t\t<option value=\"Gwinea\">Gwinea<\/option>\n\t\t\t\t\t\t\t\t\t<option value=\"Haiti\">Haiti<\/option>\n\t\t\t\t\t\t\t\t\t<option value=\"Honduras\">Honduras<\/option>\n\t\t\t\t\t\t\t\t\t<option value=\"W\u0119gry\">W\u0119gry<\/option>\n\t\t\t\t\t\t\t\t\t<option value=\"Indie\">Indie<\/option>\n\t\t\t\t\t\t\t\t\t<option value=\"Indonezja\">Indonezja<\/option>\n\t\t\t\t\t\t\t\t\t<option value=\"Iran\">Iran<\/option>\n\t\t\t\t\t\t\t\t\t<option value=\"Irak\">Irak<\/option>\n\t\t\t\t\t\t\t\t\t<option value=\"Izrael\">Izrael<\/option>\n\t\t\t\t\t\t\t\t\t<option value=\"W\u0142ochy\">W\u0142ochy<\/option>\n\t\t\t\t\t\t\t\t\t<option value=\"Japonia\">Japonia<\/option>\n\t\t\t\t\t\t\t\t\t<option value=\"Jordan\">Jordan<\/option>\n\t\t\t\t\t\t\t\t\t<option value=\"Kazachstan\">Kazachstan<\/option>\n\t\t\t\t\t\t\t\t\t<option value=\"Kenia\">Kenia<\/option>\n\t\t\t\t\t\t\t\t\t<option value=\"Madagaskar\">Madagaskar<\/option>\n\t\t\t\t\t\t\t\t\t<option value=\"Malawi\">Malawi<\/option>\n\t\t\t\t\t\t\t\t\t<option value=\"Malezja\">Malezja<\/option>\n\t\t\t\t\t\t\t\t\t<option value=\"Mali\">Mali<\/option>\n\t\t\t\t\t\t\t\t\t<option value=\"Meksyk\">Meksyk<\/option>\n\t\t\t\t\t\t\t\t\t<option value=\"Maroko\">Maroko<\/option>\n\t\t\t\t\t\t\t\t\t<option value=\"Mozambik\">Mozambik<\/option>\n\t\t\t\t\t\t\t\t\t<option value=\"Birma\">Birma<\/option>\n\t\t\t\t\t\t\t\t\t<option value=\"Nepal\">Nepal<\/option>\n\t\t\t\t\t\t\t\t\t<option value=\"Holandia\">Holandia<\/option>\n\t\t\t\t\t\t\t\t\t<option value=\"Niger\">Niger<\/option>\n\t\t\t\t\t\t\t\t\t<option value=\"Nigeria\">Nigeria<\/option>\n\t\t\t\t\t\t\t\t\t<option value=\"Korea P\u00f3\u0142nocna\">Korea P\u00f3\u0142nocna<\/option>\n\t\t\t\t\t\t\t\t\t<option value=\"Pakistan\">Pakistan<\/option>\n\t\t\t\t\t\t\t\t\t<option value=\"Papua-Nowa Gwinea\">Papua-Nowa Gwinea<\/option>\n\t\t\t\t\t\t\t\t\t<option value=\"Peru\">Peru<\/option>\n\t\t\t\t\t\t\t\t\t<option value=\"Filipiny\">Filipiny<\/option>\n\t\t\t\t\t\t\t\t\t<option value=\"Polska\">Polska<\/option>\n\t\t\t\t\t\t\t\t\t<option value=\"Portugalia\">Portugalia<\/option>\n\t\t\t\t\t\t\t\t\t<option value=\"Rumunia\">Rumunia<\/option>\n\t\t\t\t\t\t\t\t\t<option value=\"Rosja\">Rosja<\/option>\n\t\t\t\t\t\t\t\t\t<option value=\"Rwanda\">Rwanda<\/option>\n\t\t\t\t\t\t\t\t\t<option value=\"Arabia Saudyjska\">Arabia Saudyjska<\/option>\n\t\t\t\t\t\t\t\t\t<option value=\"Senegal\">Senegal<\/option>\n\t\t\t\t\t\t\t\t\t<option value=\"Serbia\">Serbia<\/option>\n\t\t\t\t\t\t\t\t\t<option value=\"Somalia\">Somalia<\/option>\n\t\t\t\t\t\t\t\t\t<option value=\"Republika Po\u0142udniowej Afryki\">Republika Po\u0142udniowej Afryki<\/option>\n\t\t\t\t\t\t\t\t\t<option value=\"Korea Po\u0142udniowa\">Korea Po\u0142udniowa<\/option>\n\t\t\t\t\t\t\t\t\t<option value=\"Sudan Po\u0142udniowy\">Sudan Po\u0142udniowy<\/option>\n\t\t\t\t\t\t\t\t\t<option value=\"Hiszpania\">Hiszpania<\/option>\n\t\t\t\t\t\t\t\t\t<option value=\"Sri Lanka\">Sri Lanka<\/option>\n\t\t\t\t\t\t\t\t\t<option value=\"Sudan\">Sudan<\/option>\n\t\t\t\t\t\t\t\t\t<option value=\"Szwecja\">Szwecja<\/option>\n\t\t\t\t\t\t\t\t\t<option value=\"Syria\">Syria<\/option>\n\t\t\t\t\t\t\t\t\t<option value=\"Tajwan\">Tajwan<\/option>\n\t\t\t\t\t\t\t\t\t<option value=\"Tad\u017cykistan\">Tad\u017cykistan<\/option>\n\t\t\t\t\t\t\t\t\t<option value=\"Tanzania\">Tanzania<\/option>\n\t\t\t\t\t\t\t\t\t<option value=\"Tajlandia\">Tajlandia<\/option>\n\t\t\t\t\t\t\t\t\t<option value=\"Tunezja\">Tunezja<\/option>\n\t\t\t\t\t\t\t\t\t<option value=\"Turcja\">Turcja<\/option>\n\t\t\t\t\t\t\t\t\t<option value=\"Uganda\">Uganda<\/option>\n\t\t\t\t\t\t\t\t\t<option value=\"Ukraina\">Ukraina<\/option>\n\t\t\t\t\t\t\t\t\t<option value=\"Zjednoczone Emiraty Arabskie\">Zjednoczone Emiraty Arabskie<\/option>\n\t\t\t\t\t\t\t\t\t<option value=\"Wielka Brytania\">Wielka Brytania<\/option>\n\t\t\t\t\t\t\t\t\t<option value=\"Stany Zjednoczone\">Stany Zjednoczone<\/option>\n\t\t\t\t\t\t\t\t\t<option value=\"Uzbekistan\">Uzbekistan<\/option>\n\t\t\t\t\t\t\t\t\t<option value=\"Wenezuela\">Wenezuela<\/option>\n\t\t\t\t\t\t\t\t\t<option value=\"Wietnam\">Wietnam<\/option>\n\t\t\t\t\t\t\t\t\t<option value=\"Jemen\">Jemen<\/option>\n\t\t\t\t\t\t\t\t\t<option value=\"Zambia\">Zambia<\/option>\n\t\t\t\t\t\t\t\t\t<option value=\"Zimbabwe  \">Zimbabwe  <\/option>\n\t\t\t\t\t\t\t\t\t<option value=\"Inne\">Inne<\/option>\n\t\t\t\t\t\t\t<\/select>\n\t\t<\/div>\n\t\t\t\t\t\t<\/div>\n\t\t\t\t\t\t\t\t<div class=\"elementor-field-type-select elementor-field-group elementor-column elementor-field-group-field_c0058bb elementor-col-100 elementor-field-required elementor-mark-required\">\n\t\t\t\t\t\t\t\t\t\t\t\t<label for=\"form-field-field_c0058bb\" class=\"elementor-field-label\">\n\t\t\t\t\t\t\t\tCzy masz do\u015bwiadczenie w sprzeda\u017cy elektroniki u\u017cytkowej?\t\t\t\t\t\t\t<\/label>\n\t\t\t\t\t\t\t\t<div class=\"elementor-field elementor-select-wrapper remove-before \">\n\t\t\t<div class=\"select-caret-down-wrapper\">\n\t\t\t\t<i aria-hidden=\"true\" class=\"eicon-caret-down\"><\/i>\t\t\t<\/div>\n\t\t\t<select name=\"form_fields[field_c0058bb]\" id=\"form-field-field_c0058bb\" class=\"elementor-field-textual elementor-size-lg\" required=\"required\">\n\t\t\t\t\t\t\t\t\t<option value=\"Tak\">Tak<\/option>\n\t\t\t\t\t\t\t\t\t<option value=\"Nie\">Nie<\/option>\n\t\t\t\t\t\t\t<\/select>\n\t\t<\/div>\n\t\t\t\t\t\t<\/div>\n\t\t\t\t\t\t\t\t<div class=\"elementor-field-type-recaptcha_v3 elementor-field-group elementor-column elementor-field-group-field_80ac2c7 elementor-col-100 recaptcha_v3-bottomright\">\n\t\t\t\t\t<div class=\"elementor-field\" id=\"form-field-field_80ac2c7\"><div class=\"elementor-g-recaptcha\" data-sitekey=\"6LdNqLYpAAAAAEYP-BYym3pk58UYpbhLRD0D_jT_\" data-type=\"v3\" data-action=\"Form\" data-badge=\"bottomright\" data-size=\"invisible\"><\/div><\/div>\t\t\t\t<\/div>\n\t\t\t\t\t\t\t\t<div class=\"elementor-field-group elementor-column elementor-field-type-submit elementor-col-100 e-form__buttons\">\n\t\t\t\t\t<button class=\"elementor-button elementor-size-lg\" type=\"submit\">\n\t\t\t\t\t\t<span class=\"elementor-button-content-wrapper\">\n\t\t\t\t\t\t\t\t\t\t\t\t\t\t\t<span class=\"elementor-button-icon\">\n\t\t\t\t\t\t\t\t\t<i aria-hidden=\"true\" class=\"far fa-arrow-alt-circle-right\"><\/i>\t\t\t\t\t\t\t\t\t\t\t\t\t\t\t\t\t<\/span>\n\t\t\t\t\t\t\t\t\t\t\t\t\t\t\t\t\t\t\t\t\t\t<span class=\"elementor-button-text\">Aplikuj teraz<\/span>\n\t\t\t\t\t\t\t\t\t\t\t\t\t<\/span>\n\t\t\t\t\t<\/button>\n\t\t\t\t<\/div>\n\t\t\t<\/div>\n\t\t<\/form>\n\t\t\t\t\t\t<\/div>\n\t\t\t\t<\/div>\n\t\t\t\t\t<\/div>\n\t\t<\/div>\n\t\t\t\t\t<\/div>\n\t\t<\/section>\n\t\t\t\t<\/div>\n\t\t","protected":false},"excerpt":{"rendered":"<p>Zosta\u0144 Dealerem lub Oficjalnym Dystrybutorem Runmefit Popraw swoje samopoczucie, wzmocnij ka\u017cdy bieg To nie tylko nasz slogan; to esencja naszego zaanga\u017cowania. Runmefit jest przeznaczony dla ka\u017cdego: od zapalonego sportowca po porannego biegacza, weekendowego poszukiwacza przyg\u00f3d i tych, kt\u00f3rzy chc\u0105 pozosta\u0107 w zgodzie ze swoim zdrowiem. Tworzymy technologi\u0119, kt\u00f3ra motywuje, inspiruje i wspiera ka\u017cdy krok i [&hellip;]<\/p>\n","protected":false},"author":1,"featured_media":0,"parent":32602,"menu_order":0,"comment_status":"closed","ping_status":"closed","template":"","meta":{"_seopress_robots_primary_cat":"","_seopress_titles_title":"Zosta\u0144 dealerem lub dystrybutorem Runmefit","_seopress_titles_desc":"Aplikuj teraz, aby do\u0142\u0105czy\u0107 do sieci Runmefit jako dealer lub dystrybutor. Poszerz swoje portfolio o nasze innowacyjne produkty! ","_seopress_robots_index":"","footnotes":""},"class_list":["post-32697","page","type-page","status-publish","hentry"],"_links":{"self":[{"href":"https:\/\/runmefit.com\/pl\/wp-json\/wp\/v2\/pages\/32697","targetHints":{"allow":["GET"]}}],"collection":[{"href":"https:\/\/runmefit.com\/pl\/wp-json\/wp\/v2\/pages"}],"about":[{"href":"https:\/\/runmefit.com\/pl\/wp-json\/wp\/v2\/types\/page"}],"author":[{"embeddable":true,"href":"https:\/\/runmefit.com\/pl\/wp-json\/wp\/v2\/users\/1"}],"replies":[{"embeddable":true,"href":"https:\/\/runmefit.com\/pl\/wp-json\/wp\/v2\/comments?post=32697"}],"version-history":[{"count":0,"href":"https:\/\/runmefit.com\/pl\/wp-json\/wp\/v2\/pages\/32697\/revisions"}],"up":[{"embeddable":true,"href":"https:\/\/runmefit.com\/pl\/wp-json\/wp\/v2\/pages\/32602"}],"wp:attachment":[{"href":"https:\/\/runmefit.com\/pl\/wp-json\/wp\/v2\/media?parent=32697"}],"curies":[{"name":"wp","href":"https:\/\/api.w.org\/{rel}","templated":true}]}}