{"id":32703,"date":"2024-05-23T02:24:14","date_gmt":"2024-05-23T02:24:14","guid":{"rendered":"https:\/\/runmefit.com\/skontaktuj-sie-z-nami\/uzyskaj-pomoc-dotyczaca-mojego-zamowienia\/"},"modified":"2025-02-13T06:00:19","modified_gmt":"2025-02-13T06:00:19","slug":"uzyskaj-pomoc-dotyczaca-mojego-zamowienia","status":"publish","type":"page","link":"https:\/\/runmefit.com\/pl\/skontaktuj-sie-z-nami\/uzyskaj-pomoc-dotyczaca-mojego-zamowienia\/","title":{"rendered":"Uzyskaj pomoc dotycz\u0105c\u0105 mojego zam\u00f3wienia"},"content":{"rendered":"\t\t<div data-elementor-type=\"wp-page\" data-elementor-id=\"32703\" class=\"elementor elementor-32703 elementor-914\" data-elementor-post-type=\"page\">\n\t\t\t\t\t\t<section class=\"elementor-section elementor-top-section elementor-element elementor-element-a956753 elementor-section-boxed elementor-section-height-default elementor-section-height-default\" data-id=\"a956753\" data-element_type=\"section\" data-e-type=\"section\">\n\t\t\t\t\t\t<div class=\"elementor-container elementor-column-gap-default\">\n\t\t\t\t\t<div class=\"elementor-column elementor-col-100 elementor-top-column elementor-element elementor-element-ad1d94e\" data-id=\"ad1d94e\" data-element_type=\"column\" data-e-type=\"column\">\n\t\t\t<div class=\"elementor-widget-wrap elementor-element-populated\">\n\t\t\t\t\t\t<div class=\"elementor-element elementor-element-65a27bd elementor-widget elementor-widget-heading\" data-id=\"65a27bd\" data-element_type=\"widget\" data-e-type=\"widget\" data-widget_type=\"heading.default\">\n\t\t\t\t<div class=\"elementor-widget-container\">\n\t\t\t\t\t<h2 class=\"elementor-heading-title elementor-size-default\">Uzyskaj pomoc dotycz\u0105c\u0105 Mojego zam\u00f3wienia<\/h2>\t\t\t\t<\/div>\n\t\t\t\t<\/div>\n\t\t\t\t<div class=\"elementor-element elementor-element-d6fe8aa elementor-widget elementor-widget-text-editor\" data-id=\"d6fe8aa\" data-element_type=\"widget\" data-e-type=\"widget\" data-widget_type=\"text-editor.default\">\n\t\t\t\t<div class=\"elementor-widget-container\">\n\t\t\t\t\t\t\t\t\t<div class=\"flex max-w-full flex-col flex-grow\">\n<div class=\"min-h-[20px] text-message flex w-full flex-col items-end gap-2 whitespace-normal break-words [.text-message+&amp;]:mt-5\" dir=\"auto\" data-message-author-role=\"assistant\" data-message-id=\"773a653e-4114-4e7e-bbc6-a0e481e3f9ce\">\n<div class=\"flex w-full flex-col gap-1 empty:hidden first:pt-[3px]\">\n<div class=\"markdown prose w-full break-words dark:prose-invert dark\">\n<p>W przypadku zam\u00f3wie\u0144 z\u0142o\u017conych w oficjalnym sklepie Runmefit mo\u017cna z\u0142o\u017cy\u0107 reklamacj\u0119 na tej stronie. Je\u015bli zam\u00f3wienie zosta\u0142o z\u0142o\u017cone za po\u015brednictwem zewn\u0119trznego sprzedawcy, prosimy o kontakt z pierwotnym kana\u0142em zakupu w celu uzyskania pomocy. <\/p>\n<p>Uwaga: Zakupione oddzielnie akcesoria (takie jak wymienne opaski i paski) nie kwalifikuj\u0105 si\u0119 do zwrotu, poniewa\u017c s\u0105 uwa\u017cane za przedmioty maj\u0105ce kontakt ze sk\u00f3r\u0105. Je\u015bli akcesoria te zosta\u0142y zakupione wraz z urz\u0105dzeniem, musz\u0105 zosta\u0107 zwr\u00f3cone razem. <\/p>\n<\/p>\n<\/div>\n<\/div>\n<\/div>\n<\/div>\n\t\t\t\t\t\t\t\t<\/div>\n\t\t\t\t<\/div>\n\t\t\t\t\t<\/div>\n\t\t<\/div>\n\t\t\t\t\t<\/div>\n\t\t<\/section>\n\t\t\t\t<section class=\"elementor-section elementor-top-section elementor-element elementor-element-7fa91db elementor-section-boxed elementor-section-height-default elementor-section-height-default\" data-id=\"7fa91db\" data-element_type=\"section\" data-e-type=\"section\">\n\t\t\t\t\t\t<div class=\"elementor-container elementor-column-gap-default\">\n\t\t\t\t\t<div class=\"elementor-column elementor-col-100 elementor-top-column elementor-element elementor-element-43e392fd\" data-id=\"43e392fd\" data-element_type=\"column\" data-e-type=\"column\">\n\t\t\t<div class=\"elementor-widget-wrap elementor-element-populated\">\n\t\t\t\t\t\t<div class=\"elementor-element elementor-element-321a4594 elementor-button-align-stretch elementor-widget elementor-widget-form\" data-id=\"321a4594\" data-element_type=\"widget\" data-e-type=\"widget\" data-settings=\"{&quot;step_next_label&quot;:&quot;Nast\\u0119pny&quot;,&quot;step_previous_label&quot;:&quot;Poprzedni&quot;,&quot;button_width&quot;:&quot;100&quot;,&quot;step_type&quot;:&quot;number_text&quot;,&quot;step_icon_shape&quot;:&quot;circle&quot;}\" data-widget_type=\"form.default\">\n\t\t\t\t<div class=\"elementor-widget-container\">\n\t\t\t\t\t\t\t<form class=\"elementor-form\" method=\"post\" name=\"Nowy formularz\" aria-label=\"Nowy formularz\">\n\t\t\t<input type=\"hidden\" name=\"post_id\" value=\"32703\"\/>\n\t\t\t<input type=\"hidden\" name=\"form_id\" value=\"321a4594\"\/>\n\t\t\t<input type=\"hidden\" name=\"referer_title\" value=\"Uzyskaj pomoc dotycz\u0105c\u0105 mojego zam\u00f3wienia\" \/>\n\n\t\t\t\t\t\t\t<input type=\"hidden\" name=\"queried_id\" value=\"32703\"\/>\n\t\t\t\n\t\t\t<div class=\"elementor-form-fields-wrapper elementor-labels-above\">\n\t\t\t\t\t\t\t\t<div class=\"elementor-field-type-text elementor-field-group elementor-column elementor-field-group-name elementor-col-100 elementor-field-required elementor-mark-required\">\n\t\t\t\t\t\t\t\t\t\t\t\t<label for=\"form-field-name\" class=\"elementor-field-label\">\n\t\t\t\t\t\t\t\tNumer zam\u00f3wienia\t\t\t\t\t\t\t<\/label>\n\t\t\t\t\t\t\t\t\t\t\t\t\t\t<input size=\"1\" type=\"text\" name=\"form_fields[name]\" id=\"form-field-name\" class=\"elementor-field elementor-size-lg  elementor-field-textual\" placeholder=\"Numer zam\u00f3wienia\" required=\"required\">\n\t\t\t\t\t\t\t\t\t\t\t<\/div>\n\t\t\t\t\t\t\t\t<div class=\"elementor-field-type-text elementor-field-group elementor-column elementor-field-group-field_51c760e elementor-col-100 elementor-field-required elementor-mark-required\">\n\t\t\t\t\t\t\t\t\t\t\t\t<label for=\"form-field-field_51c760e\" class=\"elementor-field-label\">\n\t\t\t\t\t\t\t\tImi\u0119 i nazwisko\t\t\t\t\t\t\t<\/label>\n\t\t\t\t\t\t\t\t\t\t\t\t\t\t<input size=\"1\" type=\"text\" name=\"form_fields[field_51c760e]\" id=\"form-field-field_51c760e\" class=\"elementor-field elementor-size-lg  elementor-field-textual\" placeholder=\"Taka sama jak nazwa zam\u00f3wienia\" required=\"required\">\n\t\t\t\t\t\t\t\t\t\t\t<\/div>\n\t\t\t\t\t\t\t\t<div class=\"elementor-field-type-email elementor-field-group elementor-column elementor-field-group-email elementor-col-100 elementor-field-required elementor-mark-required\">\n\t\t\t\t\t\t\t\t\t\t\t\t<label for=\"form-field-email\" class=\"elementor-field-label\">\n\t\t\t\t\t\t\t\tE-mail\t\t\t\t\t\t\t<\/label>\n\t\t\t\t\t\t\t\t\t\t\t\t\t\t<input size=\"1\" type=\"email\" name=\"form_fields[email]\" id=\"form-field-email\" class=\"elementor-field elementor-size-lg  elementor-field-textual\" placeholder=\"Taki sam jak adres e-mail zam\u00f3wienia\" required=\"required\">\n\t\t\t\t\t\t\t\t\t\t\t<\/div>\n\t\t\t\t\t\t\t\t<div class=\"elementor-field-type-select elementor-field-group elementor-column elementor-field-group-field_58e66ac elementor-col-100 elementor-field-required elementor-mark-required\">\n\t\t\t\t\t\t\t\t\t\t\t\t<label for=\"form-field-field_58e66ac\" class=\"elementor-field-label\">\n\t\t\t\t\t\t\t\tKraj lub region\t\t\t\t\t\t\t<\/label>\n\t\t\t\t\t\t\t\t<div class=\"elementor-field elementor-select-wrapper remove-before \">\n\t\t\t<div class=\"select-caret-down-wrapper\">\n\t\t\t\t<i aria-hidden=\"true\" class=\"eicon-caret-down\"><\/i>\t\t\t<\/div>\n\t\t\t<select name=\"form_fields[field_58e66ac]\" id=\"form-field-field_58e66ac\" class=\"elementor-field-textual elementor-size-lg\" required=\"required\">\n\t\t\t\t\t\t\t\t\t<option value=\"Afganistan\">Afganistan<\/option>\n\t\t\t\t\t\t\t\t\t<option value=\"Algieria\">Algieria<\/option>\n\t\t\t\t\t\t\t\t\t<option value=\"Angola\">Angola<\/option>\n\t\t\t\t\t\t\t\t\t<option value=\"Argentyna\">Argentyna<\/option>\n\t\t\t\t\t\t\t\t\t<option value=\"Australia\">Australia<\/option>\n\t\t\t\t\t\t\t\t\t<option value=\"Austria\">Austria<\/option>\n\t\t\t\t\t\t\t\t\t<option value=\"Azerbejd\u017can\">Azerbejd\u017can<\/option>\n\t\t\t\t\t\t\t\t\t<option value=\"Bangladesz\">Bangladesz<\/option>\n\t\t\t\t\t\t\t\t\t<option value=\"Bia\u0142oru\u015b\">Bia\u0142oru\u015b<\/option>\n\t\t\t\t\t\t\t\t\t<option value=\"Belgia\">Belgia<\/option>\n\t\t\t\t\t\t\t\t\t<option value=\"Benin\">Benin<\/option>\n\t\t\t\t\t\t\t\t\t<option value=\"Boliwia\">Boliwia<\/option>\n\t\t\t\t\t\t\t\t\t<option value=\"Brazylia\">Brazylia<\/option>\n\t\t\t\t\t\t\t\t\t<option value=\"Burkina Faso\">Burkina Faso<\/option>\n\t\t\t\t\t\t\t\t\t<option value=\"Burundi\">Burundi<\/option>\n\t\t\t\t\t\t\t\t\t<option value=\"Kambod\u017ca\">Kambod\u017ca<\/option>\n\t\t\t\t\t\t\t\t\t<option value=\"Kamerun\">Kamerun<\/option>\n\t\t\t\t\t\t\t\t\t<option value=\"Kanada\">Kanada<\/option>\n\t\t\t\t\t\t\t\t\t<option value=\"Czad\">Czad<\/option>\n\t\t\t\t\t\t\t\t\t<option value=\"Chile\">Chile<\/option>\n\t\t\t\t\t\t\t\t\t<option value=\"Chiny\">Chiny<\/option>\n\t\t\t\t\t\t\t\t\t<option value=\"Kolumbia\">Kolumbia<\/option>\n\t\t\t\t\t\t\t\t\t<option value=\"Kuba\">Kuba<\/option>\n\t\t\t\t\t\t\t\t\t<option value=\"Republika Czeska\">Republika Czeska<\/option>\n\t\t\t\t\t\t\t\t\t<option value=\"Wybrze\u017ce Ko\u015bci S\u0142oniowej\">Wybrze\u017ce Ko\u015bci S\u0142oniowej<\/option>\n\t\t\t\t\t\t\t\t\t<option value=\"Demokratyczna Republika Konga\">Demokratyczna Republika Konga<\/option>\n\t\t\t\t\t\t\t\t\t<option value=\"Republika Dominika\u0144ska\">Republika Dominika\u0144ska<\/option>\n\t\t\t\t\t\t\t\t\t<option value=\"Ekwador\">Ekwador<\/option>\n\t\t\t\t\t\t\t\t\t<option value=\"Egipt\">Egipt<\/option>\n\t\t\t\t\t\t\t\t\t<option value=\"Etiopia\">Etiopia<\/option>\n\t\t\t\t\t\t\t\t\t<option value=\"Francja\">Francja<\/option>\n\t\t\t\t\t\t\t\t\t<option value=\"Niemcy\">Niemcy<\/option>\n\t\t\t\t\t\t\t\t\t<option value=\"Ghana\">Ghana<\/option>\n\t\t\t\t\t\t\t\t\t<option value=\"Grecja\">Grecja<\/option>\n\t\t\t\t\t\t\t\t\t<option value=\"Gwatemala\">Gwatemala<\/option>\n\t\t\t\t\t\t\t\t\t<option value=\"Gwinea\">Gwinea<\/option>\n\t\t\t\t\t\t\t\t\t<option value=\"Haiti\">Haiti<\/option>\n\t\t\t\t\t\t\t\t\t<option value=\"Honduras\">Honduras<\/option>\n\t\t\t\t\t\t\t\t\t<option value=\"W\u0119gry\">W\u0119gry<\/option>\n\t\t\t\t\t\t\t\t\t<option value=\"Indie\">Indie<\/option>\n\t\t\t\t\t\t\t\t\t<option value=\"Indonezja\">Indonezja<\/option>\n\t\t\t\t\t\t\t\t\t<option value=\"Iran\">Iran<\/option>\n\t\t\t\t\t\t\t\t\t<option value=\"Irak\">Irak<\/option>\n\t\t\t\t\t\t\t\t\t<option value=\"Izrael\">Izrael<\/option>\n\t\t\t\t\t\t\t\t\t<option value=\"W\u0142ochy\">W\u0142ochy<\/option>\n\t\t\t\t\t\t\t\t\t<option value=\"Japonia\">Japonia<\/option>\n\t\t\t\t\t\t\t\t\t<option value=\"Jordan\">Jordan<\/option>\n\t\t\t\t\t\t\t\t\t<option value=\"Kazachstan\">Kazachstan<\/option>\n\t\t\t\t\t\t\t\t\t<option value=\"Kenia\">Kenia<\/option>\n\t\t\t\t\t\t\t\t\t<option value=\"Madagaskar\">Madagaskar<\/option>\n\t\t\t\t\t\t\t\t\t<option value=\"Malawi\">Malawi<\/option>\n\t\t\t\t\t\t\t\t\t<option value=\"Malezja\">Malezja<\/option>\n\t\t\t\t\t\t\t\t\t<option value=\"Mali\">Mali<\/option>\n\t\t\t\t\t\t\t\t\t<option value=\"Meksyk\">Meksyk<\/option>\n\t\t\t\t\t\t\t\t\t<option value=\"Maroko\">Maroko<\/option>\n\t\t\t\t\t\t\t\t\t<option value=\"Mozambik\">Mozambik<\/option>\n\t\t\t\t\t\t\t\t\t<option value=\"Birma\">Birma<\/option>\n\t\t\t\t\t\t\t\t\t<option value=\"Nepal\">Nepal<\/option>\n\t\t\t\t\t\t\t\t\t<option value=\"Holandia\">Holandia<\/option>\n\t\t\t\t\t\t\t\t\t<option value=\"Niger\">Niger<\/option>\n\t\t\t\t\t\t\t\t\t<option value=\"Nigeria\">Nigeria<\/option>\n\t\t\t\t\t\t\t\t\t<option value=\"Korea P\u00f3\u0142nocna\">Korea P\u00f3\u0142nocna<\/option>\n\t\t\t\t\t\t\t\t\t<option value=\"Pakistan\">Pakistan<\/option>\n\t\t\t\t\t\t\t\t\t<option value=\"Papua-Nowa Gwinea\">Papua-Nowa Gwinea<\/option>\n\t\t\t\t\t\t\t\t\t<option value=\"Peru\">Peru<\/option>\n\t\t\t\t\t\t\t\t\t<option value=\"Filipiny\">Filipiny<\/option>\n\t\t\t\t\t\t\t\t\t<option value=\"Polska\">Polska<\/option>\n\t\t\t\t\t\t\t\t\t<option value=\"Portugalia\">Portugalia<\/option>\n\t\t\t\t\t\t\t\t\t<option value=\"Rumunia\">Rumunia<\/option>\n\t\t\t\t\t\t\t\t\t<option value=\"Rosja\">Rosja<\/option>\n\t\t\t\t\t\t\t\t\t<option value=\"Rwanda\">Rwanda<\/option>\n\t\t\t\t\t\t\t\t\t<option value=\"Arabia Saudyjska\">Arabia Saudyjska<\/option>\n\t\t\t\t\t\t\t\t\t<option value=\"Senegal\">Senegal<\/option>\n\t\t\t\t\t\t\t\t\t<option value=\"Serbia\">Serbia<\/option>\n\t\t\t\t\t\t\t\t\t<option value=\"Somalia\">Somalia<\/option>\n\t\t\t\t\t\t\t\t\t<option value=\"Republika Po\u0142udniowej Afryki\">Republika Po\u0142udniowej Afryki<\/option>\n\t\t\t\t\t\t\t\t\t<option value=\"Korea Po\u0142udniowa\">Korea Po\u0142udniowa<\/option>\n\t\t\t\t\t\t\t\t\t<option value=\"Sudan Po\u0142udniowy\">Sudan Po\u0142udniowy<\/option>\n\t\t\t\t\t\t\t\t\t<option value=\"Hiszpania\">Hiszpania<\/option>\n\t\t\t\t\t\t\t\t\t<option value=\"Sri Lanka\">Sri Lanka<\/option>\n\t\t\t\t\t\t\t\t\t<option value=\"Sudan\">Sudan<\/option>\n\t\t\t\t\t\t\t\t\t<option value=\"Szwecja\">Szwecja<\/option>\n\t\t\t\t\t\t\t\t\t<option value=\"Syria\">Syria<\/option>\n\t\t\t\t\t\t\t\t\t<option value=\"Tajwan (Chiny)\">Tajwan (Chiny)<\/option>\n\t\t\t\t\t\t\t\t\t<option value=\"Tad\u017cykistan\">Tad\u017cykistan<\/option>\n\t\t\t\t\t\t\t\t\t<option value=\"Tanzania\">Tanzania<\/option>\n\t\t\t\t\t\t\t\t\t<option value=\"Tajlandia\">Tajlandia<\/option>\n\t\t\t\t\t\t\t\t\t<option value=\"Tunezja\">Tunezja<\/option>\n\t\t\t\t\t\t\t\t\t<option value=\"Turcja\">Turcja<\/option>\n\t\t\t\t\t\t\t\t\t<option value=\"Uganda\">Uganda<\/option>\n\t\t\t\t\t\t\t\t\t<option value=\"Ukraina\">Ukraina<\/option>\n\t\t\t\t\t\t\t\t\t<option value=\"Zjednoczone Emiraty Arabskie\">Zjednoczone Emiraty Arabskie<\/option>\n\t\t\t\t\t\t\t\t\t<option value=\"Wielka Brytania\">Wielka Brytania<\/option>\n\t\t\t\t\t\t\t\t\t<option value=\"Stany Zjednoczone\">Stany Zjednoczone<\/option>\n\t\t\t\t\t\t\t\t\t<option value=\"Uzbekistan\">Uzbekistan<\/option>\n\t\t\t\t\t\t\t\t\t<option value=\"Wenezuela\">Wenezuela<\/option>\n\t\t\t\t\t\t\t\t\t<option value=\"Wietnam\">Wietnam<\/option>\n\t\t\t\t\t\t\t\t\t<option value=\"Jemen\">Jemen<\/option>\n\t\t\t\t\t\t\t\t\t<option value=\"Zambia\">Zambia<\/option>\n\t\t\t\t\t\t\t\t\t<option value=\"Zimbabwe  \">Zimbabwe  <\/option>\n\t\t\t\t\t\t\t\t\t<option value=\"Inne\">Inne<\/option>\n\t\t\t\t\t\t\t<\/select>\n\t\t<\/div>\n\t\t\t\t\t\t<\/div>\n\t\t\t\t\t\t\t\t<div class=\"elementor-field-type-text elementor-field-group elementor-column elementor-field-group-message elementor-col-100 elementor-field-required elementor-mark-required\">\n\t\t\t\t\t\t\t\t\t\t\t\t<label for=\"form-field-message\" class=\"elementor-field-label\">\n\t\t\t\t\t\t\t\tAdres wysy\u0142ki\t\t\t\t\t\t\t<\/label>\n\t\t\t\t\t\t\t\t\t\t\t\t\t\t<input size=\"1\" type=\"text\" name=\"form_fields[message]\" id=\"form-field-message\" class=\"elementor-field elementor-size-lg  elementor-field-textual\" placeholder=\"Taki sam jak adres wysy\u0142ki zam\u00f3wienia\" required=\"required\">\n\t\t\t\t\t\t\t\t\t\t\t<\/div>\n\t\t\t\t\t\t\t\t<div class=\"elementor-field-type-select elementor-field-group elementor-column elementor-field-group-field_122e96a elementor-col-100 elementor-field-required elementor-mark-required\">\n\t\t\t\t\t\t\t\t\t\t\t\t<label for=\"form-field-field_122e96a\" class=\"elementor-field-label\">\n\t\t\t\t\t\t\t\tZakupiony produkt\t\t\t\t\t\t\t<\/label>\n\t\t\t\t\t\t\t\t<div class=\"elementor-field elementor-select-wrapper remove-before \">\n\t\t\t<div class=\"select-caret-down-wrapper\">\n\t\t\t\t<i aria-hidden=\"true\" class=\"eicon-caret-down\"><\/i>\t\t\t<\/div>\n\t\t\t<select name=\"form_fields[field_122e96a]\" id=\"form-field-field_122e96a\" class=\"elementor-field-textual elementor-size-lg\" required=\"required\">\n\t\t\t\t\t\t\t\t\t<option value=\"GTS 7 Smart Watch\">GTS 7 Smart Watch<\/option>\n\t\t\t\t\t\t\t\t\t<option value=\"GTS 7 Pro Smart Watch\">GTS 7 Pro Smart Watch<\/option>\n\t\t\t\t\t\t\t\t\t<option value=\"GTS 8 Smart Watch\">GTS 8 Smart Watch<\/option>\n\t\t\t\t\t\t\t\t\t<option value=\"GTR 2 Smart Watch\">GTR 2 Smart Watch<\/option>\n\t\t\t\t\t\t\t\t\t<option value=\"GTS 3 Smart Watch\">GTS 3 Smart Watch<\/option>\n\t\t\t\t\t\t\t\t\t<option value=\"CX3 Smart Watch\">CX3 Smart Watch<\/option>\n\t\t\t\t\t\t\t\t\t<option value=\"GTL 2 Fitness Tracker\">GTL 2 Fitness Tracker<\/option>\n\t\t\t\t\t\t\t\t\t<option value=\"S5 Fitness Tracker\">S5 Fitness Tracker<\/option>\n\t\t\t\t\t\t\t\t\t<option value=\"Paski lub akcesoria do zegark\u00f3w\">Paski lub akcesoria do zegark\u00f3w<\/option>\n\t\t\t\t\t\t\t<\/select>\n\t\t<\/div>\n\t\t\t\t\t\t<\/div>\n\t\t\t\t\t\t\t\t<div class=\"elementor-field-type-select elementor-field-group elementor-column elementor-field-group-field_9b6dc52 elementor-col-100 elementor-field-required elementor-mark-required\">\n\t\t\t\t\t\t\t\t\t\t\t\t<label for=\"form-field-field_9b6dc52\" class=\"elementor-field-label\">\n\t\t\t\t\t\t\t\tJak mo\u017cemy Ci pom\u00f3c?\t\t\t\t\t\t\t<\/label>\n\t\t\t\t\t\t\t\t<div class=\"elementor-field elementor-select-wrapper remove-before \">\n\t\t\t<div class=\"select-caret-down-wrapper\">\n\t\t\t\t<i aria-hidden=\"true\" class=\"eicon-caret-down\"><\/i>\t\t\t<\/div>\n\t\t\t<select name=\"form_fields[field_9b6dc52]\" id=\"form-field-field_9b6dc52\" class=\"elementor-field-textual elementor-size-lg\" required=\"required\">\n\t\t\t\t\t\t\t\t\t<option value=\"Chc\u0119 \u015bledzi\u0107 status mojego zam\u00f3wienia\">Chc\u0119 \u015bledzi\u0107 status mojego zam\u00f3wienia<\/option>\n\t\t\t\t\t\t\t\t\t<option value=\"Gdzie jest teraz moje zam\u00f3wienie\">Gdzie jest teraz moje zam\u00f3wienie<\/option>\n\t\t\t\t\t\t\t\t\t<option value=\"Mam problem z otrzymanym produktem\">Mam problem z otrzymanym produktem<\/option>\n\t\t\t\t\t\t\t\t\t<option value=\"Brakuje cz\u0119\u015bci zamiennej lub jest ona uszkodzona\">Brakuje cz\u0119\u015bci zamiennej lub jest ona uszkodzona<\/option>\n\t\t\t\t\t\t\t\t\t<option value=\"Chc\u0119 wymieni\u0107 lub zwr\u00f3ci\u0107 produkt\">Chc\u0119 wymieni\u0107 lub zwr\u00f3ci\u0107 produkt<\/option>\n\t\t\t\t\t\t\t\t\t<option value=\"Moje pytanie nie zosta\u0142o wymienione powy\u017cej.\">Moje pytanie nie zosta\u0142o wymienione powy\u017cej.<\/option>\n\t\t\t\t\t\t\t<\/select>\n\t\t<\/div>\n\t\t\t\t\t\t<\/div>\n\t\t\t\t\t\t\t\t<div class=\"elementor-field-type-textarea elementor-field-group elementor-column elementor-field-group-field_4c74c43 elementor-col-100 elementor-field-required elementor-mark-required\">\n\t\t\t\t\t\t\t\t\t\t\t\t<label for=\"form-field-field_4c74c43\" class=\"elementor-field-label\">\n\t\t\t\t\t\t\t\tProsimy o wi\u0119cej informacji\t\t\t\t\t\t\t<\/label>\n\t\t\t\t\t\t<textarea class=\"elementor-field-textual elementor-field  elementor-size-lg\" name=\"form_fields[field_4c74c43]\" id=\"form-field-field_4c74c43\" rows=\"4\" placeholder=\"Prosimy o okre\u015blenie problemu zwi\u0105zanego z tym zam\u00f3wieniem, aby\u015bmy mogli szybciej udzieli\u0107 pomocy.\" required=\"required\"><\/textarea>\t\t\t\t<\/div>\n\t\t\t\t\t\t\t\t<div class=\"elementor-field-type-recaptcha_v3 elementor-field-group elementor-column elementor-field-group-field_80ac2c7 elementor-col-100 recaptcha_v3-bottomright\">\n\t\t\t\t\t<div class=\"elementor-field\" id=\"form-field-field_80ac2c7\"><div class=\"elementor-g-recaptcha\" data-sitekey=\"6LdNqLYpAAAAAEYP-BYym3pk58UYpbhLRD0D_jT_\" data-type=\"v3\" data-action=\"Form\" data-badge=\"bottomright\" data-size=\"invisible\"><\/div><\/div>\t\t\t\t<\/div>\n\t\t\t\t\t\t\t\t<div class=\"elementor-field-group elementor-column elementor-field-type-submit elementor-col-100 e-form__buttons\">\n\t\t\t\t\t<button class=\"elementor-button elementor-size-lg\" type=\"submit\">\n\t\t\t\t\t\t<span class=\"elementor-button-content-wrapper\">\n\t\t\t\t\t\t\t\t\t\t\t\t\t\t\t<span class=\"elementor-button-icon\">\n\t\t\t\t\t\t\t\t\t<i aria-hidden=\"true\" class=\"far fa-arrow-alt-circle-right\"><\/i>\t\t\t\t\t\t\t\t\t\t\t\t\t\t\t\t\t<\/span>\n\t\t\t\t\t\t\t\t\t\t\t\t\t\t\t\t\t\t\t\t\t\t<span class=\"elementor-button-text\">Prze\u015blij teraz<\/span>\n\t\t\t\t\t\t\t\t\t\t\t\t\t<\/span>\n\t\t\t\t\t<\/button>\n\t\t\t\t<\/div>\n\t\t\t<\/div>\n\t\t<\/form>\n\t\t\t\t\t\t<\/div>\n\t\t\t\t<\/div>\n\t\t\t\t\t<\/div>\n\t\t<\/div>\n\t\t\t\t\t<\/div>\n\t\t<\/section>\n\t\t\t\t<\/div>\n\t\t","protected":false},"excerpt":{"rendered":"<p>Potrzebujesz pomocy z zam\u00f3wieniem? Prze\u015blij pro\u015bb\u0119 do zespo\u0142u obs\u0142ugi klienta Runmefit, aby \u015bledzi\u0107 przesy\u0142k\u0119 lub przetworzy\u0107 zwrot lub wymian\u0119. <\/p>\n","protected":false},"author":1,"featured_media":0,"parent":32602,"menu_order":0,"comment_status":"closed","ping_status":"closed","template":"","meta":{"_seopress_robots_primary_cat":"","_seopress_titles_title":"Uzyskaj pomoc dotycz\u0105c\u0105 mojego zam\u00f3wienia - Runmefit","_seopress_titles_desc":"Potrzebujesz pomocy z zam\u00f3wieniem? Prze\u015blij pro\u015bb\u0119 do zespo\u0142u obs\u0142ugi klienta Runmefit, aby \u015bledzi\u0107 przesy\u0142k\u0119 lub przetworzy\u0107 zwrot lub wymian\u0119. ","_seopress_robots_index":"","footnotes":""},"class_list":["post-32703","page","type-page","status-publish","hentry"],"_links":{"self":[{"href":"https:\/\/runmefit.com\/pl\/wp-json\/wp\/v2\/pages\/32703","targetHints":{"allow":["GET"]}}],"collection":[{"href":"https:\/\/runmefit.com\/pl\/wp-json\/wp\/v2\/pages"}],"about":[{"href":"https:\/\/runmefit.com\/pl\/wp-json\/wp\/v2\/types\/page"}],"author":[{"embeddable":true,"href":"https:\/\/runmefit.com\/pl\/wp-json\/wp\/v2\/users\/1"}],"replies":[{"embeddable":true,"href":"https:\/\/runmefit.com\/pl\/wp-json\/wp\/v2\/comments?post=32703"}],"version-history":[{"count":0,"href":"https:\/\/runmefit.com\/pl\/wp-json\/wp\/v2\/pages\/32703\/revisions"}],"up":[{"embeddable":true,"href":"https:\/\/runmefit.com\/pl\/wp-json\/wp\/v2\/pages\/32602"}],"wp:attachment":[{"href":"https:\/\/runmefit.com\/pl\/wp-json\/wp\/v2\/media?parent=32703"}],"curies":[{"name":"wp","href":"https:\/\/api.w.org\/{rel}","templated":true}]}}