{"id":32625,"date":"2024-05-23T02:16:00","date_gmt":"2024-05-23T02:16:00","guid":{"rendered":"https:\/\/runmefit.com\/contactati-ne\/deveniti-dealer-sau-distribuitor-oficial-runmefit\/"},"modified":"2025-02-07T09:47:15","modified_gmt":"2025-02-07T09:47:15","slug":"deveniti-dealer-sau-distribuitor-oficial-runmefit","status":"publish","type":"page","link":"https:\/\/runmefit.com\/ro\/contactati-ne\/deveniti-dealer-sau-distribuitor-oficial-runmefit\/","title":{"rendered":"Deveni\u021bi dealer sau distribuitor oficial Runmefit"},"content":{"rendered":"\t\t<div data-elementor-type=\"wp-page\" data-elementor-id=\"32625\" class=\"elementor elementor-32625 elementor-909\" data-elementor-post-type=\"page\">\n\t\t\t\t\t\t<section class=\"elementor-section elementor-top-section elementor-element elementor-element-3586b09 elementor-section-boxed elementor-section-height-default elementor-section-height-default\" data-id=\"3586b09\" data-element_type=\"section\" data-e-type=\"section\">\n\t\t\t\t\t\t<div class=\"elementor-container elementor-column-gap-default\">\n\t\t\t\t\t<div class=\"elementor-column elementor-col-100 elementor-top-column elementor-element elementor-element-480943c\" data-id=\"480943c\" data-element_type=\"column\" data-e-type=\"column\">\n\t\t\t<div class=\"elementor-widget-wrap elementor-element-populated\">\n\t\t\t\t\t\t<div class=\"elementor-element elementor-element-786f0e4 elementor-widget elementor-widget-heading\" data-id=\"786f0e4\" data-element_type=\"widget\" data-e-type=\"widget\" data-widget_type=\"heading.default\">\n\t\t\t\t<div class=\"elementor-widget-container\">\n\t\t\t\t\t<h2 class=\"elementor-heading-title elementor-size-default\">Deveni\u021bi dealer sau distribuitor oficial Runmefit\n<\/h2>\t\t\t\t<\/div>\n\t\t\t\t<\/div>\n\t\t\t\t<div class=\"elementor-element elementor-element-ef61591 elementor-widget elementor-widget-text-editor\" data-id=\"ef61591\" data-element_type=\"widget\" data-e-type=\"widget\" data-widget_type=\"text-editor.default\">\n\t\t\t\t<div class=\"elementor-widget-container\">\n\t\t\t\t\t\t\t\t\t<h3 class=\"rich-text__heading rte inline-richtext h0 scroll-trigger animate--slide-in\"><strong>\u00cembun\u0103t\u0103\u021bi\u021bi-v\u0103 starea de bine, \u00eemputernici\u021bi fiecare alergare<\/strong><\/h3>\n<div class=\"rich-text__text rte scroll-trigger animate--slide-in\" data-cascade=\"\">\n<p>Nu este doar sloganul nostru; este esen\u021ba angajamentului nostru. Runmefit este conceput pentru toat\u0103 lumea: de la atletul avid la alerg\u0103torul de diminea\u021b\u0103, la aventurierul de weekend \u0219i la cei care doresc s\u0103 r\u0103m\u00e2n\u0103 \u00een ton cu s\u0103n\u0103tatea lor. Noi cre\u0103m tehnologii care motiveaz\u0103, inspir\u0103 \u0219i sprijin\u0103 fiecare pas \u0219i fiecare b\u0103taie a inimii \u00een c\u0103l\u0103toria dumneavoastr\u0103 spre s\u0103n\u0103tate.  <\/p>\n<h3 class=\"image-with-text__heading inline-richtext h1\"><strong>Despre Runmefit<\/strong><\/h3>\n<div class=\"image-with-text__text rte subtitle\">\n<p>Fondat\u0103 \u00een 2015, Runmefit a ap\u0103rut din viziunea de a umple golul dintre con\u0219tientizarea zilnic\u0103 a s\u0103n\u0103t\u0103\u021bii \u0219i tehnologia de fitness accesibil\u0103 \u0219i avansat\u0103. Produsele noastre &#8211; ceasuri inteligente \u0219i dispozitive de urm\u0103rire a activit\u0103\u021bii &#8211; nu sunt doar gadgeturi. Ele sunt companioni personali de wellness, oferind informa\u021bii despre parametrii de s\u0103n\u0103tate, cum ar fi ritmul cardiac \u0219i nivelul de oxigen din s\u00e2nge, disponibile anterior doar pentru profesioni\u0219ti. <\/p>\n<h3 class=\"image-with-text__heading inline-richtext h1\"><strong>Misiunea noastr\u0103<\/strong><\/h3>\n<div class=\"image-with-text__text rte subtitle\">\n<p>S\u0103 le oferim persoanelor din \u00eentreaga lume posibilitatea de a prelua controlul asupra c\u0103l\u0103toriei lor de s\u0103n\u0103tate \u0219i fitness, oferindu-le instrumentele \u0219i sprijinul necesare pentru a-\u0219i \u00eembun\u0103t\u0103\u021bi starea de bine cu fiecare alergare. Runmefit se afl\u0103 la intersec\u021bia dintre s\u0103n\u0103tate \u0219i tehnologie, cre\u00e2nd o lume \u00een care bun\u0103starea personal\u0103 este realizabil\u0103 pentru toat\u0103 lumea. Al\u0103tura\u021bi-v\u0103 nou\u0103 \u00een aceast\u0103 c\u0103l\u0103torie \u0219i, \u00eempreun\u0103, s\u0103 v\u0103 transform\u0103m s\u0103n\u0103tatea, alerg\u00e2nd pe r\u00e2nd. <\/p>\n<\/div>\n<\/div>\n<\/div>\n\t\t\t\t\t\t\t\t<\/div>\n\t\t\t\t<\/div>\n\t\t\t\t\t<\/div>\n\t\t<\/div>\n\t\t\t\t\t<\/div>\n\t\t<\/section>\n\t\t\t\t<section class=\"elementor-section elementor-top-section elementor-element elementor-element-445cd9af elementor-section-content-top elementor-section-boxed elementor-section-height-default elementor-section-height-default\" data-id=\"445cd9af\" data-element_type=\"section\" data-e-type=\"section\" data-settings=\"{&quot;background_background&quot;:&quot;classic&quot;}\">\n\t\t\t\t\t\t<div class=\"elementor-container elementor-column-gap-default\">\n\t\t\t\t\t<div class=\"elementor-column elementor-col-50 elementor-top-column elementor-element elementor-element-209c05e\" data-id=\"209c05e\" data-element_type=\"column\" data-e-type=\"column\">\n\t\t\t<div class=\"elementor-widget-wrap elementor-element-populated\">\n\t\t\t\t\t\t<div class=\"elementor-element elementor-element-1c18585 elementor-widget elementor-widget-heading\" data-id=\"1c18585\" data-element_type=\"widget\" data-e-type=\"widget\" data-widget_type=\"heading.default\">\n\t\t\t\t<div class=\"elementor-widget-container\">\n\t\t\t\t\t<h2 class=\"elementor-heading-title elementor-size-default\">Aplica\u021bi acum<\/h2>\t\t\t\t<\/div>\n\t\t\t\t<\/div>\n\t\t\t\t<div class=\"elementor-element elementor-element-ad86864 elementor-widget elementor-widget-text-editor\" data-id=\"ad86864\" data-element_type=\"widget\" data-e-type=\"widget\" data-widget_type=\"text-editor.default\">\n\t\t\t\t<div class=\"elementor-widget-container\">\n\t\t\t\t\t\t\t\t\t<p>Extinde\u021bi-v\u0103 afacerea cu smartwatch-urile inovatoare Runmefit! Al\u0103tura\u021bi-v\u0103 nou\u0103 \u00een calitate de dealer sau distribuitor oficial \u0219i oferi\u021bi clien\u021bilor dvs. dispozitive elegante, bogate \u00een func\u021bii, care se adreseaz\u0103 pasiona\u021bilor de fitness, iubitorilor de tehnologie \u0219i utilizatorilor obi\u0219nui\u021bi. Beneficia\u021bi de pre\u021buri competitive, suport de marketing \u0219i un brand cunoscut pentru excelen\u021b\u0103 \u0219i fiabilitate.   Cre\u0219te\u021bi cu Runmefit &#8211; contacta\u021bi-ne ast\u0103zi pentru a deveni dealer sau distribuitor!<\/p>\n<article class=\"4ever-article\" data-clipboard-cangjie=\"[\"root\",{},[\"p\",{\"ind\":{\"left\":0,\"right\":0},\"jc\":\"justify\",\"keepLines\":false,\"keepNext\":false,\"rPr\":{\"bold\":true,\"fonts\":{\"ascii\":\"Calibri\",\"cs\":\"Calibri\",\"eastAsia\":\"\u5fae\u8f6f\u96c5\u9ed1\",\"hAnsi\":\"Calibri\",\"hint\":\"default\"},\"sz\":12,\"szUnit\":\"pt\"},\"spacing\":{\"after\":\"0pt\",\"afterAutospacing\":false,\"before\":\"0pt\",\"beforeAutospacing\":false},\"windowControl\":false},[\"span\",{\"data-type\":\"text\"},[\"span\",{\"bold\":true,\"fonts\":{\"ascii\":\"Calibri\",\"cs\":\"Calibri\",\"eastAsia\":\"\u5fae\u8f6f\u96c5\u9ed1\",\"hAnsi\":\"Calibri\",\"hint\":\"default\"},\"kern\":1,\"sz\":12,\"szUnit\":\"pt\",\"data-type\":\"leaf\"},\"Profitable Smart Watch Business\"]]]]\">\n<ul>\n<li><strong>Afaceri profitabile: Asigur\u0103m beneficiile partenerilor cu privire la pre\u021burile produselor<\/strong><\/li>\n<li class=\"4ever-article\" data-clipboard-cangjie=\"[\"root\",{},[\"p\",{\"ind\":{\"left\":0,\"right\":0},\"jc\":\"justify\",\"keepLines\":false,\"keepNext\":false,\"rPr\":{\"bold\":true,\"fonts\":{\"ascii\":\"Calibri\",\"cs\":\"Calibri\",\"eastAsia\":\"\u5fae\u8f6f\u96c5\u9ed1\",\"hAnsi\":\"Calibri\",\"hint\":\"default\"},\"sz\":12,\"szUnit\":\"pt\"},\"spacing\":{\"after\":\"0pt\",\"afterAutospacing\":false,\"before\":\"0pt\",\"beforeAutospacing\":false},\"windowControl\":false},[\"span\",{\"data-type\":\"text\"},[\"span\",{\"bold\":true,\"fonts\":{\"ascii\":\"Calibri\",\"cs\":\"Calibri\",\"eastAsia\":\"\u5fae\u8f6f\u96c5\u9ed1\",\"hAnsi\":\"Calibri\",\"hint\":\"default\"},\"kern\":1,\"sz\":12,\"szUnit\":\"pt\",\"data-type\":\"leaf\"},\"Reliable Manufacturing\"]]]]\">\n<p><strong>Produc\u021bie fiabil\u0103: Produsele sunt fabricate de fabrica Runmefit cu m\u0103iestrie, pentru a asigura calitatea de nivel superior<\/strong><\/p>\n<\/li>\n<\/ul>\n<\/article>\n<article class=\"4ever-article\" data-clipboard-cangjie=\"[\"root\",{},[\"p\",{\"ind\":{\"left\":0,\"right\":0},\"jc\":\"justify\",\"keepLines\":false,\"keepNext\":false,\"rPr\":{\"bold\":true,\"fonts\":{\"ascii\":\"Calibri\",\"cs\":\"Calibri\",\"eastAsia\":\"\u5fae\u8f6f\u96c5\u9ed1\",\"hAnsi\":\"Calibri\",\"hint\":\"default\"},\"sz\":12,\"szUnit\":\"pt\"},\"spacing\":{\"after\":\"0pt\",\"afterAutospacing\":false,\"before\":\"0pt\",\"beforeAutospacing\":false},\"windowControl\":false},[\"span\",{\"data-type\":\"text\"},[\"span\",{\"bold\":true,\"fonts\":{\"ascii\":\"Calibri\",\"cs\":\"Calibri\",\"eastAsia\":\"\u5fae\u8f6f\u96c5\u9ed1\",\"hAnsi\":\"Calibri\",\"hint\":\"default\"},\"kern\":1,\"sz\":12,\"szUnit\":\"pt\",\"data-type\":\"leaf\"},\"Powerful Support\"]]]]\">\n<ul>\n<li><strong>Sprijin puternic: De la materiale de marketing \u0219i consultan\u021b\u0103 de afaceri 1-1;<\/strong><\/li>\n<\/ul>\n<article class=\"4ever-article\" data-clipboard-cangjie=\"[\"root\",{},[\"p\",{\"ind\":{\"left\":0,\"right\":0},\"jc\":\"justify\",\"keepLines\":false,\"keepNext\":false,\"rPr\":{\"bold\":true,\"fonts\":{\"ascii\":\"Calibri\",\"cs\":\"Calibri\",\"eastAsia\":\"\u5fae\u8f6f\u96c5\u9ed1\",\"hAnsi\":\"Calibri\",\"hint\":\"default\"},\"sz\":12,\"szUnit\":\"pt\"},\"spacing\":{\"after\":\"0pt\",\"afterAutospacing\":false,\"before\":\"0pt\",\"beforeAutospacing\":false},\"windowControl\":false},[\"span\",{\"data-type\":\"text\"},[\"span\",{\"bold\":true,\"fonts\":{\"ascii\":\"Calibri\",\"cs\":\"Calibri\",\"eastAsia\":\"\u5fae\u8f6f\u96c5\u9ed1\",\"hAnsi\":\"Calibri\",\"hint\":\"default\"},\"kern\":1,\"sz\":12,\"szUnit\":\"pt\",\"data-type\":\"leaf\"},\"Exclusive Distributor Opportunity\"]]]]\">\n<ul>\n<li><strong>Oportunitate de distribu\u021bie exclusiv\u0103: Suntem deschi\u0219i distribu\u021biei exclusive \u00een \u021b\u0103rile selectate.<\/strong><\/li>\n<\/ul>\n<article class=\"4ever-article\" data-clipboard-cangjie=\"[\"root\",{},[\"p\",{\"ind\":{\"left\":0,\"right\":0},\"jc\":\"justify\",\"keepLines\":false,\"keepNext\":false,\"rPr\":{\"bold\":true,\"fonts\":{\"ascii\":\"Calibri\",\"cs\":\"Calibri\",\"eastAsia\":\"\u5fae\u8f6f\u96c5\u9ed1\",\"hAnsi\":\"Calibri\",\"hint\":\"default\"},\"sz\":12,\"szUnit\":\"pt\"},\"spacing\":{\"after\":\"0pt\",\"afterAutospacing\":false,\"before\":\"0pt\",\"beforeAutospacing\":false},\"windowControl\":false},[\"span\",{\"data-type\":\"text\"},[\"span\",{\"bold\":true,\"fonts\":{\"ascii\":\"Calibri\",\"cs\":\"Calibri\",\"eastAsia\":\"\u5fae\u8f6f\u96c5\u9ed1\",\"hAnsi\":\"Calibri\",\"hint\":\"default\"},\"kern\":1,\"sz\":12,\"szUnit\":\"pt\",\"data-type\":\"leaf\"},\"Grow with Runmefit\"]]]]\">\n<ul>\n<li><strong>Cre\u0219te\u021bi cu Runmefit: \u00cemp\u0103rt\u0103\u0219i\u021bi cre\u0219terea brandului Runmefit &#8211; o nou\u0103 stea \u00een ascensiune \u00een domeniul dispozitivelor portabile inteligente \u0219i al solu\u021biilor de fitness.<\/strong><\/li>\n<\/ul>\n<\/article>\n<\/article>\n<\/article>\n\t\t\t\t\t\t\t\t<\/div>\n\t\t\t\t<\/div>\n\t\t\t\t\t<\/div>\n\t\t<\/div>\n\t\t\t\t<div class=\"elementor-column elementor-col-50 elementor-top-column elementor-element elementor-element-527d2de1\" data-id=\"527d2de1\" data-element_type=\"column\" data-e-type=\"column\">\n\t\t\t<div class=\"elementor-widget-wrap elementor-element-populated\">\n\t\t\t\t\t\t<div class=\"elementor-element elementor-element-560dc53a elementor-button-align-stretch elementor-widget elementor-widget-form\" data-id=\"560dc53a\" data-element_type=\"widget\" data-e-type=\"widget\" data-settings=\"{&quot;step_next_label&quot;:&quot;Urm\\u0103torul&quot;,&quot;step_previous_label&quot;:&quot;Articolul precedent&quot;,&quot;button_width&quot;:&quot;100&quot;,&quot;step_type&quot;:&quot;number_text&quot;,&quot;step_icon_shape&quot;:&quot;circle&quot;}\" data-widget_type=\"form.default\">\n\t\t\t\t<div class=\"elementor-widget-container\">\n\t\t\t\t\t\t\t<form class=\"elementor-form\" method=\"post\" name=\"Formular nou\" aria-label=\"Formular nou\">\n\t\t\t<input type=\"hidden\" name=\"post_id\" value=\"32625\"\/>\n\t\t\t<input type=\"hidden\" name=\"form_id\" value=\"560dc53a\"\/>\n\t\t\t<input type=\"hidden\" name=\"referer_title\" value=\"Deveni\u021bi dealer sau distribuitor oficial Runmefit\" \/>\n\n\t\t\t\t\t\t\t<input type=\"hidden\" name=\"queried_id\" value=\"32625\"\/>\n\t\t\t\n\t\t\t<div class=\"elementor-form-fields-wrapper elementor-labels-above\">\n\t\t\t\t\t\t\t\t<div class=\"elementor-field-type-text elementor-field-group elementor-column elementor-field-group-name elementor-col-100\">\n\t\t\t\t\t\t\t\t\t\t\t\t<label for=\"form-field-name\" class=\"elementor-field-label\">\n\t\t\t\t\t\t\t\tNume \u0219i prenume\t\t\t\t\t\t\t<\/label>\n\t\t\t\t\t\t\t\t\t\t\t\t\t\t<input size=\"1\" type=\"text\" name=\"form_fields[name]\" id=\"form-field-name\" class=\"elementor-field elementor-size-lg  elementor-field-textual\" placeholder=\"Nume \u0219i prenume\">\n\t\t\t\t\t\t\t\t\t\t\t<\/div>\n\t\t\t\t\t\t\t\t<div class=\"elementor-field-type-email elementor-field-group elementor-column elementor-field-group-email elementor-col-100 elementor-field-required elementor-mark-required\">\n\t\t\t\t\t\t\t\t\t\t\t\t<label for=\"form-field-email\" class=\"elementor-field-label\">\n\t\t\t\t\t\t\t\tE-mail\t\t\t\t\t\t\t<\/label>\n\t\t\t\t\t\t\t\t\t\t\t\t\t\t<input size=\"1\" type=\"email\" name=\"form_fields[email]\" id=\"form-field-email\" class=\"elementor-field elementor-size-lg  elementor-field-textual\" placeholder=\"E-mail\" required=\"required\">\n\t\t\t\t\t\t\t\t\t\t\t<\/div>\n\t\t\t\t\t\t\t\t<div class=\"elementor-field-type-textarea elementor-field-group elementor-column elementor-field-group-message elementor-col-100\">\n\t\t\t\t\t\t\t\t\t\t\t\t<label for=\"form-field-message\" class=\"elementor-field-label\">\n\t\t\t\t\t\t\t\tMesaj\t\t\t\t\t\t\t<\/label>\n\t\t\t\t\t\t<textarea class=\"elementor-field-textual elementor-field  elementor-size-lg\" name=\"form_fields[message]\" id=\"form-field-message\" rows=\"4\" placeholder=\"V\u0103 rug\u0103m s\u0103 furniza\u021bi detalii despre activitatea dumneavoastr\u0103, cum ar fi numele companiei, m\u0103rcile pe care le distribui\u021bi \u00een prezent, veniturile anuale \u0219i site-ul web al companiei\"><\/textarea>\t\t\t\t<\/div>\n\t\t\t\t\t\t\t\t<div class=\"elementor-field-type-select elementor-field-group elementor-column elementor-field-group-field_a380192 elementor-col-100 elementor-field-required elementor-mark-required\">\n\t\t\t\t\t\t\t\t\t\t\t\t<label for=\"form-field-field_a380192\" class=\"elementor-field-label\">\n\t\t\t\t\t\t\t\t\u021aar\u0103 sau regiune\t\t\t\t\t\t\t<\/label>\n\t\t\t\t\t\t\t\t<div class=\"elementor-field elementor-select-wrapper remove-before \">\n\t\t\t<div class=\"select-caret-down-wrapper\">\n\t\t\t\t<i aria-hidden=\"true\" class=\"eicon-caret-down\"><\/i>\t\t\t<\/div>\n\t\t\t<select name=\"form_fields[field_a380192]\" id=\"form-field-field_a380192\" class=\"elementor-field-textual elementor-size-lg\" required=\"required\">\n\t\t\t\t\t\t\t\t\t<option value=\"Afganistan\">Afganistan<\/option>\n\t\t\t\t\t\t\t\t\t<option value=\"Algeria\">Algeria<\/option>\n\t\t\t\t\t\t\t\t\t<option value=\"Angola\">Angola<\/option>\n\t\t\t\t\t\t\t\t\t<option value=\"Argentina\">Argentina<\/option>\n\t\t\t\t\t\t\t\t\t<option value=\"Australia\">Australia<\/option>\n\t\t\t\t\t\t\t\t\t<option value=\"Austria\">Austria<\/option>\n\t\t\t\t\t\t\t\t\t<option value=\"Azerbaidjan\">Azerbaidjan<\/option>\n\t\t\t\t\t\t\t\t\t<option value=\"Bangladesh\">Bangladesh<\/option>\n\t\t\t\t\t\t\t\t\t<option value=\"Belarus\">Belarus<\/option>\n\t\t\t\t\t\t\t\t\t<option value=\"Belgia\">Belgia<\/option>\n\t\t\t\t\t\t\t\t\t<option value=\"Benin\">Benin<\/option>\n\t\t\t\t\t\t\t\t\t<option value=\"Bolivia\">Bolivia<\/option>\n\t\t\t\t\t\t\t\t\t<option value=\"Brazilia\">Brazilia<\/option>\n\t\t\t\t\t\t\t\t\t<option value=\"Burkina Faso\">Burkina Faso<\/option>\n\t\t\t\t\t\t\t\t\t<option value=\"Burundi\">Burundi<\/option>\n\t\t\t\t\t\t\t\t\t<option value=\"Cambodgia\">Cambodgia<\/option>\n\t\t\t\t\t\t\t\t\t<option value=\"Camerun\">Camerun<\/option>\n\t\t\t\t\t\t\t\t\t<option value=\"Canada\">Canada<\/option>\n\t\t\t\t\t\t\t\t\t<option value=\"Ciad\">Ciad<\/option>\n\t\t\t\t\t\t\t\t\t<option value=\"Chile\">Chile<\/option>\n\t\t\t\t\t\t\t\t\t<option value=\"China\">China<\/option>\n\t\t\t\t\t\t\t\t\t<option value=\"Columbia\">Columbia<\/option>\n\t\t\t\t\t\t\t\t\t<option value=\"Cuba\">Cuba<\/option>\n\t\t\t\t\t\t\t\t\t<option value=\"Republica Ceh\u0103\">Republica Ceh\u0103<\/option>\n\t\t\t\t\t\t\t\t\t<option value=\"C\u00f4te d&#039;Ivoire\">C\u00f4te d&#039;Ivoire<\/option>\n\t\t\t\t\t\t\t\t\t<option value=\"Republica Democrat\u0103 Congo\">Republica Democrat\u0103 Congo<\/option>\n\t\t\t\t\t\t\t\t\t<option value=\"Republica Dominican\u0103\">Republica Dominican\u0103<\/option>\n\t\t\t\t\t\t\t\t\t<option value=\"Ecuador\">Ecuador<\/option>\n\t\t\t\t\t\t\t\t\t<option value=\"Egipt\">Egipt<\/option>\n\t\t\t\t\t\t\t\t\t<option value=\"Etiopia\">Etiopia<\/option>\n\t\t\t\t\t\t\t\t\t<option value=\"Fran\u021ba\">Fran\u021ba<\/option>\n\t\t\t\t\t\t\t\t\t<option value=\"Germania\">Germania<\/option>\n\t\t\t\t\t\t\t\t\t<option value=\"Ghana\">Ghana<\/option>\n\t\t\t\t\t\t\t\t\t<option value=\"Grecia\">Grecia<\/option>\n\t\t\t\t\t\t\t\t\t<option value=\"Guatemala\">Guatemala<\/option>\n\t\t\t\t\t\t\t\t\t<option value=\"Guineea\">Guineea<\/option>\n\t\t\t\t\t\t\t\t\t<option value=\"Haiti\">Haiti<\/option>\n\t\t\t\t\t\t\t\t\t<option value=\"Honduras\">Honduras<\/option>\n\t\t\t\t\t\t\t\t\t<option value=\"Ungaria\">Ungaria<\/option>\n\t\t\t\t\t\t\t\t\t<option value=\"India\">India<\/option>\n\t\t\t\t\t\t\t\t\t<option value=\"Indonezia\">Indonezia<\/option>\n\t\t\t\t\t\t\t\t\t<option value=\"Iran\">Iran<\/option>\n\t\t\t\t\t\t\t\t\t<option value=\"Irak\">Irak<\/option>\n\t\t\t\t\t\t\t\t\t<option value=\"Israel\">Israel<\/option>\n\t\t\t\t\t\t\t\t\t<option value=\"Italia\">Italia<\/option>\n\t\t\t\t\t\t\t\t\t<option value=\"Japonia\">Japonia<\/option>\n\t\t\t\t\t\t\t\t\t<option value=\"Iordania\">Iordania<\/option>\n\t\t\t\t\t\t\t\t\t<option value=\"Kazahstan\">Kazahstan<\/option>\n\t\t\t\t\t\t\t\t\t<option value=\"Kenya\">Kenya<\/option>\n\t\t\t\t\t\t\t\t\t<option value=\"Madagascar\">Madagascar<\/option>\n\t\t\t\t\t\t\t\t\t<option value=\"Malawi\">Malawi<\/option>\n\t\t\t\t\t\t\t\t\t<option value=\"Malaezia\">Malaezia<\/option>\n\t\t\t\t\t\t\t\t\t<option value=\"Mali\">Mali<\/option>\n\t\t\t\t\t\t\t\t\t<option value=\"Mexic\">Mexic<\/option>\n\t\t\t\t\t\t\t\t\t<option value=\"Maroc\">Maroc<\/option>\n\t\t\t\t\t\t\t\t\t<option value=\"Mozambic\">Mozambic<\/option>\n\t\t\t\t\t\t\t\t\t<option value=\"Myanmar\">Myanmar<\/option>\n\t\t\t\t\t\t\t\t\t<option value=\"Nepal\">Nepal<\/option>\n\t\t\t\t\t\t\t\t\t<option value=\"\u021a\u0103rile de Jos\">\u021a\u0103rile de Jos<\/option>\n\t\t\t\t\t\t\t\t\t<option value=\"Niger\">Niger<\/option>\n\t\t\t\t\t\t\t\t\t<option value=\"Nigeria\">Nigeria<\/option>\n\t\t\t\t\t\t\t\t\t<option value=\"Coreea de Nord\">Coreea de Nord<\/option>\n\t\t\t\t\t\t\t\t\t<option value=\"Pakistan\">Pakistan<\/option>\n\t\t\t\t\t\t\t\t\t<option value=\"Papua Noua Guinee\">Papua Noua Guinee<\/option>\n\t\t\t\t\t\t\t\t\t<option value=\"Peru\">Peru<\/option>\n\t\t\t\t\t\t\t\t\t<option value=\"Filipine\">Filipine<\/option>\n\t\t\t\t\t\t\t\t\t<option value=\"Polonia\">Polonia<\/option>\n\t\t\t\t\t\t\t\t\t<option value=\"Portugalia\">Portugalia<\/option>\n\t\t\t\t\t\t\t\t\t<option value=\"Rom\u00e2nia\">Rom\u00e2nia<\/option>\n\t\t\t\t\t\t\t\t\t<option value=\"Rusia\">Rusia<\/option>\n\t\t\t\t\t\t\t\t\t<option value=\"Rwanda\">Rwanda<\/option>\n\t\t\t\t\t\t\t\t\t<option value=\"Arabia Saudit\u0103\">Arabia Saudit\u0103<\/option>\n\t\t\t\t\t\t\t\t\t<option value=\"Senegal\">Senegal<\/option>\n\t\t\t\t\t\t\t\t\t<option value=\"Serbia\">Serbia<\/option>\n\t\t\t\t\t\t\t\t\t<option value=\"Somalia\">Somalia<\/option>\n\t\t\t\t\t\t\t\t\t<option value=\"Africa de Sud\">Africa de Sud<\/option>\n\t\t\t\t\t\t\t\t\t<option value=\"Coreea de Sud\">Coreea de Sud<\/option>\n\t\t\t\t\t\t\t\t\t<option value=\"Sudanul de Sud\">Sudanul de Sud<\/option>\n\t\t\t\t\t\t\t\t\t<option value=\"Spania\">Spania<\/option>\n\t\t\t\t\t\t\t\t\t<option value=\"Sri Lanka\">Sri Lanka<\/option>\n\t\t\t\t\t\t\t\t\t<option value=\"Sudan\">Sudan<\/option>\n\t\t\t\t\t\t\t\t\t<option value=\"Suedia\">Suedia<\/option>\n\t\t\t\t\t\t\t\t\t<option value=\"Siria\">Siria<\/option>\n\t\t\t\t\t\t\t\t\t<option value=\"Taiwan\">Taiwan<\/option>\n\t\t\t\t\t\t\t\t\t<option value=\"Tadjikistan\">Tadjikistan<\/option>\n\t\t\t\t\t\t\t\t\t<option value=\"Tanzania\">Tanzania<\/option>\n\t\t\t\t\t\t\t\t\t<option value=\"Thailanda\">Thailanda<\/option>\n\t\t\t\t\t\t\t\t\t<option value=\"Tunisia\">Tunisia<\/option>\n\t\t\t\t\t\t\t\t\t<option value=\"Turcia\">Turcia<\/option>\n\t\t\t\t\t\t\t\t\t<option value=\"Uganda\">Uganda<\/option>\n\t\t\t\t\t\t\t\t\t<option value=\"Ucraina\">Ucraina<\/option>\n\t\t\t\t\t\t\t\t\t<option value=\"Emiratele Arabe Unite\">Emiratele Arabe Unite<\/option>\n\t\t\t\t\t\t\t\t\t<option value=\"Regatul Unit\">Regatul Unit<\/option>\n\t\t\t\t\t\t\t\t\t<option value=\"Statele Unite ale Americii\">Statele Unite ale Americii<\/option>\n\t\t\t\t\t\t\t\t\t<option value=\"Uzbekistan\">Uzbekistan<\/option>\n\t\t\t\t\t\t\t\t\t<option value=\"Venezuela\">Venezuela<\/option>\n\t\t\t\t\t\t\t\t\t<option value=\"Vietnam\">Vietnam<\/option>\n\t\t\t\t\t\t\t\t\t<option value=\"Yemen\">Yemen<\/option>\n\t\t\t\t\t\t\t\t\t<option value=\"Zambia\">Zambia<\/option>\n\t\t\t\t\t\t\t\t\t<option value=\"Zimbabwe  \">Zimbabwe  <\/option>\n\t\t\t\t\t\t\t\t\t<option value=\"Altele\">Altele<\/option>\n\t\t\t\t\t\t\t<\/select>\n\t\t<\/div>\n\t\t\t\t\t\t<\/div>\n\t\t\t\t\t\t\t\t<div class=\"elementor-field-type-select elementor-field-group elementor-column elementor-field-group-field_c0058bb elementor-col-100 elementor-field-required elementor-mark-required\">\n\t\t\t\t\t\t\t\t\t\t\t\t<label for=\"form-field-field_c0058bb\" class=\"elementor-field-label\">\n\t\t\t\t\t\t\t\tAve\u021bi experien\u021b\u0103 \u00een v\u00e2nzarea de produse electronice de larg consum?\t\t\t\t\t\t\t<\/label>\n\t\t\t\t\t\t\t\t<div class=\"elementor-field elementor-select-wrapper remove-before \">\n\t\t\t<div class=\"select-caret-down-wrapper\">\n\t\t\t\t<i aria-hidden=\"true\" class=\"eicon-caret-down\"><\/i>\t\t\t<\/div>\n\t\t\t<select name=\"form_fields[field_c0058bb]\" id=\"form-field-field_c0058bb\" class=\"elementor-field-textual elementor-size-lg\" required=\"required\">\n\t\t\t\t\t\t\t\t\t<option value=\"Da\">Da<\/option>\n\t\t\t\t\t\t\t\t\t<option value=\"Nu\">Nu<\/option>\n\t\t\t\t\t\t\t<\/select>\n\t\t<\/div>\n\t\t\t\t\t\t<\/div>\n\t\t\t\t\t\t\t\t<div class=\"elementor-field-type-recaptcha_v3 elementor-field-group elementor-column elementor-field-group-field_80ac2c7 elementor-col-100 recaptcha_v3-bottomright\">\n\t\t\t\t\t<div class=\"elementor-field\" id=\"form-field-field_80ac2c7\"><div class=\"elementor-g-recaptcha\" data-sitekey=\"6LdNqLYpAAAAAEYP-BYym3pk58UYpbhLRD0D_jT_\" data-type=\"v3\" data-action=\"Form\" data-badge=\"bottomright\" data-size=\"invisible\"><\/div><\/div>\t\t\t\t<\/div>\n\t\t\t\t\t\t\t\t<div class=\"elementor-field-group elementor-column elementor-field-type-submit elementor-col-100 e-form__buttons\">\n\t\t\t\t\t<button class=\"elementor-button elementor-size-lg\" type=\"submit\">\n\t\t\t\t\t\t<span class=\"elementor-button-content-wrapper\">\n\t\t\t\t\t\t\t\t\t\t\t\t\t\t\t<span class=\"elementor-button-icon\">\n\t\t\t\t\t\t\t\t\t<i aria-hidden=\"true\" class=\"far fa-arrow-alt-circle-right\"><\/i>\t\t\t\t\t\t\t\t\t\t\t\t\t\t\t\t\t<\/span>\n\t\t\t\t\t\t\t\t\t\t\t\t\t\t\t\t\t\t\t\t\t\t<span class=\"elementor-button-text\">Aplica\u021bi acum<\/span>\n\t\t\t\t\t\t\t\t\t\t\t\t\t<\/span>\n\t\t\t\t\t<\/button>\n\t\t\t\t<\/div>\n\t\t\t<\/div>\n\t\t<\/form>\n\t\t\t\t\t\t<\/div>\n\t\t\t\t<\/div>\n\t\t\t\t\t<\/div>\n\t\t<\/div>\n\t\t\t\t\t<\/div>\n\t\t<\/section>\n\t\t\t\t<\/div>\n\t\t","protected":false},"excerpt":{"rendered":"<p>Deveni\u021bi dealer sau distribuitor oficial Runmefit \u00cembun\u0103t\u0103\u021bi\u021bi-v\u0103 starea de bine, \u00eemputernici\u021bi fiecare alergare Nu este doar sloganul nostru; este esen\u021ba angajamentului nostru. Runmefit este conceput pentru toat\u0103 lumea: de la atletul avid la alerg\u0103torul de diminea\u021b\u0103, la aventurierul de weekend \u0219i la cei care doresc s\u0103 r\u0103m\u00e2n\u0103 \u00een ton cu s\u0103n\u0103tatea lor. Noi cre\u0103m tehnologii [&hellip;]<\/p>\n","protected":false},"author":1,"featured_media":0,"parent":32614,"menu_order":0,"comment_status":"closed","ping_status":"closed","template":"","meta":{"_seopress_robots_primary_cat":"","_seopress_titles_title":"Deveni\u021bi un dealer sau distribuitor Runmefit","_seopress_titles_desc":"Aplica\u021bi acum pentru a v\u0103 al\u0103tura re\u021belei Runmefit \u00een calitate de dealer sau distribuitor. Extinde\u021bi-v\u0103 portofoliul cu produsele noastre inovatoare! ","_seopress_robots_index":"","footnotes":""},"class_list":["post-32625","page","type-page","status-publish","hentry"],"_links":{"self":[{"href":"https:\/\/runmefit.com\/ro\/wp-json\/wp\/v2\/pages\/32625","targetHints":{"allow":["GET"]}}],"collection":[{"href":"https:\/\/runmefit.com\/ro\/wp-json\/wp\/v2\/pages"}],"about":[{"href":"https:\/\/runmefit.com\/ro\/wp-json\/wp\/v2\/types\/page"}],"author":[{"embeddable":true,"href":"https:\/\/runmefit.com\/ro\/wp-json\/wp\/v2\/users\/1"}],"replies":[{"embeddable":true,"href":"https:\/\/runmefit.com\/ro\/wp-json\/wp\/v2\/comments?post=32625"}],"version-history":[{"count":0,"href":"https:\/\/runmefit.com\/ro\/wp-json\/wp\/v2\/pages\/32625\/revisions"}],"up":[{"embeddable":true,"href":"https:\/\/runmefit.com\/ro\/wp-json\/wp\/v2\/pages\/32614"}],"wp:attachment":[{"href":"https:\/\/runmefit.com\/ro\/wp-json\/wp\/v2\/media?parent=32625"}],"curies":[{"name":"wp","href":"https:\/\/api.w.org\/{rel}","templated":true}]}}