{"id":32657,"date":"2023-02-10T02:34:16","date_gmt":"2023-02-10T02:34:16","guid":{"rendered":"https:\/\/runmefit.com\/despre\/"},"modified":"2025-03-20T09:31:22","modified_gmt":"2025-03-20T09:31:22","slug":"despre","status":"publish","type":"page","link":"https:\/\/runmefit.com\/ro\/despre\/","title":{"rendered":"Despre Runmefit"},"content":{"rendered":"\t\t<div data-elementor-type=\"wp-page\" data-elementor-id=\"32657\" class=\"elementor elementor-32657 elementor-41\" data-elementor-post-type=\"page\">\n\t\t\t\t<div class=\"elementor-element elementor-element-9c8b104 e-con-full e-flex e-con e-parent\" data-id=\"9c8b104\" data-element_type=\"container\" data-e-type=\"container\">\n\t\t<div class=\"elementor-element elementor-element-7a47119 e-flex e-con-boxed e-con e-child\" data-id=\"7a47119\" data-element_type=\"container\" data-e-type=\"container\">\n\t\t\t\t\t<div class=\"e-con-inner\">\n\t\t<div class=\"elementor-element elementor-element-69c33c8 e-flex e-con-boxed e-con e-child\" data-id=\"69c33c8\" data-element_type=\"container\" data-e-type=\"container\" data-settings=\"{&quot;background_background&quot;:&quot;classic&quot;}\">\n\t\t\t\t\t<div class=\"e-con-inner\">\n\t\t\t\t<div class=\"elementor-element elementor-element-76ff3cc elementor-widget elementor-widget-heading\" data-id=\"76ff3cc\" data-element_type=\"widget\" data-e-type=\"widget\" data-widget_type=\"heading.default\">\n\t\t\t\t<div class=\"elementor-widget-container\">\n\t\t\t\t\t<h2 class=\"elementor-heading-title elementor-size-default\">Cre\u0219te\u021bi starea de bine, \n<br>\u00cembun\u0103t\u0103\u021bi\u021bi fiecare curs\u0103<\/h2>\t\t\t\t<\/div>\n\t\t\t\t<\/div>\n\t\t\t\t<div class=\"elementor-element elementor-element-aae6ff6 elementor-widget elementor-widget-text-editor\" data-id=\"aae6ff6\" data-element_type=\"widget\" data-e-type=\"widget\" data-widget_type=\"text-editor.default\">\n\t\t\t\t<div class=\"elementor-widget-container\">\n\t\t\t\t\t\t\t\t\t<p>Nu este doar sloganul nostru; este esen\u021ba angajamentului nostru. Runmefit este conceput pentru toat\u0103 lumea: de la atletul avid la alerg\u0103torul de diminea\u021b\u0103, la aventurierul de weekend \u0219i la cei care doresc s\u0103 r\u0103m\u00e2n\u0103 \u00een ton cu s\u0103n\u0103tatea lor. Noi cre\u0103m tehnologii care motiveaz\u0103, inspir\u0103 \u0219i sprijin\u0103 fiecare pas \u0219i fiecare b\u0103taie a inimii \u00een c\u0103l\u0103toria dumneavoastr\u0103 spre s\u0103n\u0103tate.  <\/p>\n\t\t\t\t\t\t\t\t<\/div>\n\t\t\t\t<\/div>\n\t\t\t\t\t<\/div>\n\t\t\t\t<\/div>\n\t\t\t\t<div class=\"elementor-element elementor-element-5a483b0 elementor-widget elementor-widget-spacer\" data-id=\"5a483b0\" data-element_type=\"widget\" data-e-type=\"widget\" data-widget_type=\"spacer.default\">\n\t\t\t\t<div class=\"elementor-widget-container\">\n\t\t\t\t\t\t\t<div class=\"elementor-spacer\">\n\t\t\t<div class=\"elementor-spacer-inner\"><\/div>\n\t\t<\/div>\n\t\t\t\t\t\t<\/div>\n\t\t\t\t<\/div>\n\t\t\t\t<div class=\"elementor-element elementor-element-75b40f8 elementor-hidden-desktop elementor-hidden-mobile elementor-widget elementor-widget-heading\" data-id=\"75b40f8\" data-element_type=\"widget\" data-e-type=\"widget\" data-widget_type=\"heading.default\">\n\t\t\t\t<div class=\"elementor-widget-container\">\n\t\t\t\t\t<h1 class=\"elementor-heading-title elementor-size-default\">Despre Runmefit<\/h1>\t\t\t\t<\/div>\n\t\t\t\t<\/div>\n\t\t<div class=\"elementor-element elementor-element-9c7614d e-con-full e-flex e-con e-child\" data-id=\"9c7614d\" data-element_type=\"container\" data-e-type=\"container\">\n\t\t\t\t<div class=\"elementor-element elementor-element-62724b4 elementor-widget__width-initial elementor-widget-mobile__width-initial elementor-widget elementor-widget-image\" data-id=\"62724b4\" data-element_type=\"widget\" data-e-type=\"widget\" data-widget_type=\"image.default\">\n\t\t\t\t<div class=\"elementor-widget-container\">\n\t\t\t\t\t\t\t\t\t\t\t\t\t\t\t<img fetchpriority=\"high\" decoding=\"async\" width=\"1080\" height=\"1080\" src=\"https:\/\/runmefit.com\/wp-content\/uploads\/2024\/07\/Runmefit-Product-Range-mob.jpg\" class=\"attachment-full size-full wp-image-7228\" alt=\"\" srcset=\"https:\/\/runmefit.com\/wp-content\/uploads\/2024\/07\/Runmefit-Product-Range-mob.jpg 1080w, https:\/\/runmefit.com\/wp-content\/uploads\/2024\/07\/Runmefit-Product-Range-mob-300x300.jpg 300w, https:\/\/runmefit.com\/wp-content\/uploads\/2024\/07\/Runmefit-Product-Range-mob-1024x1024.jpg 1024w, https:\/\/runmefit.com\/wp-content\/uploads\/2024\/07\/Runmefit-Product-Range-mob-150x150.jpg 150w, https:\/\/runmefit.com\/wp-content\/uploads\/2024\/07\/Runmefit-Product-Range-mob-768x768.jpg 768w\" sizes=\"(max-width: 1080px) 100vw, 1080px\" \/>\t\t\t\t\t\t\t\t\t\t\t\t\t\t\t<\/div>\n\t\t\t\t<\/div>\n\t\t<div class=\"elementor-element elementor-element-d683645 e-con-full e-flex e-con e-child\" data-id=\"d683645\" data-element_type=\"container\" data-e-type=\"container\">\n\t\t\t\t<div class=\"elementor-element elementor-element-08f433d elementor-hidden-tablet elementor-widget elementor-widget-heading\" data-id=\"08f433d\" data-element_type=\"widget\" data-e-type=\"widget\" data-widget_type=\"heading.default\">\n\t\t\t\t<div class=\"elementor-widget-container\">\n\t\t\t\t\t<h1 class=\"elementor-heading-title elementor-size-default\">Despre Runmefit<\/h1>\t\t\t\t<\/div>\n\t\t\t\t<\/div>\n\t\t\t\t<div class=\"elementor-element elementor-element-d97990f elementor-widget elementor-widget-text-editor\" data-id=\"d97990f\" data-element_type=\"widget\" data-e-type=\"widget\" data-widget_type=\"text-editor.default\">\n\t\t\t\t<div class=\"elementor-widget-container\">\n\t\t\t\t\t\t\t\t\t<p>Fondat\u0103 \u00een 2015, Runmefit a ap\u0103rut din viziunea de a umple golul dintre con\u0219tientizarea zilnic\u0103 a s\u0103n\u0103t\u0103\u021bii \u0219i tehnologia de fitness accesibil\u0103 \u0219i avansat\u0103.<\/p>\n<p>Produsele noastre &#8211; ceasuri inteligente \u0219i dispozitive de urm\u0103rire a activit\u0103\u021bii &#8211; nu sunt doar gadgeturi. Ele sunt companioni personali de wellness, oferind informa\u021bii despre parametrii de s\u0103n\u0103tate, cum ar fi ritmul cardiac \u0219i nivelul de oxigen din s\u00e2nge, disponibile anterior doar pentru profesioni\u0219ti. <\/p>\n\t\t\t\t\t\t\t\t<\/div>\n\t\t\t\t<\/div>\n\t\t\t\t<div class=\"elementor-element elementor-element-de8fe2e elementor-align-center elementor-widget elementor-widget-button\" data-id=\"de8fe2e\" data-element_type=\"widget\" data-e-type=\"widget\" data-widget_type=\"button.default\">\n\t\t\t\t<div class=\"elementor-widget-container\">\n\t\t\t\t\t\t\t\t\t<div class=\"elementor-button-wrapper\">\n\t\t\t\t\t<a class=\"elementor-button elementor-button-link elementor-size-sm\" href=\"https:\/\/runmefit.com\/products\/\">\n\t\t\t\t\t\t<span class=\"elementor-button-content-wrapper\">\n\t\t\t\t\t\t\t\t\t<span class=\"elementor-button-text\">Produse pentru magazin<\/span>\n\t\t\t\t\t<\/span>\n\t\t\t\t\t<\/a>\n\t\t\t\t<\/div>\n\t\t\t\t\t\t\t\t<\/div>\n\t\t\t\t<\/div>\n\t\t\t\t<\/div>\n\t\t\t\t<\/div>\n\t\t\t\t<div class=\"elementor-element elementor-element-e65dbbc elementor-widget elementor-widget-spacer\" data-id=\"e65dbbc\" data-element_type=\"widget\" data-e-type=\"widget\" data-widget_type=\"spacer.default\">\n\t\t\t\t<div class=\"elementor-widget-container\">\n\t\t\t\t\t\t\t<div class=\"elementor-spacer\">\n\t\t\t<div class=\"elementor-spacer-inner\"><\/div>\n\t\t<\/div>\n\t\t\t\t\t\t<\/div>\n\t\t\t\t<\/div>\n\t\t\t\t<div class=\"elementor-element elementor-element-88997b2 elementor-hidden-desktop elementor-hidden-mobile elementor-widget elementor-widget-heading\" data-id=\"88997b2\" data-element_type=\"widget\" data-e-type=\"widget\" data-widget_type=\"heading.default\">\n\t\t\t\t<div class=\"elementor-widget-container\">\n\t\t\t\t\t<h2 class=\"elementor-heading-title elementor-size-default\">Misiunea noastr\u0103<\/h2>\t\t\t\t<\/div>\n\t\t\t\t<\/div>\n\t\t<div class=\"elementor-element elementor-element-3d688e0 e-con-full e-flex e-con e-child\" data-id=\"3d688e0\" data-element_type=\"container\" data-e-type=\"container\">\n\t\t\t\t<div class=\"elementor-element elementor-element-1e0adf8 elementor-widget__width-initial elementor-widget-mobile__width-initial elementor-widget elementor-widget-image\" data-id=\"1e0adf8\" data-element_type=\"widget\" data-e-type=\"widget\" data-widget_type=\"image.default\">\n\t\t\t\t<div class=\"elementor-widget-container\">\n\t\t\t\t\t\t\t\t\t\t\t\t\t\t\t<img decoding=\"async\" width=\"1200\" height=\"800\" src=\"https:\/\/runmefit.com\/wp-content\/uploads\/2023\/12\/Breathe-deeply-to-reduce-stress.jpg\" class=\"attachment-full size-full wp-image-644\" alt=\"Breathe deeply to reduce stress\" srcset=\"https:\/\/runmefit.com\/wp-content\/uploads\/2023\/12\/Breathe-deeply-to-reduce-stress.jpg 1200w, https:\/\/runmefit.com\/wp-content\/uploads\/2023\/12\/Breathe-deeply-to-reduce-stress-300x200.jpg 300w, https:\/\/runmefit.com\/wp-content\/uploads\/2023\/12\/Breathe-deeply-to-reduce-stress-1024x683.jpg 1024w, https:\/\/runmefit.com\/wp-content\/uploads\/2023\/12\/Breathe-deeply-to-reduce-stress-768x512.jpg 768w\" sizes=\"(max-width: 1200px) 100vw, 1200px\" \/>\t\t\t\t\t\t\t\t\t\t\t\t\t\t\t<\/div>\n\t\t\t\t<\/div>\n\t\t<div class=\"elementor-element elementor-element-60cb5a8 e-con-full e-flex e-con e-child\" data-id=\"60cb5a8\" data-element_type=\"container\" data-e-type=\"container\">\n\t\t\t\t<div class=\"elementor-element elementor-element-e7a7913 elementor-hidden-tablet elementor-widget elementor-widget-heading\" data-id=\"e7a7913\" data-element_type=\"widget\" data-e-type=\"widget\" data-widget_type=\"heading.default\">\n\t\t\t\t<div class=\"elementor-widget-container\">\n\t\t\t\t\t<h2 class=\"elementor-heading-title elementor-size-default\">Misiunea noastr\u0103<\/h2>\t\t\t\t<\/div>\n\t\t\t\t<\/div>\n\t\t\t\t<div class=\"elementor-element elementor-element-34d0856 elementor-widget elementor-widget-text-editor\" data-id=\"34d0856\" data-element_type=\"widget\" data-e-type=\"widget\" data-widget_type=\"text-editor.default\">\n\t\t\t\t<div class=\"elementor-widget-container\">\n\t\t\t\t\t\t\t\t\t<p>S\u0103 le oferim persoanelor din \u00eentreaga lume posibilitatea de a prelua controlul asupra c\u0103l\u0103toriei lor de s\u0103n\u0103tate \u0219i fitness, oferindu-le instrumentele \u0219i sprijinul necesare pentru a-\u0219i \u00eembun\u0103t\u0103\u021bi starea de bine cu fiecare alergare.<\/p>\n<p>Runmefit se afl\u0103 la intersec\u021bia dintre s\u0103n\u0103tate \u0219i tehnologie, cre\u00e2nd o lume \u00een care bun\u0103starea personal\u0103 este realizabil\u0103 pentru toat\u0103 lumea. Al\u0103tura\u021bi-v\u0103 nou\u0103 \u00een aceast\u0103 c\u0103l\u0103torie \u0219i, \u00eempreun\u0103, s\u0103 v\u0103 transform\u0103m s\u0103n\u0103tatea, alerg\u00e2nd pe r\u00e2nd. <\/p>\n\t\t\t\t\t\t\t\t<\/div>\n\t\t\t\t<\/div>\n\t\t\t\t<div class=\"elementor-element elementor-element-1e6eb39 elementor-align-center elementor-widget elementor-widget-button\" data-id=\"1e6eb39\" data-element_type=\"widget\" data-e-type=\"widget\" data-widget_type=\"button.default\">\n\t\t\t\t<div class=\"elementor-widget-container\">\n\t\t\t\t\t\t\t\t\t<div class=\"elementor-button-wrapper\">\n\t\t\t\t\t<a class=\"elementor-button elementor-button-link elementor-size-sm\" href=\"https:\/\/runmefit.com\/products\/\">\n\t\t\t\t\t\t<span class=\"elementor-button-content-wrapper\">\n\t\t\t\t\t\t\t\t\t<span class=\"elementor-button-text\">Produse pentru magazin<\/span>\n\t\t\t\t\t<\/span>\n\t\t\t\t\t<\/a>\n\t\t\t\t<\/div>\n\t\t\t\t\t\t\t\t<\/div>\n\t\t\t\t<\/div>\n\t\t\t\t<\/div>\n\t\t\t\t<\/div>\n\t\t\t\t<div class=\"elementor-element elementor-element-ebe19f8 elementor-widget elementor-widget-spacer\" data-id=\"ebe19f8\" data-element_type=\"widget\" data-e-type=\"widget\" data-widget_type=\"spacer.default\">\n\t\t\t\t<div class=\"elementor-widget-container\">\n\t\t\t\t\t\t\t<div class=\"elementor-spacer\">\n\t\t\t<div class=\"elementor-spacer-inner\"><\/div>\n\t\t<\/div>\n\t\t\t\t\t\t<\/div>\n\t\t\t\t<\/div>\n\t\t\t\t<div class=\"elementor-element elementor-element-eb8cae3 elementor-hidden-mobile elementor-widget elementor-widget-heading\" data-id=\"eb8cae3\" data-element_type=\"widget\" data-e-type=\"widget\" data-widget_type=\"heading.default\">\n\t\t\t\t<div class=\"elementor-widget-container\">\n\t\t\t\t\t<h2 class=\"elementor-heading-title elementor-size-default\">Deveni\u021bi dealer Runmefit\n<br>sau distribuitor oficial<\/h2>\t\t\t\t<\/div>\n\t\t\t\t<\/div>\n\t\t\t\t<div class=\"elementor-element elementor-element-bea4492 elementor-hidden-desktop elementor-hidden-tablet elementor-widget elementor-widget-heading\" data-id=\"bea4492\" data-element_type=\"widget\" data-e-type=\"widget\" data-widget_type=\"heading.default\">\n\t\t\t\t<div class=\"elementor-widget-container\">\n\t\t\t\t\t<h2 class=\"elementor-heading-title elementor-size-default\">Deveni\u021bi dealer sau distribuitor oficial Runmefit<\/h2>\t\t\t\t<\/div>\n\t\t\t\t<\/div>\n\t\t<div class=\"elementor-element elementor-element-1df0cc3 e-con-full e-flex e-con e-child\" data-id=\"1df0cc3\" data-element_type=\"container\" data-e-type=\"container\" data-settings=\"{&quot;background_background&quot;:&quot;classic&quot;}\">\n\t\t\t\t<div class=\"elementor-element elementor-element-cb6d4a7 elementor-widget__width-initial elementor-widget-mobile__width-initial elementor-widget elementor-widget-image\" data-id=\"cb6d4a7\" data-element_type=\"widget\" data-e-type=\"widget\" data-widget_type=\"image.default\">\n\t\t\t\t<div class=\"elementor-widget-container\">\n\t\t\t\t\t\t\t\t\t\t\t\t\t\t\t<img decoding=\"async\" width=\"1000\" height=\"645\" src=\"https:\/\/runmefit.com\/wp-content\/uploads\/2023\/11\/Take-a-Daily-Walk-with-Friends-to-Get-Healthy.jpg\" class=\"attachment-full size-full wp-image-475\" alt=\"Take a Daily Walk with Friends to Get Healthy\" srcset=\"https:\/\/runmefit.com\/wp-content\/uploads\/2023\/11\/Take-a-Daily-Walk-with-Friends-to-Get-Healthy.jpg 1000w, https:\/\/runmefit.com\/wp-content\/uploads\/2023\/11\/Take-a-Daily-Walk-with-Friends-to-Get-Healthy-300x194.jpg 300w, https:\/\/runmefit.com\/wp-content\/uploads\/2023\/11\/Take-a-Daily-Walk-with-Friends-to-Get-Healthy-768x495.jpg 768w\" sizes=\"(max-width: 1000px) 100vw, 1000px\" \/>\t\t\t\t\t\t\t\t\t\t\t\t\t\t\t<\/div>\n\t\t\t\t<\/div>\n\t\t<div class=\"elementor-element elementor-element-2ffce5f e-con-full e-flex e-con e-child\" data-id=\"2ffce5f\" data-element_type=\"container\" data-e-type=\"container\">\n\t\t\t\t<div class=\"elementor-element elementor-element-e5a4680 elementor-widget elementor-widget-text-editor\" data-id=\"e5a4680\" data-element_type=\"widget\" data-e-type=\"widget\" data-widget_type=\"text-editor.default\">\n\t\t\t\t<div class=\"elementor-widget-container\">\n\t\t\t\t\t\t\t\t\t<p>Extinde\u021bi-v\u0103 afacerea cu smartwatch-urile inovatoare Runmefit!<\/p>\n<p>Al\u0103tura\u021bi-v\u0103 nou\u0103 \u00een calitate de dealer sau distribuitor oficial \u0219i oferi\u021bi clien\u021bilor dvs. dispozitive elegante, bogate \u00een func\u021bii, care se adreseaz\u0103 pasiona\u021bilor de fitness, iubitorilor de tehnologie \u0219i utilizatorilor obi\u0219nui\u021bi. Beneficia\u021bi de pre\u021buri competitive, suport de marketing \u0219i un brand cunoscut pentru excelen\u021b\u0103 \u0219i fiabilitate. <\/p>\n<p>Cre\u0219te\u021bi cu Runmefit &#8211; contacta\u021bi-ne ast\u0103zi pentru a deveni dealer sau distribuitor!<\/p>\n\t\t\t\t\t\t\t\t<\/div>\n\t\t\t\t<\/div>\n\t\t\t\t<div class=\"elementor-element elementor-element-0d10618 elementor-align-center elementor-widget elementor-widget-button\" data-id=\"0d10618\" data-element_type=\"widget\" data-e-type=\"widget\" data-widget_type=\"button.default\">\n\t\t\t\t<div class=\"elementor-widget-container\">\n\t\t\t\t\t\t\t\t\t<div class=\"elementor-button-wrapper\">\n\t\t\t\t\t<a class=\"elementor-button elementor-button-link elementor-size-sm\" href=\"https:\/\/runmefit.com\/ro\/contactati-ne\/deveniti-dealer-sau-distribuitor-oficial-runmefit\/\">\n\t\t\t\t\t\t<span class=\"elementor-button-content-wrapper\">\n\t\t\t\t\t\t\t\t\t<span class=\"elementor-button-text\">Aplica\u021bi acum<\/span>\n\t\t\t\t\t<\/span>\n\t\t\t\t\t<\/a>\n\t\t\t\t<\/div>\n\t\t\t\t\t\t\t\t<\/div>\n\t\t\t\t<\/div>\n\t\t\t\t<\/div>\n\t\t\t\t<\/div>\n\t\t\t\t\t<\/div>\n\t\t\t\t<\/div>\n\t\t\t\t<\/div>\n\t\t\t\t<\/div>\n\t\t","protected":false},"excerpt":{"rendered":"<p>Cre\u0219te\u021bi starea de bine, \u00cembun\u0103t\u0103\u021bi\u021bi fiecare curs\u0103 Nu este doar sloganul nostru; este esen\u021ba angajamentului nostru. Runmefit este conceput pentru toat\u0103 lumea: de la atletul avid la alerg\u0103torul de diminea\u021b\u0103, la aventurierul de weekend \u0219i la cei care doresc s\u0103 r\u0103m\u00e2n\u0103 \u00een ton cu s\u0103n\u0103tatea lor. Noi cre\u0103m tehnologii care motiveaz\u0103, inspir\u0103 \u0219i sprijin\u0103 fiecare [&hellip;]<\/p>\n","protected":false},"author":1,"featured_media":0,"parent":0,"menu_order":0,"comment_status":"closed","ping_status":"closed","template":"elementor_header_footer","meta":{"_seopress_robots_primary_cat":"","_seopress_titles_title":"Despre Runmefit - Misiune \u0219i viziune","_seopress_titles_desc":"S\u0103 le oferim persoanelor din \u00eentreaga lume posibilitatea de a prelua controlul asupra c\u0103l\u0103toriei lor de s\u0103n\u0103tate \u0219i fitness, oferindu-le instrumentele \u0219i sprijinul necesare pentru a-\u0219i \u00eembun\u0103t\u0103\u021bi starea de bine cu fiecare alergare.","_seopress_robots_index":"","footnotes":""},"class_list":["post-32657","page","type-page","status-publish","hentry"],"_links":{"self":[{"href":"https:\/\/runmefit.com\/ro\/wp-json\/wp\/v2\/pages\/32657","targetHints":{"allow":["GET"]}}],"collection":[{"href":"https:\/\/runmefit.com\/ro\/wp-json\/wp\/v2\/pages"}],"about":[{"href":"https:\/\/runmefit.com\/ro\/wp-json\/wp\/v2\/types\/page"}],"author":[{"embeddable":true,"href":"https:\/\/runmefit.com\/ro\/wp-json\/wp\/v2\/users\/1"}],"replies":[{"embeddable":true,"href":"https:\/\/runmefit.com\/ro\/wp-json\/wp\/v2\/comments?post=32657"}],"version-history":[{"count":0,"href":"https:\/\/runmefit.com\/ro\/wp-json\/wp\/v2\/pages\/32657\/revisions"}],"wp:attachment":[{"href":"https:\/\/runmefit.com\/ro\/wp-json\/wp\/v2\/media?parent=32657"}],"curies":[{"name":"wp","href":"https:\/\/api.w.org\/{rel}","templated":true}]}}