{"id":32727,"date":"2024-05-23T02:24:14","date_gmt":"2024-05-23T02:24:14","guid":{"rendered":"https:\/\/runmefit.com\/contactati-ne\/obtineti-ajutor-cu-comanda-mea\/"},"modified":"2025-02-07T09:47:12","modified_gmt":"2025-02-07T09:47:12","slug":"obtineti-ajutor-cu-comanda-mea","status":"publish","type":"page","link":"https:\/\/runmefit.com\/ro\/contactati-ne\/obtineti-ajutor-cu-comanda-mea\/","title":{"rendered":"Ob\u021bine\u021bi ajutor cu comanda mea"},"content":{"rendered":"\t\t<div data-elementor-type=\"wp-page\" data-elementor-id=\"32727\" class=\"elementor elementor-32727 elementor-914\" data-elementor-post-type=\"page\">\n\t\t\t\t\t\t<section class=\"elementor-section elementor-top-section elementor-element elementor-element-a956753 elementor-section-boxed elementor-section-height-default elementor-section-height-default\" data-id=\"a956753\" data-element_type=\"section\" data-e-type=\"section\">\n\t\t\t\t\t\t<div class=\"elementor-container elementor-column-gap-default\">\n\t\t\t\t\t<div class=\"elementor-column elementor-col-100 elementor-top-column elementor-element elementor-element-ad1d94e\" data-id=\"ad1d94e\" data-element_type=\"column\" data-e-type=\"column\">\n\t\t\t<div class=\"elementor-widget-wrap elementor-element-populated\">\n\t\t\t\t\t\t<div class=\"elementor-element elementor-element-65a27bd elementor-widget elementor-widget-heading\" data-id=\"65a27bd\" data-element_type=\"widget\" data-e-type=\"widget\" data-widget_type=\"heading.default\">\n\t\t\t\t<div class=\"elementor-widget-container\">\n\t\t\t\t\t<h2 class=\"elementor-heading-title elementor-size-default\">Ob\u021bine\u021bi ajutor cu comanda mea<\/h2>\t\t\t\t<\/div>\n\t\t\t\t<\/div>\n\t\t\t\t<div class=\"elementor-element elementor-element-d6fe8aa elementor-widget elementor-widget-text-editor\" data-id=\"d6fe8aa\" data-element_type=\"widget\" data-e-type=\"widget\" data-widget_type=\"text-editor.default\">\n\t\t\t\t<div class=\"elementor-widget-container\">\n\t\t\t\t\t\t\t\t\t<div class=\"flex max-w-full flex-col flex-grow\">\n<div class=\"min-h-[20px] text-message flex w-full flex-col items-end gap-2 whitespace-normal break-words [.text-message+&amp;]:mt-5\" dir=\"auto\" data-message-author-role=\"assistant\" data-message-id=\"773a653e-4114-4e7e-bbc6-a0e481e3f9ce\">\n<div class=\"flex w-full flex-col gap-1 empty:hidden first:pt-[3px]\">\n<div class=\"markdown prose w-full break-words dark:prose-invert dark\">\n<p>Pentru comenzile plasate \u00een Magazinul oficial Runmefit, pute\u021bi trimite o reclama\u021bie pe aceast\u0103 pagin\u0103. Dac\u0103 comanda dvs. a fost plasat\u0103 prin intermediul unui retailer ter\u021b, v\u0103 rug\u0103m s\u0103 contacta\u021bi canalul original de achizi\u021bie pentru asisten\u021b\u0103. <\/p>\n<p>V\u0103 rug\u0103m s\u0103 re\u021bine\u021bi: achizi\u021biile separate de accesorii (cum ar fi benzile \u0219i curelele de \u00eenlocuire) nu sunt eligibile pentru returnare, deoarece sunt considerate articole care intr\u0103 \u00een contact cu pielea. Dac\u0103 aceste accesorii au fost achizi\u021bionate \u00eempreun\u0103 cu un dispozitiv, acestea trebuie returnate \u00eempreun\u0103. <\/p>\n<\/p>\n<\/div>\n<\/div>\n<\/div>\n<\/div>\n\t\t\t\t\t\t\t\t<\/div>\n\t\t\t\t<\/div>\n\t\t\t\t\t<\/div>\n\t\t<\/div>\n\t\t\t\t\t<\/div>\n\t\t<\/section>\n\t\t\t\t<section class=\"elementor-section elementor-top-section elementor-element elementor-element-7fa91db elementor-section-boxed elementor-section-height-default elementor-section-height-default\" data-id=\"7fa91db\" data-element_type=\"section\" data-e-type=\"section\">\n\t\t\t\t\t\t<div class=\"elementor-container elementor-column-gap-default\">\n\t\t\t\t\t<div class=\"elementor-column elementor-col-100 elementor-top-column elementor-element elementor-element-43e392fd\" data-id=\"43e392fd\" data-element_type=\"column\" data-e-type=\"column\">\n\t\t\t<div class=\"elementor-widget-wrap elementor-element-populated\">\n\t\t\t\t\t\t<div class=\"elementor-element elementor-element-321a4594 elementor-button-align-stretch elementor-widget elementor-widget-form\" data-id=\"321a4594\" data-element_type=\"widget\" data-e-type=\"widget\" data-settings=\"{&quot;step_next_label&quot;:&quot;Urm\\u0103torul&quot;,&quot;step_previous_label&quot;:&quot;Articolul precedent&quot;,&quot;button_width&quot;:&quot;100&quot;,&quot;step_type&quot;:&quot;number_text&quot;,&quot;step_icon_shape&quot;:&quot;circle&quot;}\" data-widget_type=\"form.default\">\n\t\t\t\t<div class=\"elementor-widget-container\">\n\t\t\t\t\t\t\t<form class=\"elementor-form\" method=\"post\" name=\"Formular nou\" aria-label=\"Formular nou\">\n\t\t\t<input type=\"hidden\" name=\"post_id\" value=\"32727\"\/>\n\t\t\t<input type=\"hidden\" name=\"form_id\" value=\"321a4594\"\/>\n\t\t\t<input type=\"hidden\" name=\"referer_title\" value=\"Ob\u021bine\u021bi ajutor cu comanda mea\" \/>\n\n\t\t\t\t\t\t\t<input type=\"hidden\" name=\"queried_id\" value=\"32727\"\/>\n\t\t\t\n\t\t\t<div class=\"elementor-form-fields-wrapper elementor-labels-above\">\n\t\t\t\t\t\t\t\t<div class=\"elementor-field-type-text elementor-field-group elementor-column elementor-field-group-name elementor-col-100 elementor-field-required elementor-mark-required\">\n\t\t\t\t\t\t\t\t\t\t\t\t<label for=\"form-field-name\" class=\"elementor-field-label\">\n\t\t\t\t\t\t\t\tNum\u0103r de comand\u0103\t\t\t\t\t\t\t<\/label>\n\t\t\t\t\t\t\t\t\t\t\t\t\t\t<input size=\"1\" type=\"text\" name=\"form_fields[name]\" id=\"form-field-name\" class=\"elementor-field elementor-size-lg  elementor-field-textual\" placeholder=\"Num\u0103rul comenzii dvs.\" required=\"required\">\n\t\t\t\t\t\t\t\t\t\t\t<\/div>\n\t\t\t\t\t\t\t\t<div class=\"elementor-field-type-text elementor-field-group elementor-column elementor-field-group-field_51c760e elementor-col-100 elementor-field-required elementor-mark-required\">\n\t\t\t\t\t\t\t\t\t\t\t\t<label for=\"form-field-field_51c760e\" class=\"elementor-field-label\">\n\t\t\t\t\t\t\t\tNume \u0219i prenume\t\t\t\t\t\t\t<\/label>\n\t\t\t\t\t\t\t\t\t\t\t\t\t\t<input size=\"1\" type=\"text\" name=\"form_fields[field_51c760e]\" id=\"form-field-field_51c760e\" class=\"elementor-field elementor-size-lg  elementor-field-textual\" placeholder=\"La fel ca numele comenzii dvs.\" required=\"required\">\n\t\t\t\t\t\t\t\t\t\t\t<\/div>\n\t\t\t\t\t\t\t\t<div class=\"elementor-field-type-email elementor-field-group elementor-column elementor-field-group-email elementor-col-100 elementor-field-required elementor-mark-required\">\n\t\t\t\t\t\t\t\t\t\t\t\t<label for=\"form-field-email\" class=\"elementor-field-label\">\n\t\t\t\t\t\t\t\tE-mail\t\t\t\t\t\t\t<\/label>\n\t\t\t\t\t\t\t\t\t\t\t\t\t\t<input size=\"1\" type=\"email\" name=\"form_fields[email]\" id=\"form-field-email\" class=\"elementor-field elementor-size-lg  elementor-field-textual\" placeholder=\"Acela\u0219i ca e-mailul comenzii dvs.\" required=\"required\">\n\t\t\t\t\t\t\t\t\t\t\t<\/div>\n\t\t\t\t\t\t\t\t<div class=\"elementor-field-type-select elementor-field-group elementor-column elementor-field-group-field_58e66ac elementor-col-100 elementor-field-required elementor-mark-required\">\n\t\t\t\t\t\t\t\t\t\t\t\t<label for=\"form-field-field_58e66ac\" class=\"elementor-field-label\">\n\t\t\t\t\t\t\t\t\u021aar\u0103 sau regiune\t\t\t\t\t\t\t<\/label>\n\t\t\t\t\t\t\t\t<div class=\"elementor-field elementor-select-wrapper remove-before \">\n\t\t\t<div class=\"select-caret-down-wrapper\">\n\t\t\t\t<i aria-hidden=\"true\" class=\"eicon-caret-down\"><\/i>\t\t\t<\/div>\n\t\t\t<select name=\"form_fields[field_58e66ac]\" id=\"form-field-field_58e66ac\" class=\"elementor-field-textual elementor-size-lg\" required=\"required\">\n\t\t\t\t\t\t\t\t\t<option value=\"Afganistan\">Afganistan<\/option>\n\t\t\t\t\t\t\t\t\t<option value=\"Algeria\">Algeria<\/option>\n\t\t\t\t\t\t\t\t\t<option value=\"Angola\">Angola<\/option>\n\t\t\t\t\t\t\t\t\t<option value=\"Argentina\">Argentina<\/option>\n\t\t\t\t\t\t\t\t\t<option value=\"Australia\">Australia<\/option>\n\t\t\t\t\t\t\t\t\t<option value=\"Austria\">Austria<\/option>\n\t\t\t\t\t\t\t\t\t<option value=\"Azerbaidjan\">Azerbaidjan<\/option>\n\t\t\t\t\t\t\t\t\t<option value=\"Bangladesh\">Bangladesh<\/option>\n\t\t\t\t\t\t\t\t\t<option value=\"Belarus\">Belarus<\/option>\n\t\t\t\t\t\t\t\t\t<option value=\"Belgia\">Belgia<\/option>\n\t\t\t\t\t\t\t\t\t<option value=\"Benin\">Benin<\/option>\n\t\t\t\t\t\t\t\t\t<option value=\"Bolivia\">Bolivia<\/option>\n\t\t\t\t\t\t\t\t\t<option value=\"Brazilia\">Brazilia<\/option>\n\t\t\t\t\t\t\t\t\t<option value=\"Burkina Faso\">Burkina Faso<\/option>\n\t\t\t\t\t\t\t\t\t<option value=\"Burundi\">Burundi<\/option>\n\t\t\t\t\t\t\t\t\t<option value=\"Cambodgia\">Cambodgia<\/option>\n\t\t\t\t\t\t\t\t\t<option value=\"Camerun\">Camerun<\/option>\n\t\t\t\t\t\t\t\t\t<option value=\"Canada\">Canada<\/option>\n\t\t\t\t\t\t\t\t\t<option value=\"Ciad\">Ciad<\/option>\n\t\t\t\t\t\t\t\t\t<option value=\"Chile\">Chile<\/option>\n\t\t\t\t\t\t\t\t\t<option value=\"China\">China<\/option>\n\t\t\t\t\t\t\t\t\t<option value=\"Columbia\">Columbia<\/option>\n\t\t\t\t\t\t\t\t\t<option value=\"Cuba\">Cuba<\/option>\n\t\t\t\t\t\t\t\t\t<option value=\"Republica Ceh\u0103\">Republica Ceh\u0103<\/option>\n\t\t\t\t\t\t\t\t\t<option value=\"C\u00f4te d&#039;Ivoire\">C\u00f4te d&#039;Ivoire<\/option>\n\t\t\t\t\t\t\t\t\t<option value=\"Republica Democrat\u0103 Congo\">Republica Democrat\u0103 Congo<\/option>\n\t\t\t\t\t\t\t\t\t<option value=\"Republica Dominican\u0103\">Republica Dominican\u0103<\/option>\n\t\t\t\t\t\t\t\t\t<option value=\"Ecuador\">Ecuador<\/option>\n\t\t\t\t\t\t\t\t\t<option value=\"Egipt\">Egipt<\/option>\n\t\t\t\t\t\t\t\t\t<option value=\"Etiopia\">Etiopia<\/option>\n\t\t\t\t\t\t\t\t\t<option value=\"Fran\u021ba\">Fran\u021ba<\/option>\n\t\t\t\t\t\t\t\t\t<option value=\"Germania\">Germania<\/option>\n\t\t\t\t\t\t\t\t\t<option value=\"Ghana\">Ghana<\/option>\n\t\t\t\t\t\t\t\t\t<option value=\"Grecia\">Grecia<\/option>\n\t\t\t\t\t\t\t\t\t<option value=\"Guatemala\">Guatemala<\/option>\n\t\t\t\t\t\t\t\t\t<option value=\"Guineea\">Guineea<\/option>\n\t\t\t\t\t\t\t\t\t<option value=\"Haiti\">Haiti<\/option>\n\t\t\t\t\t\t\t\t\t<option value=\"Honduras\">Honduras<\/option>\n\t\t\t\t\t\t\t\t\t<option value=\"Ungaria\">Ungaria<\/option>\n\t\t\t\t\t\t\t\t\t<option value=\"India\">India<\/option>\n\t\t\t\t\t\t\t\t\t<option value=\"Indonezia\">Indonezia<\/option>\n\t\t\t\t\t\t\t\t\t<option value=\"Iran\">Iran<\/option>\n\t\t\t\t\t\t\t\t\t<option value=\"Irak\">Irak<\/option>\n\t\t\t\t\t\t\t\t\t<option value=\"Israel\">Israel<\/option>\n\t\t\t\t\t\t\t\t\t<option value=\"Italia\">Italia<\/option>\n\t\t\t\t\t\t\t\t\t<option value=\"Japonia\">Japonia<\/option>\n\t\t\t\t\t\t\t\t\t<option value=\"Iordania\">Iordania<\/option>\n\t\t\t\t\t\t\t\t\t<option value=\"Kazahstan\">Kazahstan<\/option>\n\t\t\t\t\t\t\t\t\t<option value=\"Kenya\">Kenya<\/option>\n\t\t\t\t\t\t\t\t\t<option value=\"Madagascar\">Madagascar<\/option>\n\t\t\t\t\t\t\t\t\t<option value=\"Malawi\">Malawi<\/option>\n\t\t\t\t\t\t\t\t\t<option value=\"Malaezia\">Malaezia<\/option>\n\t\t\t\t\t\t\t\t\t<option value=\"Mali\">Mali<\/option>\n\t\t\t\t\t\t\t\t\t<option value=\"Mexic\">Mexic<\/option>\n\t\t\t\t\t\t\t\t\t<option value=\"Maroc\">Maroc<\/option>\n\t\t\t\t\t\t\t\t\t<option value=\"Mozambic\">Mozambic<\/option>\n\t\t\t\t\t\t\t\t\t<option value=\"Myanmar\">Myanmar<\/option>\n\t\t\t\t\t\t\t\t\t<option value=\"Nepal\">Nepal<\/option>\n\t\t\t\t\t\t\t\t\t<option value=\"\u021a\u0103rile de Jos\">\u021a\u0103rile de Jos<\/option>\n\t\t\t\t\t\t\t\t\t<option value=\"Niger\">Niger<\/option>\n\t\t\t\t\t\t\t\t\t<option value=\"Nigeria\">Nigeria<\/option>\n\t\t\t\t\t\t\t\t\t<option value=\"Coreea de Nord\">Coreea de Nord<\/option>\n\t\t\t\t\t\t\t\t\t<option value=\"Pakistan\">Pakistan<\/option>\n\t\t\t\t\t\t\t\t\t<option value=\"Papua Noua Guinee\">Papua Noua Guinee<\/option>\n\t\t\t\t\t\t\t\t\t<option value=\"Peru\">Peru<\/option>\n\t\t\t\t\t\t\t\t\t<option value=\"Filipine\">Filipine<\/option>\n\t\t\t\t\t\t\t\t\t<option value=\"Polonia\">Polonia<\/option>\n\t\t\t\t\t\t\t\t\t<option value=\"Portugalia\">Portugalia<\/option>\n\t\t\t\t\t\t\t\t\t<option value=\"Rom\u00e2nia\">Rom\u00e2nia<\/option>\n\t\t\t\t\t\t\t\t\t<option value=\"Rusia\">Rusia<\/option>\n\t\t\t\t\t\t\t\t\t<option value=\"Rwanda\">Rwanda<\/option>\n\t\t\t\t\t\t\t\t\t<option value=\"Arabia Saudit\u0103\">Arabia Saudit\u0103<\/option>\n\t\t\t\t\t\t\t\t\t<option value=\"Senegal\">Senegal<\/option>\n\t\t\t\t\t\t\t\t\t<option value=\"Serbia\">Serbia<\/option>\n\t\t\t\t\t\t\t\t\t<option value=\"Somalia\">Somalia<\/option>\n\t\t\t\t\t\t\t\t\t<option value=\"Africa de Sud\">Africa de Sud<\/option>\n\t\t\t\t\t\t\t\t\t<option value=\"Coreea de Sud\">Coreea de Sud<\/option>\n\t\t\t\t\t\t\t\t\t<option value=\"Sudanul de Sud\">Sudanul de Sud<\/option>\n\t\t\t\t\t\t\t\t\t<option value=\"Spania\">Spania<\/option>\n\t\t\t\t\t\t\t\t\t<option value=\"Sri Lanka\">Sri Lanka<\/option>\n\t\t\t\t\t\t\t\t\t<option value=\"Sudan\">Sudan<\/option>\n\t\t\t\t\t\t\t\t\t<option value=\"Suedia\">Suedia<\/option>\n\t\t\t\t\t\t\t\t\t<option value=\"Siria\">Siria<\/option>\n\t\t\t\t\t\t\t\t\t<option value=\"Taiwan (China)\">Taiwan (China)<\/option>\n\t\t\t\t\t\t\t\t\t<option value=\"Tadjikistan\">Tadjikistan<\/option>\n\t\t\t\t\t\t\t\t\t<option value=\"Tanzania\">Tanzania<\/option>\n\t\t\t\t\t\t\t\t\t<option value=\"Thailanda\">Thailanda<\/option>\n\t\t\t\t\t\t\t\t\t<option value=\"Tunisia\">Tunisia<\/option>\n\t\t\t\t\t\t\t\t\t<option value=\"Turcia\">Turcia<\/option>\n\t\t\t\t\t\t\t\t\t<option value=\"Uganda\">Uganda<\/option>\n\t\t\t\t\t\t\t\t\t<option value=\"Ucraina\">Ucraina<\/option>\n\t\t\t\t\t\t\t\t\t<option value=\"Emiratele Arabe Unite\">Emiratele Arabe Unite<\/option>\n\t\t\t\t\t\t\t\t\t<option value=\"Regatul Unit\">Regatul Unit<\/option>\n\t\t\t\t\t\t\t\t\t<option value=\"Statele Unite ale Americii\">Statele Unite ale Americii<\/option>\n\t\t\t\t\t\t\t\t\t<option value=\"Uzbekistan\">Uzbekistan<\/option>\n\t\t\t\t\t\t\t\t\t<option value=\"Venezuela\">Venezuela<\/option>\n\t\t\t\t\t\t\t\t\t<option value=\"Vietnam\">Vietnam<\/option>\n\t\t\t\t\t\t\t\t\t<option value=\"Yemen\">Yemen<\/option>\n\t\t\t\t\t\t\t\t\t<option value=\"Zambia\">Zambia<\/option>\n\t\t\t\t\t\t\t\t\t<option value=\"Zimbabwe  \">Zimbabwe  <\/option>\n\t\t\t\t\t\t\t\t\t<option value=\"Altele\">Altele<\/option>\n\t\t\t\t\t\t\t<\/select>\n\t\t<\/div>\n\t\t\t\t\t\t<\/div>\n\t\t\t\t\t\t\t\t<div class=\"elementor-field-type-text elementor-field-group elementor-column elementor-field-group-message elementor-col-100 elementor-field-required elementor-mark-required\">\n\t\t\t\t\t\t\t\t\t\t\t\t<label for=\"form-field-message\" class=\"elementor-field-label\">\n\t\t\t\t\t\t\t\tAdresa de expediere\t\t\t\t\t\t\t<\/label>\n\t\t\t\t\t\t\t\t\t\t\t\t\t\t<input size=\"1\" type=\"text\" name=\"form_fields[message]\" id=\"form-field-message\" class=\"elementor-field elementor-size-lg  elementor-field-textual\" placeholder=\"Aceea\u0219i ca adresa de expediere a comenzii dvs.\" required=\"required\">\n\t\t\t\t\t\t\t\t\t\t\t<\/div>\n\t\t\t\t\t\t\t\t<div class=\"elementor-field-type-select elementor-field-group elementor-column elementor-field-group-field_122e96a elementor-col-100 elementor-field-required elementor-mark-required\">\n\t\t\t\t\t\t\t\t\t\t\t\t<label for=\"form-field-field_122e96a\" class=\"elementor-field-label\">\n\t\t\t\t\t\t\t\tProdus achizi\u021bionat\t\t\t\t\t\t\t<\/label>\n\t\t\t\t\t\t\t\t<div class=\"elementor-field elementor-select-wrapper remove-before \">\n\t\t\t<div class=\"select-caret-down-wrapper\">\n\t\t\t\t<i aria-hidden=\"true\" class=\"eicon-caret-down\"><\/i>\t\t\t<\/div>\n\t\t\t<select name=\"form_fields[field_122e96a]\" id=\"form-field-field_122e96a\" class=\"elementor-field-textual elementor-size-lg\" required=\"required\">\n\t\t\t\t\t\t\t\t\t<option value=\"Ceas inteligent GTS 7\">Ceas inteligent GTS 7<\/option>\n\t\t\t\t\t\t\t\t\t<option value=\"Ceas inteligent GTS 7 Pro\">Ceas inteligent GTS 7 Pro<\/option>\n\t\t\t\t\t\t\t\t\t<option value=\"Ceas inteligent GTS 8\">Ceas inteligent GTS 8<\/option>\n\t\t\t\t\t\t\t\t\t<option value=\"Ceas inteligent GTR 2\">Ceas inteligent GTR 2<\/option>\n\t\t\t\t\t\t\t\t\t<option value=\"Ceas inteligent GTS 3\">Ceas inteligent GTS 3<\/option>\n\t\t\t\t\t\t\t\t\t<option value=\"Ceas inteligent CX3\">Ceas inteligent CX3<\/option>\n\t\t\t\t\t\t\t\t\t<option value=\"GTL 2 Fitness Tracker\">GTL 2 Fitness Tracker<\/option>\n\t\t\t\t\t\t\t\t\t<option value=\"Fitness Tracker S5\">Fitness Tracker S5<\/option>\n\t\t\t\t\t\t\t\t\t<option value=\"Benzi de ceas sau accesorii\">Benzi de ceas sau accesorii<\/option>\n\t\t\t\t\t\t\t<\/select>\n\t\t<\/div>\n\t\t\t\t\t\t<\/div>\n\t\t\t\t\t\t\t\t<div class=\"elementor-field-type-select elementor-field-group elementor-column elementor-field-group-field_9b6dc52 elementor-col-100 elementor-field-required elementor-mark-required\">\n\t\t\t\t\t\t\t\t\t\t\t\t<label for=\"form-field-field_9b6dc52\" class=\"elementor-field-label\">\n\t\t\t\t\t\t\t\tCum v\u0103 putem ajuta?\t\t\t\t\t\t\t<\/label>\n\t\t\t\t\t\t\t\t<div class=\"elementor-field elementor-select-wrapper remove-before \">\n\t\t\t<div class=\"select-caret-down-wrapper\">\n\t\t\t\t<i aria-hidden=\"true\" class=\"eicon-caret-down\"><\/i>\t\t\t<\/div>\n\t\t\t<select name=\"form_fields[field_9b6dc52]\" id=\"form-field-field_9b6dc52\" class=\"elementor-field-textual elementor-size-lg\" required=\"required\">\n\t\t\t\t\t\t\t\t\t<option value=\"Doresc s\u0103 urm\u0103resc starea comenzii mele\">Doresc s\u0103 urm\u0103resc starea comenzii mele<\/option>\n\t\t\t\t\t\t\t\t\t<option value=\"Unde se afl\u0103 comanda mea\">Unde se afl\u0103 comanda mea<\/option>\n\t\t\t\t\t\t\t\t\t<option value=\"Am o problem\u0103 cu produsul pe care l-am primit\">Am o problem\u0103 cu produsul pe care l-am primit<\/option>\n\t\t\t\t\t\t\t\t\t<option value=\"O pies\u0103 de schimb lipse\u0219te sau este defect\u0103\">O pies\u0103 de schimb lipse\u0219te sau este defect\u0103<\/option>\n\t\t\t\t\t\t\t\t\t<option value=\"Doresc s\u0103 \u00eenlocuiesc sau s\u0103 returnez produsul\">Doresc s\u0103 \u00eenlocuiesc sau s\u0103 returnez produsul<\/option>\n\t\t\t\t\t\t\t\t\t<option value=\"\u00centrebarea mea nu este men\u021bionat\u0103 mai sus\">\u00centrebarea mea nu este men\u021bionat\u0103 mai sus<\/option>\n\t\t\t\t\t\t\t<\/select>\n\t\t<\/div>\n\t\t\t\t\t\t<\/div>\n\t\t\t\t\t\t\t\t<div class=\"elementor-field-type-textarea elementor-field-group elementor-column elementor-field-group-field_4c74c43 elementor-col-100 elementor-field-required elementor-mark-required\">\n\t\t\t\t\t\t\t\t\t\t\t\t<label for=\"form-field-field_4c74c43\" class=\"elementor-field-label\">\n\t\t\t\t\t\t\t\tV\u0103 rug\u0103m s\u0103 ne spune\u021bi mai multe\t\t\t\t\t\t\t<\/label>\n\t\t\t\t\t\t<textarea class=\"elementor-field-textual elementor-field  elementor-size-lg\" name=\"form_fields[field_4c74c43]\" id=\"form-field-field_4c74c43\" rows=\"4\" placeholder=\"V\u0103 rug\u0103m s\u0103 specifica\u021bi problema acestei comenzi, astfel \u00eenc\u00e2t s\u0103 v\u0103 putem ajuta mai repede.\" required=\"required\"><\/textarea>\t\t\t\t<\/div>\n\t\t\t\t\t\t\t\t<div class=\"elementor-field-type-recaptcha_v3 elementor-field-group elementor-column elementor-field-group-field_80ac2c7 elementor-col-100 recaptcha_v3-bottomright\">\n\t\t\t\t\t<div class=\"elementor-field\" id=\"form-field-field_80ac2c7\"><div class=\"elementor-g-recaptcha\" data-sitekey=\"6LdNqLYpAAAAAEYP-BYym3pk58UYpbhLRD0D_jT_\" data-type=\"v3\" data-action=\"Form\" data-badge=\"bottomright\" data-size=\"invisible\"><\/div><\/div>\t\t\t\t<\/div>\n\t\t\t\t\t\t\t\t<div class=\"elementor-field-group elementor-column elementor-field-type-submit elementor-col-100 e-form__buttons\">\n\t\t\t\t\t<button class=\"elementor-button elementor-size-lg\" type=\"submit\">\n\t\t\t\t\t\t<span class=\"elementor-button-content-wrapper\">\n\t\t\t\t\t\t\t\t\t\t\t\t\t\t\t<span class=\"elementor-button-icon\">\n\t\t\t\t\t\t\t\t\t<i aria-hidden=\"true\" class=\"far fa-arrow-alt-circle-right\"><\/i>\t\t\t\t\t\t\t\t\t\t\t\t\t\t\t\t\t<\/span>\n\t\t\t\t\t\t\t\t\t\t\t\t\t\t\t\t\t\t\t\t\t\t<span class=\"elementor-button-text\">Trimite acum<\/span>\n\t\t\t\t\t\t\t\t\t\t\t\t\t<\/span>\n\t\t\t\t\t<\/button>\n\t\t\t\t<\/div>\n\t\t\t<\/div>\n\t\t<\/form>\n\t\t\t\t\t\t<\/div>\n\t\t\t\t<\/div>\n\t\t\t\t\t<\/div>\n\t\t<\/div>\n\t\t\t\t\t<\/div>\n\t\t<\/section>\n\t\t\t\t<\/div>\n\t\t","protected":false},"excerpt":{"rendered":"<p>Ave\u021bi nevoie de asisten\u021b\u0103 cu comanda dvs.? Trimite\u021bi o cerere c\u0103tre echipa de asisten\u021b\u0103 pentru clien\u021bi Runmefit pentru a urm\u0103ri expedierea sau pentru a procesa o returnare sau un schimb. <\/p>\n","protected":false},"author":1,"featured_media":0,"parent":32614,"menu_order":0,"comment_status":"closed","ping_status":"closed","template":"","meta":{"_seopress_robots_primary_cat":"","_seopress_titles_title":"Ob\u021bine\u021bi ajutor cu comanda mea - Runmefit","_seopress_titles_desc":"Ave\u021bi nevoie de asisten\u021b\u0103 cu comanda dvs.? Trimite\u021bi o cerere c\u0103tre echipa de asisten\u021b\u0103 pentru clien\u021bi Runmefit pentru a urm\u0103ri expedierea sau pentru a procesa o returnare sau un schimb. ","_seopress_robots_index":"","footnotes":""},"class_list":["post-32727","page","type-page","status-publish","hentry"],"_links":{"self":[{"href":"https:\/\/runmefit.com\/ro\/wp-json\/wp\/v2\/pages\/32727","targetHints":{"allow":["GET"]}}],"collection":[{"href":"https:\/\/runmefit.com\/ro\/wp-json\/wp\/v2\/pages"}],"about":[{"href":"https:\/\/runmefit.com\/ro\/wp-json\/wp\/v2\/types\/page"}],"author":[{"embeddable":true,"href":"https:\/\/runmefit.com\/ro\/wp-json\/wp\/v2\/users\/1"}],"replies":[{"embeddable":true,"href":"https:\/\/runmefit.com\/ro\/wp-json\/wp\/v2\/comments?post=32727"}],"version-history":[{"count":0,"href":"https:\/\/runmefit.com\/ro\/wp-json\/wp\/v2\/pages\/32727\/revisions"}],"up":[{"embeddable":true,"href":"https:\/\/runmefit.com\/ro\/wp-json\/wp\/v2\/pages\/32614"}],"wp:attachment":[{"href":"https:\/\/runmefit.com\/ro\/wp-json\/wp\/v2\/media?parent=32727"}],"curies":[{"name":"wp","href":"https:\/\/api.w.org\/{rel}","templated":true}]}}