{"id":32644,"date":"2023-02-10T02:34:16","date_gmt":"2023-02-10T02:34:16","guid":{"rendered":"https:\/\/runmefit.com\/ve\/"},"modified":"2025-03-20T09:31:19","modified_gmt":"2025-03-20T09:31:19","slug":"ve","status":"publish","type":"page","link":"https:\/\/runmefit.com\/vi\/ve\/","title":{"rendered":"Gi\u1edbi thi\u1ec7u v\u1ec1 Runmefit"},"content":{"rendered":"\t\t<div data-elementor-type=\"wp-page\" data-elementor-id=\"32644\" class=\"elementor elementor-32644 elementor-41\" data-elementor-post-type=\"page\">\n\t\t\t\t<div class=\"elementor-element elementor-element-9c8b104 e-con-full e-flex e-con e-parent\" data-id=\"9c8b104\" data-element_type=\"container\" data-e-type=\"container\">\n\t\t<div class=\"elementor-element elementor-element-7a47119 e-flex e-con-boxed e-con e-child\" data-id=\"7a47119\" data-element_type=\"container\" data-e-type=\"container\">\n\t\t\t\t\t<div class=\"e-con-inner\">\n\t\t<div class=\"elementor-element elementor-element-69c33c8 e-flex e-con-boxed e-con e-child\" data-id=\"69c33c8\" data-element_type=\"container\" data-e-type=\"container\" data-settings=\"{&quot;background_background&quot;:&quot;classic&quot;}\">\n\t\t\t\t\t<div class=\"e-con-inner\">\n\t\t\t\t<div class=\"elementor-element elementor-element-76ff3cc elementor-widget elementor-widget-heading\" data-id=\"76ff3cc\" data-element_type=\"widget\" data-e-type=\"widget\" data-widget_type=\"heading.default\">\n\t\t\t\t<div class=\"elementor-widget-container\">\n\t\t\t\t\t<h2 class=\"elementor-heading-title elementor-size-default\">N\u00e2ng cao s\u1ee9c kh\u1ecfe c\u1ee7a b\u1ea1n,\n<br> T\u0103ng c\u01b0\u1eddng s\u1ee9c m\u1ea1nh cho m\u1ecdi l\u1ea7n ch\u1ea1y<\/h2>\t\t\t\t<\/div>\n\t\t\t\t<\/div>\n\t\t\t\t<div class=\"elementor-element elementor-element-aae6ff6 elementor-widget elementor-widget-text-editor\" data-id=\"aae6ff6\" data-element_type=\"widget\" data-e-type=\"widget\" data-widget_type=\"text-editor.default\">\n\t\t\t\t<div class=\"elementor-widget-container\">\n\t\t\t\t\t\t\t\t\t<p>\u0110\u00e2y kh\u00f4ng ch\u1ec9 l\u00e0 kh\u1ea9u hi\u1ec7u c\u1ee7a ch\u00fang t\u00f4i; m\u00e0 c\u00f2n l\u00e0 b\u1ea3n ch\u1ea5t cam k\u1ebft c\u1ee7a ch\u00fang t\u00f4i. Runmefit \u0111\u01b0\u1ee3c thi\u1ebft k\u1ebf cho t\u1ea5t c\u1ea3 m\u1ecdi ng\u01b0\u1eddi: t\u1eeb v\u1eadn \u0111\u1ed9ng vi\u00ean cu\u1ed3ng nhi\u1ec7t \u0111\u1ebfn ng\u01b0\u1eddi ch\u1ea1y b\u1ed9 bu\u1ed5i s\u00e1ng, nh\u00e0 th\u00e1m hi\u1ec3m cu\u1ed1i tu\u1ea7n v\u00e0 nh\u1eefng ng\u01b0\u1eddi mu\u1ed1n theo k\u1ecbp s\u1ee9c kh\u1ecfe c\u1ee7a m\u00ecnh. Ch\u00fang t\u00f4i t\u1ea1o ra c\u00f4ng ngh\u1ec7 th\u00fac \u0111\u1ea9y, truy\u1ec1n c\u1ea3m h\u1ee9ng v\u00e0 h\u1ed7 tr\u1ee3 m\u1ecdi b\u01b0\u1edbc \u0111i v\u00e0 nh\u1ecbp \u0111\u1eadp c\u1ee7a h\u00e0nh tr\u00ecnh s\u1ee9c kh\u1ecfe c\u1ee7a b\u1ea1n.  <\/p>\n\t\t\t\t\t\t\t\t<\/div>\n\t\t\t\t<\/div>\n\t\t\t\t\t<\/div>\n\t\t\t\t<\/div>\n\t\t\t\t<div class=\"elementor-element elementor-element-5a483b0 elementor-widget elementor-widget-spacer\" data-id=\"5a483b0\" data-element_type=\"widget\" data-e-type=\"widget\" data-widget_type=\"spacer.default\">\n\t\t\t\t<div class=\"elementor-widget-container\">\n\t\t\t\t\t\t\t<div class=\"elementor-spacer\">\n\t\t\t<div class=\"elementor-spacer-inner\"><\/div>\n\t\t<\/div>\n\t\t\t\t\t\t<\/div>\n\t\t\t\t<\/div>\n\t\t\t\t<div class=\"elementor-element elementor-element-75b40f8 elementor-hidden-desktop elementor-hidden-mobile elementor-widget elementor-widget-heading\" data-id=\"75b40f8\" data-element_type=\"widget\" data-e-type=\"widget\" data-widget_type=\"heading.default\">\n\t\t\t\t<div class=\"elementor-widget-container\">\n\t\t\t\t\t<h1 class=\"elementor-heading-title elementor-size-default\">Gi\u1edbi thi\u1ec7u v\u1ec1 Runmefit<\/h1>\t\t\t\t<\/div>\n\t\t\t\t<\/div>\n\t\t<div class=\"elementor-element elementor-element-9c7614d e-con-full e-flex e-con e-child\" data-id=\"9c7614d\" data-element_type=\"container\" data-e-type=\"container\">\n\t\t\t\t<div class=\"elementor-element elementor-element-62724b4 elementor-widget__width-initial elementor-widget-mobile__width-initial elementor-widget elementor-widget-image\" data-id=\"62724b4\" data-element_type=\"widget\" data-e-type=\"widget\" data-widget_type=\"image.default\">\n\t\t\t\t<div class=\"elementor-widget-container\">\n\t\t\t\t\t\t\t\t\t\t\t\t\t\t\t<img fetchpriority=\"high\" decoding=\"async\" width=\"1080\" height=\"1080\" src=\"https:\/\/runmefit.com\/wp-content\/uploads\/2024\/07\/Runmefit-Product-Range-mob.jpg\" class=\"attachment-full size-full wp-image-7228\" alt=\"\" srcset=\"https:\/\/runmefit.com\/wp-content\/uploads\/2024\/07\/Runmefit-Product-Range-mob.jpg 1080w, https:\/\/runmefit.com\/wp-content\/uploads\/2024\/07\/Runmefit-Product-Range-mob-300x300.jpg 300w, https:\/\/runmefit.com\/wp-content\/uploads\/2024\/07\/Runmefit-Product-Range-mob-1024x1024.jpg 1024w, https:\/\/runmefit.com\/wp-content\/uploads\/2024\/07\/Runmefit-Product-Range-mob-150x150.jpg 150w, https:\/\/runmefit.com\/wp-content\/uploads\/2024\/07\/Runmefit-Product-Range-mob-768x768.jpg 768w\" sizes=\"(max-width: 1080px) 100vw, 1080px\" \/>\t\t\t\t\t\t\t\t\t\t\t\t\t\t\t<\/div>\n\t\t\t\t<\/div>\n\t\t<div class=\"elementor-element elementor-element-d683645 e-con-full e-flex e-con e-child\" data-id=\"d683645\" data-element_type=\"container\" data-e-type=\"container\">\n\t\t\t\t<div class=\"elementor-element elementor-element-08f433d elementor-hidden-tablet elementor-widget elementor-widget-heading\" data-id=\"08f433d\" data-element_type=\"widget\" data-e-type=\"widget\" data-widget_type=\"heading.default\">\n\t\t\t\t<div class=\"elementor-widget-container\">\n\t\t\t\t\t<h1 class=\"elementor-heading-title elementor-size-default\">Gi\u1edbi thi\u1ec7u v\u1ec1 Runmefit<\/h1>\t\t\t\t<\/div>\n\t\t\t\t<\/div>\n\t\t\t\t<div class=\"elementor-element elementor-element-d97990f elementor-widget elementor-widget-text-editor\" data-id=\"d97990f\" data-element_type=\"widget\" data-e-type=\"widget\" data-widget_type=\"text-editor.default\">\n\t\t\t\t<div class=\"elementor-widget-container\">\n\t\t\t\t\t\t\t\t\t<p>\u0110\u01b0\u1ee3c th\u00e0nh l\u1eadp v\u00e0o n\u0103m 2015, Runmefit ra \u0111\u1eddi v\u1edbi t\u1ea7m nh\u00ecn thu h\u1eb9p kho\u1ea3ng c\u00e1ch gi\u1eefa nh\u1eadn th\u1ee9c v\u1ec1 s\u1ee9c kh\u1ecfe h\u00e0ng ng\u00e0y v\u00e0 c\u00f4ng ngh\u1ec7 th\u1ec3 d\u1ee5c ti\u00ean ti\u1ebfn, d\u1ec5 ti\u1ebfp c\u1eadn.<\/p>\n<p>S\u1ea3n ph\u1ea9m c\u1ee7a ch\u00fang t\u00f4i\u2014\u0111\u1ed3ng h\u1ed3 th\u00f4ng minh v\u00e0 m\u00e1y theo d\u00f5i ho\u1ea1t \u0111\u1ed9ng\u2014kh\u00f4ng ch\u1ec9 l\u00e0 ti\u1ec7n \u00edch. Ch\u00fang l\u00e0 ng\u01b0\u1eddi b\u1ea1n \u0111\u1ed3ng h\u00e0nh ch\u0103m s\u00f3c s\u1ee9c kh\u1ecfe c\u00e1 nh\u00e2n, cung c\u1ea5p th\u00f4ng tin chi ti\u1ebft v\u1ec1 c\u00e1c s\u1ed1 li\u1ec7u s\u1ee9c kh\u1ecfe nh\u01b0 nh\u1ecbp tim v\u00e0 m\u1ee9c oxy trong m\u00e1u, tr\u01b0\u1edbc \u0111\u00e2y ch\u1ec9 d\u00e0nh cho c\u00e1c chuy\u00ean gia. <\/p>\n\t\t\t\t\t\t\t\t<\/div>\n\t\t\t\t<\/div>\n\t\t\t\t<div class=\"elementor-element elementor-element-de8fe2e elementor-align-center elementor-widget elementor-widget-button\" data-id=\"de8fe2e\" data-element_type=\"widget\" data-e-type=\"widget\" data-widget_type=\"button.default\">\n\t\t\t\t<div class=\"elementor-widget-container\">\n\t\t\t\t\t\t\t\t\t<div class=\"elementor-button-wrapper\">\n\t\t\t\t\t<a class=\"elementor-button elementor-button-link elementor-size-sm\" href=\"https:\/\/runmefit.com\/products\/\">\n\t\t\t\t\t\t<span class=\"elementor-button-content-wrapper\">\n\t\t\t\t\t\t\t\t\t<span class=\"elementor-button-text\">S\u1ea3n ph\u1ea9m c\u1eeda h\u00e0ng<\/span>\n\t\t\t\t\t<\/span>\n\t\t\t\t\t<\/a>\n\t\t\t\t<\/div>\n\t\t\t\t\t\t\t\t<\/div>\n\t\t\t\t<\/div>\n\t\t\t\t<\/div>\n\t\t\t\t<\/div>\n\t\t\t\t<div class=\"elementor-element elementor-element-e65dbbc elementor-widget elementor-widget-spacer\" data-id=\"e65dbbc\" data-element_type=\"widget\" data-e-type=\"widget\" data-widget_type=\"spacer.default\">\n\t\t\t\t<div class=\"elementor-widget-container\">\n\t\t\t\t\t\t\t<div class=\"elementor-spacer\">\n\t\t\t<div class=\"elementor-spacer-inner\"><\/div>\n\t\t<\/div>\n\t\t\t\t\t\t<\/div>\n\t\t\t\t<\/div>\n\t\t\t\t<div class=\"elementor-element elementor-element-88997b2 elementor-hidden-desktop elementor-hidden-mobile elementor-widget elementor-widget-heading\" data-id=\"88997b2\" data-element_type=\"widget\" data-e-type=\"widget\" data-widget_type=\"heading.default\">\n\t\t\t\t<div class=\"elementor-widget-container\">\n\t\t\t\t\t<h2 class=\"elementor-heading-title elementor-size-default\">S\u1ee9 m\u1ec7nh c\u1ee7a ch\u00fang t\u00f4i<\/h2>\t\t\t\t<\/div>\n\t\t\t\t<\/div>\n\t\t<div class=\"elementor-element elementor-element-3d688e0 e-con-full e-flex e-con e-child\" data-id=\"3d688e0\" data-element_type=\"container\" data-e-type=\"container\">\n\t\t\t\t<div class=\"elementor-element elementor-element-1e0adf8 elementor-widget__width-initial elementor-widget-mobile__width-initial elementor-widget elementor-widget-image\" data-id=\"1e0adf8\" data-element_type=\"widget\" data-e-type=\"widget\" data-widget_type=\"image.default\">\n\t\t\t\t<div class=\"elementor-widget-container\">\n\t\t\t\t\t\t\t\t\t\t\t\t\t\t\t<img decoding=\"async\" width=\"1200\" height=\"800\" src=\"https:\/\/runmefit.com\/wp-content\/uploads\/2023\/12\/Breathe-deeply-to-reduce-stress.jpg\" class=\"attachment-full size-full wp-image-644\" alt=\"Breathe deeply to reduce stress\" srcset=\"https:\/\/runmefit.com\/wp-content\/uploads\/2023\/12\/Breathe-deeply-to-reduce-stress.jpg 1200w, https:\/\/runmefit.com\/wp-content\/uploads\/2023\/12\/Breathe-deeply-to-reduce-stress-300x200.jpg 300w, https:\/\/runmefit.com\/wp-content\/uploads\/2023\/12\/Breathe-deeply-to-reduce-stress-1024x683.jpg 1024w, https:\/\/runmefit.com\/wp-content\/uploads\/2023\/12\/Breathe-deeply-to-reduce-stress-768x512.jpg 768w\" sizes=\"(max-width: 1200px) 100vw, 1200px\" \/>\t\t\t\t\t\t\t\t\t\t\t\t\t\t\t<\/div>\n\t\t\t\t<\/div>\n\t\t<div class=\"elementor-element elementor-element-60cb5a8 e-con-full e-flex e-con e-child\" data-id=\"60cb5a8\" data-element_type=\"container\" data-e-type=\"container\">\n\t\t\t\t<div class=\"elementor-element elementor-element-e7a7913 elementor-hidden-tablet elementor-widget elementor-widget-heading\" data-id=\"e7a7913\" data-element_type=\"widget\" data-e-type=\"widget\" data-widget_type=\"heading.default\">\n\t\t\t\t<div class=\"elementor-widget-container\">\n\t\t\t\t\t<h2 class=\"elementor-heading-title elementor-size-default\">S\u1ee9 m\u1ec7nh c\u1ee7a ch\u00fang t\u00f4i<\/h2>\t\t\t\t<\/div>\n\t\t\t\t<\/div>\n\t\t\t\t<div class=\"elementor-element elementor-element-34d0856 elementor-widget elementor-widget-text-editor\" data-id=\"34d0856\" data-element_type=\"widget\" data-e-type=\"widget\" data-widget_type=\"text-editor.default\">\n\t\t\t\t<div class=\"elementor-widget-container\">\n\t\t\t\t\t\t\t\t\t<p>Trao quy\u1ec1n cho m\u1ecdi c\u00e1 nh\u00e2n tr\u00ean to\u00e0n c\u1ea7u ki\u1ec3m so\u00e1t h\u00e0nh tr\u00ecnh s\u1ee9c kh\u1ecfe v\u00e0 th\u1ec3 ch\u1ea5t c\u1ee7a m\u00ecnh, cung c\u1ea5p c\u00e1c c\u00f4ng c\u1ee5 v\u00e0 h\u1ed7 tr\u1ee3 c\u1ea7n thi\u1ebft \u0111\u1ec3 n\u00e2ng cao s\u1ee9c kh\u1ecfe sau m\u1ed7i l\u1ea7n ch\u1ea1y.<\/p>\n<p>Runmefit l\u00e0 s\u1ef1 giao thoa gi\u1eefa s\u1ee9c kh\u1ecfe v\u00e0 c\u00f4ng ngh\u1ec7, t\u1ea1o ra m\u1ed9t th\u1ebf gi\u1edbi m\u00e0 s\u1ee9c kh\u1ecfe c\u00e1 nh\u00e2n c\u00f3 th\u1ec3 \u0111\u1ea1t \u0111\u01b0\u1ee3c cho t\u1ea5t c\u1ea3 m\u1ecdi ng\u01b0\u1eddi. H\u00e3y tham gia c\u00f9ng ch\u00fang t\u00f4i tr\u00ean h\u00e0nh tr\u00ecnh n\u00e0y v\u00e0 c\u00f9ng nhau, ch\u00fang ta h\u00e3y bi\u1ebfn \u0111\u1ed5i s\u1ee9c kh\u1ecfe c\u1ee7a b\u1ea1n, t\u1eebng l\u1ea7n ch\u1ea1y m\u1ed9t. <\/p>\n\t\t\t\t\t\t\t\t<\/div>\n\t\t\t\t<\/div>\n\t\t\t\t<div class=\"elementor-element elementor-element-1e6eb39 elementor-align-center elementor-widget elementor-widget-button\" data-id=\"1e6eb39\" data-element_type=\"widget\" data-e-type=\"widget\" data-widget_type=\"button.default\">\n\t\t\t\t<div class=\"elementor-widget-container\">\n\t\t\t\t\t\t\t\t\t<div class=\"elementor-button-wrapper\">\n\t\t\t\t\t<a class=\"elementor-button elementor-button-link elementor-size-sm\" href=\"https:\/\/runmefit.com\/products\/\">\n\t\t\t\t\t\t<span class=\"elementor-button-content-wrapper\">\n\t\t\t\t\t\t\t\t\t<span class=\"elementor-button-text\">S\u1ea3n ph\u1ea9m c\u1eeda h\u00e0ng<\/span>\n\t\t\t\t\t<\/span>\n\t\t\t\t\t<\/a>\n\t\t\t\t<\/div>\n\t\t\t\t\t\t\t\t<\/div>\n\t\t\t\t<\/div>\n\t\t\t\t<\/div>\n\t\t\t\t<\/div>\n\t\t\t\t<div class=\"elementor-element elementor-element-ebe19f8 elementor-widget elementor-widget-spacer\" data-id=\"ebe19f8\" data-element_type=\"widget\" data-e-type=\"widget\" data-widget_type=\"spacer.default\">\n\t\t\t\t<div class=\"elementor-widget-container\">\n\t\t\t\t\t\t\t<div class=\"elementor-spacer\">\n\t\t\t<div class=\"elementor-spacer-inner\"><\/div>\n\t\t<\/div>\n\t\t\t\t\t\t<\/div>\n\t\t\t\t<\/div>\n\t\t\t\t<div class=\"elementor-element elementor-element-eb8cae3 elementor-hidden-mobile elementor-widget elementor-widget-heading\" data-id=\"eb8cae3\" data-element_type=\"widget\" data-e-type=\"widget\" data-widget_type=\"heading.default\">\n\t\t\t\t<div class=\"elementor-widget-container\">\n\t\t\t\t\t<h2 class=\"elementor-heading-title elementor-size-default\">Tr\u1edf th\u00e0nh \u0111\u1ea1i l\u00fd Runmefit\n<br> ho\u1eb7c Nh\u00e0 ph\u00e2n ph\u1ed1i ch\u00ednh th\u1ee9c<\/h2>\t\t\t\t<\/div>\n\t\t\t\t<\/div>\n\t\t\t\t<div class=\"elementor-element elementor-element-bea4492 elementor-hidden-desktop elementor-hidden-tablet elementor-widget elementor-widget-heading\" data-id=\"bea4492\" data-element_type=\"widget\" data-e-type=\"widget\" data-widget_type=\"heading.default\">\n\t\t\t\t<div class=\"elementor-widget-container\">\n\t\t\t\t\t<h2 class=\"elementor-heading-title elementor-size-default\">Tr\u1edf th\u00e0nh \u0110\u1ea1i l\u00fd ho\u1eb7c Nh\u00e0 ph\u00e2n ph\u1ed1i ch\u00ednh th\u1ee9c c\u1ee7a Runmefit<\/h2>\t\t\t\t<\/div>\n\t\t\t\t<\/div>\n\t\t<div class=\"elementor-element elementor-element-1df0cc3 e-con-full e-flex e-con e-child\" data-id=\"1df0cc3\" data-element_type=\"container\" data-e-type=\"container\" data-settings=\"{&quot;background_background&quot;:&quot;classic&quot;}\">\n\t\t\t\t<div class=\"elementor-element elementor-element-cb6d4a7 elementor-widget__width-initial elementor-widget-mobile__width-initial elementor-widget elementor-widget-image\" data-id=\"cb6d4a7\" data-element_type=\"widget\" data-e-type=\"widget\" data-widget_type=\"image.default\">\n\t\t\t\t<div class=\"elementor-widget-container\">\n\t\t\t\t\t\t\t\t\t\t\t\t\t\t\t<img decoding=\"async\" width=\"1000\" height=\"645\" src=\"https:\/\/runmefit.com\/wp-content\/uploads\/2023\/11\/Take-a-Daily-Walk-with-Friends-to-Get-Healthy.jpg\" class=\"attachment-full size-full wp-image-475\" alt=\"Take a Daily Walk with Friends to Get Healthy\" srcset=\"https:\/\/runmefit.com\/wp-content\/uploads\/2023\/11\/Take-a-Daily-Walk-with-Friends-to-Get-Healthy.jpg 1000w, https:\/\/runmefit.com\/wp-content\/uploads\/2023\/11\/Take-a-Daily-Walk-with-Friends-to-Get-Healthy-300x194.jpg 300w, https:\/\/runmefit.com\/wp-content\/uploads\/2023\/11\/Take-a-Daily-Walk-with-Friends-to-Get-Healthy-768x495.jpg 768w\" sizes=\"(max-width: 1000px) 100vw, 1000px\" \/>\t\t\t\t\t\t\t\t\t\t\t\t\t\t\t<\/div>\n\t\t\t\t<\/div>\n\t\t<div class=\"elementor-element elementor-element-2ffce5f e-con-full e-flex e-con e-child\" data-id=\"2ffce5f\" data-element_type=\"container\" data-e-type=\"container\">\n\t\t\t\t<div class=\"elementor-element elementor-element-e5a4680 elementor-widget elementor-widget-text-editor\" data-id=\"e5a4680\" data-element_type=\"widget\" data-e-type=\"widget\" data-widget_type=\"text-editor.default\">\n\t\t\t\t<div class=\"elementor-widget-container\">\n\t\t\t\t\t\t\t\t\t<p>M\u1edf r\u1ed9ng ho\u1ea1t \u0111\u1ed9ng kinh doanh c\u1ee7a b\u1ea1n v\u1edbi \u0111\u1ed3ng h\u1ed3 th\u00f4ng minh s\u00e1ng t\u1ea1o c\u1ee7a Runmefit!<\/p>\n<p>H\u00e3y tham gia v\u1edbi ch\u00fang t\u00f4i v\u1edbi t\u01b0 c\u00e1ch l\u00e0 \u0111\u1ea1i l\u00fd ho\u1eb7c nh\u00e0 ph\u00e2n ph\u1ed1i ch\u00ednh th\u1ee9c v\u00e0 cung c\u1ea5p cho kh\u00e1ch h\u00e0ng c\u1ee7a b\u1ea1n nh\u1eefng thi\u1ebft b\u1ecb th\u1eddi trang, nhi\u1ec1u t\u00ednh n\u0103ng d\u00e0nh cho nh\u1eefng ng\u01b0\u1eddi \u0111am m\u00ea th\u1ec3 d\u1ee5c, ng\u01b0\u1eddi y\u00eau c\u00f4ng ngh\u1ec7 v\u00e0 ng\u01b0\u1eddi d\u00f9ng h\u00e0ng ng\u00e0y. \u0110\u01b0\u1ee3c h\u01b0\u1edfng l\u1ee3i t\u1eeb gi\u00e1 c\u1ea3 c\u1ea1nh tranh, h\u1ed7 tr\u1ee3 ti\u1ebfp th\u1ecb v\u00e0 m\u1ed9t th\u01b0\u01a1ng hi\u1ec7u n\u1ed5i ti\u1ebfng v\u1ec1 s\u1ef1 xu\u1ea5t s\u1eafc v\u00e0 \u0111\u1ed9 tin c\u1eady. <\/p>\n<p>Ph\u00e1t tri\u1ec3n c\u00f9ng Runmefit\u2014h\u00e3y li\u00ean h\u1ec7 v\u1edbi ch\u00fang t\u00f4i ngay h\u00f4m nay \u0111\u1ec3 tr\u1edf th\u00e0nh \u0111\u1ea1i l\u00fd ho\u1eb7c nh\u00e0 ph\u00e2n ph\u1ed1i!<\/p>\n\t\t\t\t\t\t\t\t<\/div>\n\t\t\t\t<\/div>\n\t\t\t\t<div class=\"elementor-element elementor-element-0d10618 elementor-align-center elementor-widget elementor-widget-button\" data-id=\"0d10618\" data-element_type=\"widget\" data-e-type=\"widget\" data-widget_type=\"button.default\">\n\t\t\t\t<div class=\"elementor-widget-container\">\n\t\t\t\t\t\t\t\t\t<div class=\"elementor-button-wrapper\">\n\t\t\t\t\t<a class=\"elementor-button elementor-button-link elementor-size-sm\" href=\"https:\/\/runmefit.com\/vi\/lien-he-voi-chung-toi\/tro-thanh-dai-ly-hoac-nha-phan-phoi-chinh-thuc-cua-runmefit\/\">\n\t\t\t\t\t\t<span class=\"elementor-button-content-wrapper\">\n\t\t\t\t\t\t\t\t\t<span class=\"elementor-button-text\">N\u1ed9p \u0111\u01a1n ngay<\/span>\n\t\t\t\t\t<\/span>\n\t\t\t\t\t<\/a>\n\t\t\t\t<\/div>\n\t\t\t\t\t\t\t\t<\/div>\n\t\t\t\t<\/div>\n\t\t\t\t<\/div>\n\t\t\t\t<\/div>\n\t\t\t\t\t<\/div>\n\t\t\t\t<\/div>\n\t\t\t\t<\/div>\n\t\t\t\t<\/div>\n\t\t","protected":false},"excerpt":{"rendered":"<p>N\u00e2ng cao s\u1ee9c kh\u1ecfe c\u1ee7a b\u1ea1n, T\u0103ng c\u01b0\u1eddng s\u1ee9c m\u1ea1nh cho m\u1ecdi l\u1ea7n ch\u1ea1y \u0110\u00e2y kh\u00f4ng ch\u1ec9 l\u00e0 kh\u1ea9u hi\u1ec7u c\u1ee7a ch\u00fang t\u00f4i; m\u00e0 c\u00f2n l\u00e0 b\u1ea3n ch\u1ea5t cam k\u1ebft c\u1ee7a ch\u00fang t\u00f4i. Runmefit \u0111\u01b0\u1ee3c thi\u1ebft k\u1ebf cho t\u1ea5t c\u1ea3 m\u1ecdi ng\u01b0\u1eddi: t\u1eeb v\u1eadn \u0111\u1ed9ng vi\u00ean cu\u1ed3ng nhi\u1ec7t \u0111\u1ebfn ng\u01b0\u1eddi ch\u1ea1y b\u1ed9 bu\u1ed5i s\u00e1ng, nh\u00e0 [&hellip;]<\/p>\n","protected":false},"author":1,"featured_media":0,"parent":0,"menu_order":0,"comment_status":"closed","ping_status":"closed","template":"elementor_header_footer","meta":{"_seopress_robots_primary_cat":"","_seopress_titles_title":"Gi\u1edbi thi\u1ec7u v\u1ec1 Runmefit - S\u1ee9 m\u1ec7nh v\u00e0 T\u1ea7m nh\u00ecn","_seopress_titles_desc":"Trao quy\u1ec1n cho m\u1ecdi c\u00e1 nh\u00e2n tr\u00ean to\u00e0n c\u1ea7u ki\u1ec3m so\u00e1t h\u00e0nh tr\u00ecnh s\u1ee9c kh\u1ecfe v\u00e0 th\u1ec3 ch\u1ea5t c\u1ee7a m\u00ecnh, cung c\u1ea5p c\u00e1c c\u00f4ng c\u1ee5 v\u00e0 h\u1ed7 tr\u1ee3 c\u1ea7n thi\u1ebft \u0111\u1ec3 n\u00e2ng cao s\u1ee9c kh\u1ecfe sau m\u1ed7i l\u1ea7n ch\u1ea1y.","_seopress_robots_index":"","footnotes":""},"class_list":["post-32644","page","type-page","status-publish","hentry"],"_links":{"self":[{"href":"https:\/\/runmefit.com\/vi\/wp-json\/wp\/v2\/pages\/32644","targetHints":{"allow":["GET"]}}],"collection":[{"href":"https:\/\/runmefit.com\/vi\/wp-json\/wp\/v2\/pages"}],"about":[{"href":"https:\/\/runmefit.com\/vi\/wp-json\/wp\/v2\/types\/page"}],"author":[{"embeddable":true,"href":"https:\/\/runmefit.com\/vi\/wp-json\/wp\/v2\/users\/1"}],"replies":[{"embeddable":true,"href":"https:\/\/runmefit.com\/vi\/wp-json\/wp\/v2\/comments?post=32644"}],"version-history":[{"count":0,"href":"https:\/\/runmefit.com\/vi\/wp-json\/wp\/v2\/pages\/32644\/revisions"}],"wp:attachment":[{"href":"https:\/\/runmefit.com\/vi\/wp-json\/wp\/v2\/media?parent=32644"}],"curies":[{"name":"wp","href":"https:\/\/api.w.org\/{rel}","templated":true}]}}