{"id":32698,"date":"2024-05-23T02:24:14","date_gmt":"2024-05-23T02:24:14","guid":{"rendered":"https:\/\/runmefit.com\/lien-he-voi-chung-toi\/nhan-tro-giup-voi-don-hang-cua-toi\/"},"modified":"2025-02-07T09:49:30","modified_gmt":"2025-02-07T09:49:30","slug":"nhan-tro-giup-voi-don-hang-cua-toi","status":"publish","type":"page","link":"https:\/\/runmefit.com\/vi\/lien-he-voi-chung-toi\/nhan-tro-giup-voi-don-hang-cua-toi\/","title":{"rendered":"Nh\u1eadn tr\u1ee3 gi\u00fap v\u1edbi \u0111\u01a1n h\u00e0ng c\u1ee7a t\u00f4i"},"content":{"rendered":"\t\t<div data-elementor-type=\"wp-page\" data-elementor-id=\"32698\" class=\"elementor elementor-32698 elementor-914\" data-elementor-post-type=\"page\">\n\t\t\t\t\t\t<section class=\"elementor-section elementor-top-section elementor-element elementor-element-a956753 elementor-section-boxed elementor-section-height-default elementor-section-height-default\" data-id=\"a956753\" data-element_type=\"section\" data-e-type=\"section\">\n\t\t\t\t\t\t<div class=\"elementor-container elementor-column-gap-default\">\n\t\t\t\t\t<div class=\"elementor-column elementor-col-100 elementor-top-column elementor-element elementor-element-ad1d94e\" data-id=\"ad1d94e\" data-element_type=\"column\" data-e-type=\"column\">\n\t\t\t<div class=\"elementor-widget-wrap elementor-element-populated\">\n\t\t\t\t\t\t<div class=\"elementor-element elementor-element-65a27bd elementor-widget elementor-widget-heading\" data-id=\"65a27bd\" data-element_type=\"widget\" data-e-type=\"widget\" data-widget_type=\"heading.default\">\n\t\t\t\t<div class=\"elementor-widget-container\">\n\t\t\t\t\t<h2 class=\"elementor-heading-title elementor-size-default\">Nh\u1eadn tr\u1ee3 gi\u00fap v\u1edbi \u0110\u01a1n h\u00e0ng c\u1ee7a t\u00f4i<\/h2>\t\t\t\t<\/div>\n\t\t\t\t<\/div>\n\t\t\t\t<div class=\"elementor-element elementor-element-d6fe8aa elementor-widget elementor-widget-text-editor\" data-id=\"d6fe8aa\" data-element_type=\"widget\" data-e-type=\"widget\" data-widget_type=\"text-editor.default\">\n\t\t\t\t<div class=\"elementor-widget-container\">\n\t\t\t\t\t\t\t\t\t<div class=\"flex max-w-full flex-col flex-grow\">\n<div class=\"min-h-[20px] text-message flex w-full flex-col items-end gap-2 whitespace-normal break-words [.text-message+&amp;]:mt-5\" dir=\"auto\" data-message-author-role=\"assistant\" data-message-id=\"773a653e-4114-4e7e-bbc6-a0e481e3f9ce\">\n<div class=\"flex w-full flex-col gap-1 empty:hidden first:pt-[3px]\">\n<div class=\"markdown prose w-full break-words dark:prose-invert dark\">\n<p>\u0110\u1ed1i v\u1edbi c\u00e1c \u0111\u01a1n h\u00e0ng \u0111\u01b0\u1ee3c \u0111\u1eb7t t\u1ea1i Runmefit Official Store, b\u1ea1n c\u00f3 th\u1ec3 g\u1eedi khi\u1ebfu n\u1ea1i tr\u00ean trang n\u00e0y. N\u1ebfu \u0111\u01a1n h\u00e0ng c\u1ee7a b\u1ea1n \u0111\u01b0\u1ee3c \u0111\u1eb7t th\u00f4ng qua nh\u00e0 b\u00e1n l\u1ebb b\u00ean th\u1ee9 ba, vui l\u00f2ng li\u00ean h\u1ec7 v\u1edbi k\u00eanh mua h\u00e0ng ban \u0111\u1ea7u \u0111\u1ec3 \u0111\u01b0\u1ee3c h\u1ed7 tr\u1ee3. <\/p>\n<p>Xin l\u01b0u \u00fd: C\u00e1c ph\u1ee5 ki\u1ec7n mua ri\u00eang (nh\u01b0 d\u00e2y \u0111eo v\u00e0 d\u00e2y \u0111eo thay th\u1ebf) kh\u00f4ng \u0111\u1ee7 \u0111i\u1ec1u ki\u1ec7n \u0111\u1ec3 tr\u1ea3 l\u1ea1i v\u00ec ch\u00fang \u0111\u01b0\u1ee3c coi l\u00e0 c\u00e1c m\u1eb7t h\u00e0ng ti\u1ebfp x\u00fac v\u1edbi da. N\u1ebfu c\u00e1c ph\u1ee5 ki\u1ec7n n\u00e0y \u0111\u01b0\u1ee3c mua c\u00f9ng v\u1edbi m\u1ed9t thi\u1ebft b\u1ecb, ch\u00fang ph\u1ea3i \u0111\u01b0\u1ee3c tr\u1ea3 l\u1ea1i c\u00f9ng nhau. <\/p>\n<\/p>\n<\/div>\n<\/div>\n<\/div>\n<\/div>\n\t\t\t\t\t\t\t\t<\/div>\n\t\t\t\t<\/div>\n\t\t\t\t\t<\/div>\n\t\t<\/div>\n\t\t\t\t\t<\/div>\n\t\t<\/section>\n\t\t\t\t<section class=\"elementor-section elementor-top-section elementor-element elementor-element-7fa91db elementor-section-boxed elementor-section-height-default elementor-section-height-default\" data-id=\"7fa91db\" data-element_type=\"section\" data-e-type=\"section\">\n\t\t\t\t\t\t<div class=\"elementor-container elementor-column-gap-default\">\n\t\t\t\t\t<div class=\"elementor-column elementor-col-100 elementor-top-column elementor-element elementor-element-43e392fd\" data-id=\"43e392fd\" data-element_type=\"column\" data-e-type=\"column\">\n\t\t\t<div class=\"elementor-widget-wrap elementor-element-populated\">\n\t\t\t\t\t\t<div class=\"elementor-element elementor-element-321a4594 elementor-button-align-stretch elementor-widget elementor-widget-form\" data-id=\"321a4594\" data-element_type=\"widget\" data-e-type=\"widget\" data-settings=\"{&quot;step_next_label&quot;:&quot;K\\u1ebf ti\\u1ebfp&quot;,&quot;step_previous_label&quot;:&quot;Tr\\u01b0\\u1edbc&quot;,&quot;button_width&quot;:&quot;100&quot;,&quot;step_type&quot;:&quot;number_text&quot;,&quot;step_icon_shape&quot;:&quot;circle&quot;}\" data-widget_type=\"form.default\">\n\t\t\t\t<div class=\"elementor-widget-container\">\n\t\t\t\t\t\t\t<form class=\"elementor-form\" method=\"post\" name=\"Bi\u1ec3u m\u1eabu m\u1edbi\" aria-label=\"Bi\u1ec3u m\u1eabu m\u1edbi\">\n\t\t\t<input type=\"hidden\" name=\"post_id\" value=\"32698\"\/>\n\t\t\t<input type=\"hidden\" name=\"form_id\" value=\"321a4594\"\/>\n\t\t\t<input type=\"hidden\" name=\"referer_title\" value=\"Nh\u1eadn tr\u1ee3 gi\u00fap v\u1edbi \u0111\u01a1n h\u00e0ng c\u1ee7a t\u00f4i\" \/>\n\n\t\t\t\t\t\t\t<input type=\"hidden\" name=\"queried_id\" value=\"32698\"\/>\n\t\t\t\n\t\t\t<div class=\"elementor-form-fields-wrapper elementor-labels-above\">\n\t\t\t\t\t\t\t\t<div class=\"elementor-field-type-text elementor-field-group elementor-column elementor-field-group-name elementor-col-100 elementor-field-required elementor-mark-required\">\n\t\t\t\t\t\t\t\t\t\t\t\t<label for=\"form-field-name\" class=\"elementor-field-label\">\n\t\t\t\t\t\t\t\tS\u1ed1 \u0111\u01a1n h\u00e0ng\t\t\t\t\t\t\t<\/label>\n\t\t\t\t\t\t\t\t\t\t\t\t\t\t<input size=\"1\" type=\"text\" name=\"form_fields[name]\" id=\"form-field-name\" class=\"elementor-field elementor-size-lg  elementor-field-textual\" placeholder=\"S\u1ed1 \u0111\u01a1n h\u00e0ng c\u1ee7a b\u1ea1n\" required=\"required\">\n\t\t\t\t\t\t\t\t\t\t\t<\/div>\n\t\t\t\t\t\t\t\t<div class=\"elementor-field-type-text elementor-field-group elementor-column elementor-field-group-field_51c760e elementor-col-100 elementor-field-required elementor-mark-required\">\n\t\t\t\t\t\t\t\t\t\t\t\t<label for=\"form-field-field_51c760e\" class=\"elementor-field-label\">\n\t\t\t\t\t\t\t\tH\u1ecd v\u00e0 t\u00ean \u0111\u1ea7y \u0111\u1ee7\t\t\t\t\t\t\t<\/label>\n\t\t\t\t\t\t\t\t\t\t\t\t\t\t<input size=\"1\" type=\"text\" name=\"form_fields[field_51c760e]\" id=\"form-field-field_51c760e\" class=\"elementor-field elementor-size-lg  elementor-field-textual\" placeholder=\"Gi\u1ed1ng nh\u01b0 t\u00ean \u0111\u01a1n h\u00e0ng c\u1ee7a b\u1ea1n\" required=\"required\">\n\t\t\t\t\t\t\t\t\t\t\t<\/div>\n\t\t\t\t\t\t\t\t<div class=\"elementor-field-type-email elementor-field-group elementor-column elementor-field-group-email elementor-col-100 elementor-field-required elementor-mark-required\">\n\t\t\t\t\t\t\t\t\t\t\t\t<label for=\"form-field-email\" class=\"elementor-field-label\">\n\t\t\t\t\t\t\t\tE-mail\t\t\t\t\t\t\t<\/label>\n\t\t\t\t\t\t\t\t\t\t\t\t\t\t<input size=\"1\" type=\"email\" name=\"form_fields[email]\" id=\"form-field-email\" class=\"elementor-field elementor-size-lg  elementor-field-textual\" placeholder=\"Gi\u1ed1ng nh\u01b0 email \u0111\u1eb7t h\u00e0ng c\u1ee7a b\u1ea1n\" required=\"required\">\n\t\t\t\t\t\t\t\t\t\t\t<\/div>\n\t\t\t\t\t\t\t\t<div class=\"elementor-field-type-select elementor-field-group elementor-column elementor-field-group-field_58e66ac elementor-col-100 elementor-field-required elementor-mark-required\">\n\t\t\t\t\t\t\t\t\t\t\t\t<label for=\"form-field-field_58e66ac\" class=\"elementor-field-label\">\n\t\t\t\t\t\t\t\tQu\u1ed1c gia ho\u1eb7c khu v\u1ef1c\t\t\t\t\t\t\t<\/label>\n\t\t\t\t\t\t\t\t<div class=\"elementor-field elementor-select-wrapper remove-before \">\n\t\t\t<div class=\"select-caret-down-wrapper\">\n\t\t\t\t<i aria-hidden=\"true\" class=\"eicon-caret-down\"><\/i>\t\t\t<\/div>\n\t\t\t<select name=\"form_fields[field_58e66ac]\" id=\"form-field-field_58e66ac\" class=\"elementor-field-textual elementor-size-lg\" required=\"required\">\n\t\t\t\t\t\t\t\t\t<option value=\"Afghanistan\">Afghanistan<\/option>\n\t\t\t\t\t\t\t\t\t<option value=\"Alg\u00e9rie\">Alg\u00e9rie<\/option>\n\t\t\t\t\t\t\t\t\t<option value=\"Angola\">Angola<\/option>\n\t\t\t\t\t\t\t\t\t<option value=\"Argentina\">Argentina<\/option>\n\t\t\t\t\t\t\t\t\t<option value=\"\u00dac\">\u00dac<\/option>\n\t\t\t\t\t\t\t\t\t<option value=\"\u00c1o\">\u00c1o<\/option>\n\t\t\t\t\t\t\t\t\t<option value=\"Azerbaijan\">Azerbaijan<\/option>\n\t\t\t\t\t\t\t\t\t<option value=\"B\u0103ng-la-\u0111\u00e9t\">B\u0103ng-la-\u0111\u00e9t<\/option>\n\t\t\t\t\t\t\t\t\t<option value=\"B\u00ealarut\">B\u00ealarut<\/option>\n\t\t\t\t\t\t\t\t\t<option value=\"B\u1ec9\">B\u1ec9<\/option>\n\t\t\t\t\t\t\t\t\t<option value=\"B\u00e9nin\">B\u00e9nin<\/option>\n\t\t\t\t\t\t\t\t\t<option value=\"B\u00f4livia\">B\u00f4livia<\/option>\n\t\t\t\t\t\t\t\t\t<option value=\"Brazil\">Brazil<\/option>\n\t\t\t\t\t\t\t\t\t<option value=\"Burkina Faso\">Burkina Faso<\/option>\n\t\t\t\t\t\t\t\t\t<option value=\"Burundi\">Burundi<\/option>\n\t\t\t\t\t\t\t\t\t<option value=\"Campuchia\">Campuchia<\/option>\n\t\t\t\t\t\t\t\t\t<option value=\"Cam\u01a1run\">Cam\u01a1run<\/option>\n\t\t\t\t\t\t\t\t\t<option value=\"Canada\">Canada<\/option>\n\t\t\t\t\t\t\t\t\t<option value=\"Tchad\">Tchad<\/option>\n\t\t\t\t\t\t\t\t\t<option value=\"Chil\u00ea\">Chil\u00ea<\/option>\n\t\t\t\t\t\t\t\t\t<option value=\"Trung Qu\u1ed1c\">Trung Qu\u1ed1c<\/option>\n\t\t\t\t\t\t\t\t\t<option value=\"C\u00f4l\u00f4mbia\">C\u00f4l\u00f4mbia<\/option>\n\t\t\t\t\t\t\t\t\t<option value=\"Cu-ba\">Cu-ba<\/option>\n\t\t\t\t\t\t\t\t\t<option value=\"C\u1ed9ng h\u00f2a S\u00e9c\">C\u1ed9ng h\u00f2a S\u00e9c<\/option>\n\t\t\t\t\t\t\t\t\t<option value=\"B\u1edd Bi\u1ec3n Ng\u00e0\">B\u1edd Bi\u1ec3n Ng\u00e0<\/option>\n\t\t\t\t\t\t\t\t\t<option value=\"C\u1ed9ng h\u00f2a D\u00e2n ch\u1ee7 Congo\">C\u1ed9ng h\u00f2a D\u00e2n ch\u1ee7 Congo<\/option>\n\t\t\t\t\t\t\t\t\t<option value=\"C\u1ed9ng h\u00f2a Dominica\">C\u1ed9ng h\u00f2a Dominica<\/option>\n\t\t\t\t\t\t\t\t\t<option value=\"\u00cacua\u0111o\">\u00cacua\u0111o<\/option>\n\t\t\t\t\t\t\t\t\t<option value=\"Ai C\u1eadp\">Ai C\u1eadp<\/option>\n\t\t\t\t\t\t\t\t\t<option value=\"\u00cati\u00f4pia\">\u00cati\u00f4pia<\/option>\n\t\t\t\t\t\t\t\t\t<option value=\"Ph\u00e1p\">Ph\u00e1p<\/option>\n\t\t\t\t\t\t\t\t\t<option value=\"\u0110\u1ee9c\">\u0110\u1ee9c<\/option>\n\t\t\t\t\t\t\t\t\t<option value=\"Gana\">Gana<\/option>\n\t\t\t\t\t\t\t\t\t<option value=\"Hy L\u1ea1p\">Hy L\u1ea1p<\/option>\n\t\t\t\t\t\t\t\t\t<option value=\"Guatemala\">Guatemala<\/option>\n\t\t\t\t\t\t\t\t\t<option value=\"Ghi-n\u00ea\">Ghi-n\u00ea<\/option>\n\t\t\t\t\t\t\t\t\t<option value=\"Haiti\">Haiti<\/option>\n\t\t\t\t\t\t\t\t\t<option value=\"Honduras\">Honduras<\/option>\n\t\t\t\t\t\t\t\t\t<option value=\"Hungari\">Hungari<\/option>\n\t\t\t\t\t\t\t\t\t<option value=\"\u1ea4n \u0110\u1ed9\">\u1ea4n \u0110\u1ed9<\/option>\n\t\t\t\t\t\t\t\t\t<option value=\"Indonesia\">Indonesia<\/option>\n\t\t\t\t\t\t\t\t\t<option value=\"Iran\">Iran<\/option>\n\t\t\t\t\t\t\t\t\t<option value=\"I-r\u1eafc\">I-r\u1eafc<\/option>\n\t\t\t\t\t\t\t\t\t<option value=\"Israel\">Israel<\/option>\n\t\t\t\t\t\t\t\t\t<option value=\"\u00dd\">\u00dd<\/option>\n\t\t\t\t\t\t\t\t\t<option value=\"Nh\u1eadt B\u1ea3n\">Nh\u1eadt B\u1ea3n<\/option>\n\t\t\t\t\t\t\t\t\t<option value=\"Jordan\">Jordan<\/option>\n\t\t\t\t\t\t\t\t\t<option value=\"Kazakhstan\">Kazakhstan<\/option>\n\t\t\t\t\t\t\t\t\t<option value=\"Kenya\">Kenya<\/option>\n\t\t\t\t\t\t\t\t\t<option value=\"Madagascar\">Madagascar<\/option>\n\t\t\t\t\t\t\t\t\t<option value=\"Malawi\">Malawi<\/option>\n\t\t\t\t\t\t\t\t\t<option value=\"M\u00e3 Lai\">M\u00e3 Lai<\/option>\n\t\t\t\t\t\t\t\t\t<option value=\"Ma-li\">Ma-li<\/option>\n\t\t\t\t\t\t\t\t\t<option value=\"M\u00eahic\u00f4\">M\u00eahic\u00f4<\/option>\n\t\t\t\t\t\t\t\t\t<option value=\"Ma-r\u1ed1c\">Ma-r\u1ed1c<\/option>\n\t\t\t\t\t\t\t\t\t<option value=\"M\u00f4-d\u0103m-b\u00edch\">M\u00f4-d\u0103m-b\u00edch<\/option>\n\t\t\t\t\t\t\t\t\t<option value=\"Mi\u1ebfn \u0110i\u1ec7n\">Mi\u1ebfn \u0110i\u1ec7n<\/option>\n\t\t\t\t\t\t\t\t\t<option value=\"N\u00ea-pan\">N\u00ea-pan<\/option>\n\t\t\t\t\t\t\t\t\t<option value=\"H\u00e0 Lan\">H\u00e0 Lan<\/option>\n\t\t\t\t\t\t\t\t\t<option value=\"Niger\">Niger<\/option>\n\t\t\t\t\t\t\t\t\t<option value=\"Nigeria\">Nigeria<\/option>\n\t\t\t\t\t\t\t\t\t<option value=\"B\u1eafc Tri\u1ec1u Ti\u00ean\">B\u1eafc Tri\u1ec1u Ti\u00ean<\/option>\n\t\t\t\t\t\t\t\t\t<option value=\"Pakistan\">Pakistan<\/option>\n\t\t\t\t\t\t\t\t\t<option value=\"Papua New Guinea\">Papua New Guinea<\/option>\n\t\t\t\t\t\t\t\t\t<option value=\"P\u00ea-ru\">P\u00ea-ru<\/option>\n\t\t\t\t\t\t\t\t\t<option value=\"Philippines\">Philippines<\/option>\n\t\t\t\t\t\t\t\t\t<option value=\"Ba Lan\">Ba Lan<\/option>\n\t\t\t\t\t\t\t\t\t<option value=\"B\u1ed3 \u0110\u00e0o Nha\">B\u1ed3 \u0110\u00e0o Nha<\/option>\n\t\t\t\t\t\t\t\t\t<option value=\"Rumani\">Rumani<\/option>\n\t\t\t\t\t\t\t\t\t<option value=\"Nga\">Nga<\/option>\n\t\t\t\t\t\t\t\t\t<option value=\"Rwanda\">Rwanda<\/option>\n\t\t\t\t\t\t\t\t\t<option value=\"\u1ea2 R\u1eadp Saudi\">\u1ea2 R\u1eadp Saudi<\/option>\n\t\t\t\t\t\t\t\t\t<option value=\"S\u00e9n\u00e9gal\">S\u00e9n\u00e9gal<\/option>\n\t\t\t\t\t\t\t\t\t<option value=\"Serbia\">Serbia<\/option>\n\t\t\t\t\t\t\t\t\t<option value=\"Somali\">Somali<\/option>\n\t\t\t\t\t\t\t\t\t<option value=\"Nam Phi\">Nam Phi<\/option>\n\t\t\t\t\t\t\t\t\t<option value=\"H\u00e0n Qu\u1ed1c\">H\u00e0n Qu\u1ed1c<\/option>\n\t\t\t\t\t\t\t\t\t<option value=\"Nam Sudan\">Nam Sudan<\/option>\n\t\t\t\t\t\t\t\t\t<option value=\"T\u00e2y ban nha\">T\u00e2y ban nha<\/option>\n\t\t\t\t\t\t\t\t\t<option value=\"Sri Lanka\">Sri Lanka<\/option>\n\t\t\t\t\t\t\t\t\t<option value=\"Xu-\u0111\u0103ng\">Xu-\u0111\u0103ng<\/option>\n\t\t\t\t\t\t\t\t\t<option value=\"Th\u1ee5y \u0110i\u1ec3n\">Th\u1ee5y \u0110i\u1ec3n<\/option>\n\t\t\t\t\t\t\t\t\t<option value=\"Syria\">Syria<\/option>\n\t\t\t\t\t\t\t\t\t<option value=\"\u0110\u00e0i Loan (Trung Qu\u1ed1c)\">\u0110\u00e0i Loan (Trung Qu\u1ed1c)<\/option>\n\t\t\t\t\t\t\t\t\t<option value=\"Tajikistan\">Tajikistan<\/option>\n\t\t\t\t\t\t\t\t\t<option value=\"Tanzania\">Tanzania<\/option>\n\t\t\t\t\t\t\t\t\t<option value=\"Th\u00e1i Lan\">Th\u00e1i Lan<\/option>\n\t\t\t\t\t\t\t\t\t<option value=\"Tuy-ni-di\">Tuy-ni-di<\/option>\n\t\t\t\t\t\t\t\t\t<option value=\"Th\u1ed5 Nh\u0129 K\u1ef3\">Th\u1ed5 Nh\u0129 K\u1ef3<\/option>\n\t\t\t\t\t\t\t\t\t<option value=\"Uganda\">Uganda<\/option>\n\t\t\t\t\t\t\t\t\t<option value=\"Ukraina\">Ukraina<\/option>\n\t\t\t\t\t\t\t\t\t<option value=\"C\u00e1c Ti\u1ec3u V\u01b0\u01a1ng Qu\u1ed1c \u1ea2 R\u1eadp Th\u1ed1ng Nh\u1ea5t\">C\u00e1c Ti\u1ec3u V\u01b0\u01a1ng Qu\u1ed1c \u1ea2 R\u1eadp Th\u1ed1ng Nh\u1ea5t<\/option>\n\t\t\t\t\t\t\t\t\t<option value=\"V\u01b0\u01a1ng qu\u1ed1c Anh\">V\u01b0\u01a1ng qu\u1ed1c Anh<\/option>\n\t\t\t\t\t\t\t\t\t<option value=\"Hoa K\u1ef3\">Hoa K\u1ef3<\/option>\n\t\t\t\t\t\t\t\t\t<option value=\"Uzbekistan\">Uzbekistan<\/option>\n\t\t\t\t\t\t\t\t\t<option value=\"Venezuela\">Venezuela<\/option>\n\t\t\t\t\t\t\t\t\t<option value=\"Vi\u1ec7t Nam\">Vi\u1ec7t Nam<\/option>\n\t\t\t\t\t\t\t\t\t<option value=\"Yemen\">Yemen<\/option>\n\t\t\t\t\t\t\t\t\t<option value=\"Zambia\">Zambia<\/option>\n\t\t\t\t\t\t\t\t\t<option value=\"Zimbabwe  \">Zimbabwe  <\/option>\n\t\t\t\t\t\t\t\t\t<option value=\"Kh\u00e1c\">Kh\u00e1c<\/option>\n\t\t\t\t\t\t\t<\/select>\n\t\t<\/div>\n\t\t\t\t\t\t<\/div>\n\t\t\t\t\t\t\t\t<div class=\"elementor-field-type-text elementor-field-group elementor-column elementor-field-group-message elementor-col-100 elementor-field-required elementor-mark-required\">\n\t\t\t\t\t\t\t\t\t\t\t\t<label for=\"form-field-message\" class=\"elementor-field-label\">\n\t\t\t\t\t\t\t\t\u0110\u1ecba ch\u1ec9 giao h\u00e0ng\t\t\t\t\t\t\t<\/label>\n\t\t\t\t\t\t\t\t\t\t\t\t\t\t<input size=\"1\" type=\"text\" name=\"form_fields[message]\" id=\"form-field-message\" class=\"elementor-field elementor-size-lg  elementor-field-textual\" placeholder=\"Gi\u1ed1ng nh\u01b0 \u0111\u1ecba ch\u1ec9 giao h\u00e0ng c\u1ee7a b\u1ea1n\" required=\"required\">\n\t\t\t\t\t\t\t\t\t\t\t<\/div>\n\t\t\t\t\t\t\t\t<div class=\"elementor-field-type-select elementor-field-group elementor-column elementor-field-group-field_122e96a elementor-col-100 elementor-field-required elementor-mark-required\">\n\t\t\t\t\t\t\t\t\t\t\t\t<label for=\"form-field-field_122e96a\" class=\"elementor-field-label\">\n\t\t\t\t\t\t\t\tS\u1ea3n ph\u1ea9m \u0111\u00e3 mua\t\t\t\t\t\t\t<\/label>\n\t\t\t\t\t\t\t\t<div class=\"elementor-field elementor-select-wrapper remove-before \">\n\t\t\t<div class=\"select-caret-down-wrapper\">\n\t\t\t\t<i aria-hidden=\"true\" class=\"eicon-caret-down\"><\/i>\t\t\t<\/div>\n\t\t\t<select name=\"form_fields[field_122e96a]\" id=\"form-field-field_122e96a\" class=\"elementor-field-textual elementor-size-lg\" required=\"required\">\n\t\t\t\t\t\t\t\t\t<option value=\"\u0110\u1ed3ng h\u1ed3 th\u00f4ng minh GTS 7\">\u0110\u1ed3ng h\u1ed3 th\u00f4ng minh GTS 7<\/option>\n\t\t\t\t\t\t\t\t\t<option value=\" \u0110\u1ed3ng h\u1ed3 th\u00f4ng minh GTS 7 Pro\"> \u0110\u1ed3ng h\u1ed3 th\u00f4ng minh GTS 7 Pro<\/option>\n\t\t\t\t\t\t\t\t\t<option value=\" \u0110\u1ed3ng h\u1ed3 th\u00f4ng minh GTS 8\"> \u0110\u1ed3ng h\u1ed3 th\u00f4ng minh GTS 8<\/option>\n\t\t\t\t\t\t\t\t\t<option value=\" \u0110\u1ed3ng h\u1ed3 th\u00f4ng minh GTR 2\"> \u0110\u1ed3ng h\u1ed3 th\u00f4ng minh GTR 2<\/option>\n\t\t\t\t\t\t\t\t\t<option value=\" \u0110\u1ed3ng h\u1ed3 th\u00f4ng minh GTS 3\"> \u0110\u1ed3ng h\u1ed3 th\u00f4ng minh GTS 3<\/option>\n\t\t\t\t\t\t\t\t\t<option value=\" \u0110\u1ed3ng h\u1ed3 th\u00f4ng minh CX3\"> \u0110\u1ed3ng h\u1ed3 th\u00f4ng minh CX3<\/option>\n\t\t\t\t\t\t\t\t\t<option value=\" M\u00e1y theo d\u00f5i s\u1ee9c kh\u1ecfe GTL 2\"> M\u00e1y theo d\u00f5i s\u1ee9c kh\u1ecfe GTL 2<\/option>\n\t\t\t\t\t\t\t\t\t<option value=\" M\u00e1y theo d\u00f5i s\u1ee9c kh\u1ecfe S5\"> M\u00e1y theo d\u00f5i s\u1ee9c kh\u1ecfe S5<\/option>\n\t\t\t\t\t\t\t\t\t<option value=\" D\u00e2y \u0111eo \u0111\u1ed3ng h\u1ed3 ho\u1eb7c ph\u1ee5 ki\u1ec7n\"> D\u00e2y \u0111eo \u0111\u1ed3ng h\u1ed3 ho\u1eb7c ph\u1ee5 ki\u1ec7n<\/option>\n\t\t\t\t\t\t\t<\/select>\n\t\t<\/div>\n\t\t\t\t\t\t<\/div>\n\t\t\t\t\t\t\t\t<div class=\"elementor-field-type-select elementor-field-group elementor-column elementor-field-group-field_9b6dc52 elementor-col-100 elementor-field-required elementor-mark-required\">\n\t\t\t\t\t\t\t\t\t\t\t\t<label for=\"form-field-field_9b6dc52\" class=\"elementor-field-label\">\n\t\t\t\t\t\t\t\tCh\u00fang t\u00f4i c\u00f3 th\u1ec3 gi\u00fap g\u00ec cho b\u1ea1n?\t\t\t\t\t\t\t<\/label>\n\t\t\t\t\t\t\t\t<div class=\"elementor-field elementor-select-wrapper remove-before \">\n\t\t\t<div class=\"select-caret-down-wrapper\">\n\t\t\t\t<i aria-hidden=\"true\" class=\"eicon-caret-down\"><\/i>\t\t\t<\/div>\n\t\t\t<select name=\"form_fields[field_9b6dc52]\" id=\"form-field-field_9b6dc52\" class=\"elementor-field-textual elementor-size-lg\" required=\"required\">\n\t\t\t\t\t\t\t\t\t<option value=\"T\u00f4i mu\u1ed1n theo d\u00f5i t\u00ecnh tr\u1ea1ng \u0111\u01a1n h\u00e0ng c\u1ee7a m\u00ecnh\">T\u00f4i mu\u1ed1n theo d\u00f5i t\u00ecnh tr\u1ea1ng \u0111\u01a1n h\u00e0ng c\u1ee7a m\u00ecnh<\/option>\n\t\t\t\t\t\t\t\t\t<option value=\" \u0110\u01a1n h\u00e0ng c\u1ee7a t\u00f4i hi\u1ec7n \u0111ang \u1edf \u0111\u00e2u\"> \u0110\u01a1n h\u00e0ng c\u1ee7a t\u00f4i hi\u1ec7n \u0111ang \u1edf \u0111\u00e2u<\/option>\n\t\t\t\t\t\t\t\t\t<option value=\" T\u00f4i c\u00f3 v\u1ea5n \u0111\u1ec1 v\u1edbi s\u1ea3n ph\u1ea9m t\u00f4i nh\u1eadn \u0111\u01b0\u1ee3c\"> T\u00f4i c\u00f3 v\u1ea5n \u0111\u1ec1 v\u1edbi s\u1ea3n ph\u1ea9m t\u00f4i nh\u1eadn \u0111\u01b0\u1ee3c<\/option>\n\t\t\t\t\t\t\t\t\t<option value=\" M\u1ed9t b\u1ed9 ph\u1eadn thay th\u1ebf b\u1ecb thi\u1ebfu ho\u1eb7c b\u1ecb l\u1ed7i\"> M\u1ed9t b\u1ed9 ph\u1eadn thay th\u1ebf b\u1ecb thi\u1ebfu ho\u1eb7c b\u1ecb l\u1ed7i<\/option>\n\t\t\t\t\t\t\t\t\t<option value=\" T\u00f4i mu\u1ed1n thay th\u1ebf ho\u1eb7c tr\u1ea3 l\u1ea1i s\u1ea3n ph\u1ea9m\"> T\u00f4i mu\u1ed1n thay th\u1ebf ho\u1eb7c tr\u1ea3 l\u1ea1i s\u1ea3n ph\u1ea9m<\/option>\n\t\t\t\t\t\t\t\t\t<option value=\" C\u00e2u h\u1ecfi c\u1ee7a t\u00f4i kh\u00f4ng \u0111\u01b0\u1ee3c li\u1ec7t k\u00ea \u1edf tr\u00ean\"> C\u00e2u h\u1ecfi c\u1ee7a t\u00f4i kh\u00f4ng \u0111\u01b0\u1ee3c li\u1ec7t k\u00ea \u1edf tr\u00ean<\/option>\n\t\t\t\t\t\t\t<\/select>\n\t\t<\/div>\n\t\t\t\t\t\t<\/div>\n\t\t\t\t\t\t\t\t<div class=\"elementor-field-type-textarea elementor-field-group elementor-column elementor-field-group-field_4c74c43 elementor-col-100 elementor-field-required elementor-mark-required\">\n\t\t\t\t\t\t\t\t\t\t\t\t<label for=\"form-field-field_4c74c43\" class=\"elementor-field-label\">\n\t\t\t\t\t\t\t\tXin vui l\u00f2ng cho ch\u00fang t\u00f4i bi\u1ebft th\u00eam\t\t\t\t\t\t\t<\/label>\n\t\t\t\t\t\t<textarea class=\"elementor-field-textual elementor-field  elementor-size-lg\" name=\"form_fields[field_4c74c43]\" id=\"form-field-field_4c74c43\" rows=\"4\" placeholder=\"Vui l\u00f2ng n\u00eau r\u00f5 v\u1ea5n \u0111\u1ec1 c\u1ee7a \u0111\u01a1n h\u00e0ng n\u00e0y \u0111\u1ec3 ch\u00fang t\u00f4i c\u00f3 th\u1ec3 h\u1ed7 tr\u1ee3 b\u1ea1n nhanh h\u01a1n.\" required=\"required\"><\/textarea>\t\t\t\t<\/div>\n\t\t\t\t\t\t\t\t<div class=\"elementor-field-type-recaptcha_v3 elementor-field-group elementor-column elementor-field-group-field_80ac2c7 elementor-col-100 recaptcha_v3-bottomright\">\n\t\t\t\t\t<div class=\"elementor-field\" id=\"form-field-field_80ac2c7\"><div class=\"elementor-g-recaptcha\" data-sitekey=\"6LdNqLYpAAAAAEYP-BYym3pk58UYpbhLRD0D_jT_\" data-type=\"v3\" data-action=\"Form\" data-badge=\"bottomright\" data-size=\"invisible\"><\/div><\/div>\t\t\t\t<\/div>\n\t\t\t\t\t\t\t\t<div class=\"elementor-field-group elementor-column elementor-field-type-submit elementor-col-100 e-form__buttons\">\n\t\t\t\t\t<button class=\"elementor-button elementor-size-lg\" type=\"submit\">\n\t\t\t\t\t\t<span class=\"elementor-button-content-wrapper\">\n\t\t\t\t\t\t\t\t\t\t\t\t\t\t\t<span class=\"elementor-button-icon\">\n\t\t\t\t\t\t\t\t\t<i aria-hidden=\"true\" class=\"far fa-arrow-alt-circle-right\"><\/i>\t\t\t\t\t\t\t\t\t\t\t\t\t\t\t\t\t<\/span>\n\t\t\t\t\t\t\t\t\t\t\t\t\t\t\t\t\t\t\t\t\t\t<span class=\"elementor-button-text\">N\u1ed9p ngay<\/span>\n\t\t\t\t\t\t\t\t\t\t\t\t\t<\/span>\n\t\t\t\t\t<\/button>\n\t\t\t\t<\/div>\n\t\t\t<\/div>\n\t\t<\/form>\n\t\t\t\t\t\t<\/div>\n\t\t\t\t<\/div>\n\t\t\t\t\t<\/div>\n\t\t<\/div>\n\t\t\t\t\t<\/div>\n\t\t<\/section>\n\t\t\t\t<\/div>\n\t\t","protected":false},"excerpt":{"rendered":"<p>B\u1ea1n c\u1ea7n h\u1ed7 tr\u1ee3 v\u1ec1 \u0111\u01a1n h\u00e0ng c\u1ee7a m\u00ecnh? H\u00e3y g\u1eedi y\u00eau c\u1ea7u \u0111\u1ebfn nh\u00f3m h\u1ed7 tr\u1ee3 kh\u00e1ch h\u00e0ng c\u1ee7a Runmefit \u0111\u1ec3 theo d\u00f5i l\u00f4 h\u00e0ng c\u1ee7a b\u1ea1n ho\u1eb7c x\u1eed l\u00fd vi\u1ec7c tr\u1ea3 l\u1ea1i ho\u1eb7c \u0111\u1ed5i h\u00e0ng. <\/p>\n","protected":false},"author":1,"featured_media":0,"parent":32667,"menu_order":0,"comment_status":"closed","ping_status":"closed","template":"","meta":{"_seopress_robots_primary_cat":"","_seopress_titles_title":"Nh\u1eadn tr\u1ee3 gi\u00fap v\u1edbi \u0111\u01a1n h\u00e0ng c\u1ee7a t\u00f4i - Runmefit","_seopress_titles_desc":"B\u1ea1n c\u1ea7n h\u1ed7 tr\u1ee3 v\u1ec1 \u0111\u01a1n h\u00e0ng c\u1ee7a m\u00ecnh? H\u00e3y g\u1eedi y\u00eau c\u1ea7u \u0111\u1ebfn nh\u00f3m h\u1ed7 tr\u1ee3 kh\u00e1ch h\u00e0ng c\u1ee7a Runmefit \u0111\u1ec3 theo d\u00f5i l\u00f4 h\u00e0ng c\u1ee7a b\u1ea1n ho\u1eb7c x\u1eed l\u00fd vi\u1ec7c tr\u1ea3 l\u1ea1i ho\u1eb7c \u0111\u1ed5i h\u00e0ng. ","_seopress_robots_index":"","footnotes":""},"class_list":["post-32698","page","type-page","status-publish","hentry"],"_links":{"self":[{"href":"https:\/\/runmefit.com\/vi\/wp-json\/wp\/v2\/pages\/32698","targetHints":{"allow":["GET"]}}],"collection":[{"href":"https:\/\/runmefit.com\/vi\/wp-json\/wp\/v2\/pages"}],"about":[{"href":"https:\/\/runmefit.com\/vi\/wp-json\/wp\/v2\/types\/page"}],"author":[{"embeddable":true,"href":"https:\/\/runmefit.com\/vi\/wp-json\/wp\/v2\/users\/1"}],"replies":[{"embeddable":true,"href":"https:\/\/runmefit.com\/vi\/wp-json\/wp\/v2\/comments?post=32698"}],"version-history":[{"count":0,"href":"https:\/\/runmefit.com\/vi\/wp-json\/wp\/v2\/pages\/32698\/revisions"}],"up":[{"embeddable":true,"href":"https:\/\/runmefit.com\/vi\/wp-json\/wp\/v2\/pages\/32667"}],"wp:attachment":[{"href":"https:\/\/runmefit.com\/vi\/wp-json\/wp\/v2\/media?parent=32698"}],"curies":[{"name":"wp","href":"https:\/\/api.w.org\/{rel}","templated":true}]}}